{"id":1554,"date":"2011-07-27T19:53:04","date_gmt":"2011-07-27T22:53:04","guid":{"rendered":"http:\/\/actiongroup.com.ar\/?page_id=1554"},"modified":"2016-10-03T16:21:54","modified_gmt":"2016-10-03T19:21:54","slug":"gestion-integral-de-recursos-humanos","status":"publish","type":"page","link":"https:\/\/actiongroup.com.ar\/en\/nuestros-servicios\/gestion-integral-de-recursos-humanos\/","title":{"rendered":"Comprehensive Management of the Human Resources Area"},"content":{"rendered":"<p style=\"text-align: center;\">We work with you to design a comprehensive HR project based on your organization&#039;s business plan and focused on optimizing talent management and improving productivity. We provide top-level tools, techniques, and services for this area.<\/p>\n<h2 style=\"text-align: center;\">We offer to design and implement:<\/h2>\n<div class=\"su-spacer\" style=\"height:40px\"><\/div>\n<div class=\"su-row\">\n<div class=\"su-column su-column-size-1-2\"><div class=\"su-column-inner su-u-clearfix su-u-trim\">\n<p><strong>Job Analysis and Evaluation <\/strong>for the personal and professional development of employees and the fulfillment of the organization&#039;s proposed objectives. The result is a Job Manual that serves as the basis for all essential processes: selection, promotion, salaries, and training.<\/p>\n<p><strong>Performance Management Methodologies,<\/strong> Designing a process that fits the organization&#039;s cultural characteristics and enables highly qualified people to meet the business needs, always taking into account individual competencies and business objectives.<\/p>\n<p><strong>Measuring Organizational Climate <\/strong>to understand and work on strengths and weaknesses that allow for change and growth.<\/p>\n<p><strong>360\u00ba Feedback:<\/strong> It enables a systemic process of feedback, communication, and improvement of the work of people in the organization, always geared toward the best results.<\/p>\n<p><strong>Talent Management:<\/strong> Detecting and retaining those people who add value to the organization using top-level technologies.<\/p>\n<p><strong>Crisis Management <\/strong>to capitalize on the available energy in the search for effective and creative solutions to difficult situations.<\/p>\n<p><strong>Internal Communications Management <\/strong>to make available to everyone the information necessary for commitment to improvement.<\/p>\n<p><strong>Outplacement<\/strong><strong>:<\/strong> Career Transition and Assisted Separation Programs help individuals identify and take advantage of job market opportunities while developing the best approach.<\/p>\n<\/div><\/div>\n<div class=\"su-column su-column-size-1-2\"><div class=\"su-column-inner su-u-clearfix su-u-trim\">\n<p><strong><a href=\"http:\/\/actiongroup.com.ar\/en\/desarrollo-organizacional\/\">Organizational Development<\/a>: <\/strong>We work to achieve organizational effectiveness and health by implementing the disciplines of the learning organization. This practical approach enables the strategic alignment of people and organizational processes to achieve objectives. Learn more about organizational development.<\/p>\n<p><strong>Detection, planning and evaluation of Training Actions: <\/strong>We believe that simply organizing training courses for different levels and different areas is not enough. It is necessary to ensure the effectiveness and continuity of training activities. The organization must review the impact of training activities on organizational performance, how this knowledge has been assimilated, and ensure that these courses are aligned with business objectives.<\/p>\n<p><strong>Executive Coaching: <\/strong>Like a sports coach, the Management Coach&#039;s job is to show the best paths to achieving the desired results. Working alongside executives, the Coach helps them focus on what truly matters, helping people realize their full potential. See more <a href=\"http:\/\/www.coachdegestion.com\/\">www.coachdegestion.com<\/a><\/p>\n<p><strong>Leadership Development and Organizational Change: <\/strong>Leadership is a choice, not a position in an organization. It requires developing specific competencies and the will to make things happen. Change management is a fundamental role for the highest levels of any organization. Our consultants support your organization on the path to developing these critical competencies.<strong><br \/>\n<\/strong><\/p>\n<h3><\/h3>\n<\/div><\/div>\n<\/div>\n<div class=\"su-divider su-divider-style-dashed\" style=\"margin:40px 0;border-width:2px;border-color:#e2e2e2\"><\/div>\n<h2 style=\"text-align: center;\">Benefits for your organization<\/h2>\n<p style=\"text-align: center;\">Design and Development of Projects tailored to your needs.<br \/>\nInterdisciplinary team of professionals with field experience in the area of Human Resources.<br \/>\nInternational technology that supports our management.<br \/>\nPersonalized attention.<br \/>\nPermanent support.<\/p>","protected":false},"excerpt":{"rendered":"<p>We designed a Comprehensive HR Project with you based on\u2026 <\/p>","protected":false},"author":3,"featured_media":1626,"parent":2789,"menu_order":0,"comment_status":"closed","ping_status":"closed","template":"template-full-width.php","meta":{"_acf_changed":false,"_crdt_document":"","footnotes":""},"class_list":["post-1554","page","type-page","status-publish","has-post-thumbnail","hentry"],"acf":[],"yoast_head":"<!-- This site is optimized with the Yoast SEO plugin v27.3 - https:\/\/yoast.com\/product\/yoast-seo-wordpress\/ -->\n<title>Gesti\u00f3n Integral del \u00c1rea de Recursos Humanos - Action Group, Education &amp; Consulting<\/title>\n<meta name=\"description\" content=\"Dise\u00f1amos junto a ustedes un Proyecto Integral de RRHH basado en el Plan de Negocios de la organizaci\u00f3n y orientado a la optimizaci\u00f3n de la gesti\u00f3n del\" \/>\n<meta name=\"robots\" content=\"index, follow, max-snippet:-1, max-image-preview:large, max-video-preview:-1\" \/>\n<link rel=\"canonical\" href=\"https:\/\/actiongroup.com.ar\/en\/nuestros-servicios\/gestion-integral-de-recursos-humanos\/\" \/>\n<meta property=\"og:locale\" content=\"en_US\" \/>\n<meta property=\"og:type\" content=\"article\" \/>\n<meta property=\"og:title\" content=\"Gesti\u00f3n Integral del \u00c1rea de Recursos Humanos - Action Group, Education &amp; Consulting\" \/>\n<meta property=\"og:description\" content=\"Dise\u00f1amos junto a ustedes un Proyecto Integral de RRHH basado en el Plan de Negocios de la organizaci\u00f3n y orientado a la optimizaci\u00f3n de la gesti\u00f3n del\" \/>\n<meta property=\"og:url\" content=\"https:\/\/actiongroup.com.ar\/en\/nuestros-servicios\/gestion-integral-de-recursos-humanos\/\" \/>\n<meta property=\"og:site_name\" content=\"Action Group, Education &amp; Consulting\" \/>\n<meta property=\"article:publisher\" content=\"https:\/\/web.facebook.com\/ActionGroup\/?ref=ts&amp;amp%3bamp%3bamp%3bfref=ts\" \/>\n<meta property=\"article:modified_time\" content=\"2016-10-03T19:21:54+00:00\" \/>\n<meta property=\"og:image\" content=\"https:\/\/actiongroup.com.ar\/wp-content\/uploads\/2011\/01\/action.png\" \/>\n\t<meta property=\"og:image:width\" content=\"500\" \/>\n\t<meta property=\"og:image:height\" content=\"500\" \/>\n\t<meta property=\"og:image:type\" content=\"image\/png\" \/>\n<meta name=\"twitter:card\" content=\"summary_large_image\" \/>\n<meta name=\"twitter:site\" content=\"@actiongroup_ar\" \/>\n<meta name=\"twitter:label1\" content=\"Est. reading time\" \/>\n\t<meta name=\"twitter:data1\" content=\"3 minutes\" \/>\n<script type=\"application\/ld+json\" class=\"yoast-schema-graph\">{\"@context\":\"https:\\\/\\\/schema.org\",\"@graph\":[{\"@type\":\"WebPage\",\"@id\":\"https:\\\/\\\/actiongroup.com.ar\\\/nuestros-servicios\\\/gestion-integral-de-recursos-humanos\\\/\",\"url\":\"https:\\\/\\\/actiongroup.com.ar\\\/nuestros-servicios\\\/gestion-integral-de-recursos-humanos\\\/\",\"name\":\"Gesti\u00f3n Integral del \u00c1rea de Recursos Humanos - Action Group, Education &amp; Consulting\",\"isPartOf\":{\"@id\":\"https:\\\/\\\/actiongroup.com.ar\\\/#website\"},\"primaryImageOfPage\":{\"@id\":\"https:\\\/\\\/actiongroup.com.ar\\\/nuestros-servicios\\\/gestion-integral-de-recursos-humanos\\\/#primaryimage\"},\"image\":{\"@id\":\"https:\\\/\\\/actiongroup.com.ar\\\/nuestros-servicios\\\/gestion-integral-de-recursos-humanos\\\/#primaryimage\"},\"thumbnailUrl\":\"https:\\\/\\\/actiongroup.com.ar\\\/wp-content\\\/uploads\\\/2011\\\/01\\\/action.png\",\"datePublished\":\"2011-07-27T22:53:04+00:00\",\"dateModified\":\"2016-10-03T19:21:54+00:00\",\"description\":\"Dise\u00f1amos junto a ustedes un Proyecto Integral de RRHH basado en el Plan de Negocios de la organizaci\u00f3n y orientado a la optimizaci\u00f3n de la gesti\u00f3n del\",\"breadcrumb\":{\"@id\":\"https:\\\/\\\/actiongroup.com.ar\\\/nuestros-servicios\\\/gestion-integral-de-recursos-humanos\\\/#breadcrumb\"},\"inLanguage\":\"en-US\",\"potentialAction\":[{\"@type\":\"ReadAction\",\"target\":[\"https:\\\/\\\/actiongroup.com.ar\\\/nuestros-servicios\\\/gestion-integral-de-recursos-humanos\\\/\"]}]},{\"@type\":\"ImageObject\",\"inLanguage\":\"en-US\",\"@id\":\"https:\\\/\\\/actiongroup.com.ar\\\/nuestros-servicios\\\/gestion-integral-de-recursos-humanos\\\/#primaryimage\",\"url\":\"https:\\\/\\\/actiongroup.com.ar\\\/wp-content\\\/uploads\\\/2011\\\/01\\\/action.png\",\"contentUrl\":\"https:\\\/\\\/actiongroup.com.ar\\\/wp-content\\\/uploads\\\/2011\\\/01\\\/action.png\",\"width\":500,\"height\":500},{\"@type\":\"BreadcrumbList\",\"@id\":\"https:\\\/\\\/actiongroup.com.ar\\\/nuestros-servicios\\\/gestion-integral-de-recursos-humanos\\\/#breadcrumb\",\"itemListElement\":[{\"@type\":\"ListItem\",\"position\":1,\"name\":\"Home\",\"item\":\"https:\\\/\\\/actiongroup.com.ar\\\/\"},{\"@type\":\"ListItem\",\"position\":2,\"name\":\"Nuestros servicios\",\"item\":\"https:\\\/\\\/actiongroup.com.ar\\\/nuestros-servicios\\\/\"},{\"@type\":\"ListItem\",\"position\":3,\"name\":\"Gesti\u00f3n Integral del \u00c1rea de Recursos Humanos\"}]},{\"@type\":\"WebSite\",\"@id\":\"https:\\\/\\\/actiongroup.com.ar\\\/#website\",\"url\":\"https:\\\/\\\/actiongroup.com.ar\\\/\",\"name\":\"Action Group, Education &amp; Consulting\",\"description\":\"Desarrollo Organizacional, Excelencia Operacional, RRHH y Selecci\u00f3n\",\"publisher\":{\"@id\":\"https:\\\/\\\/actiongroup.com.ar\\\/#organization\"},\"potentialAction\":[{\"@type\":\"SearchAction\",\"target\":{\"@type\":\"EntryPoint\",\"urlTemplate\":\"https:\\\/\\\/actiongroup.com.ar\\\/?s={search_term_string}\"},\"query-input\":{\"@type\":\"PropertyValueSpecification\",\"valueRequired\":true,\"valueName\":\"search_term_string\"}}],\"inLanguage\":\"en-US\"},{\"@type\":\"Organization\",\"@id\":\"https:\\\/\\\/actiongroup.com.ar\\\/#organization\",\"name\":\"Action Group, Education & Consulting\",\"url\":\"https:\\\/\\\/actiongroup.com.ar\\\/\",\"logo\":{\"@type\":\"ImageObject\",\"inLanguage\":\"en-US\",\"@id\":\"https:\\\/\\\/actiongroup.com.ar\\\/#\\\/schema\\\/logo\\\/image\\\/\",\"url\":\"https:\\\/\\\/i1.wp.com\\\/www.actiongroup.com.ar\\\/wp-content\\\/uploads\\\/2016\\\/10\\\/logo.png?fit=342%2C69\",\"contentUrl\":\"https:\\\/\\\/i1.wp.com\\\/www.actiongroup.com.ar\\\/wp-content\\\/uploads\\\/2016\\\/10\\\/logo.png?fit=342%2C69\",\"width\":342,\"height\":69,\"caption\":\"Action Group, Education & Consulting\"},\"image\":{\"@id\":\"https:\\\/\\\/actiongroup.com.ar\\\/#\\\/schema\\\/logo\\\/image\\\/\"},\"sameAs\":[\"https:\\\/\\\/web.facebook.com\\\/ActionGroup\\\/?ref=ts&amp;amp;amp;fref=ts\",\"https:\\\/\\\/x.com\\\/actiongroup_ar\",\"https:\\\/\\\/ar.linkedin.com\\\/in\\\/ra\u00fal-a-perez-verzini-b5213b1\\\/es\"]}]}<\/script>\n<!-- \/ Yoast SEO plugin. -->","yoast_head_json":{"title":"Comprehensive Management of the Human Resources Area - Action Group, Education &amp; Consulting","description":"We design with you a Comprehensive HR Project based on the organization&#039;s Business Plan and aimed at optimizing management of the","robots":{"index":"index","follow":"follow","max-snippet":"max-snippet:-1","max-image-preview":"max-image-preview:large","max-video-preview":"max-video-preview:-1"},"canonical":"https:\/\/actiongroup.com.ar\/en\/nuestros-servicios\/gestion-integral-de-recursos-humanos\/","og_locale":"en_US","og_type":"article","og_title":"Gesti\u00f3n Integral del \u00c1rea de Recursos Humanos - Action Group, Education &amp; Consulting","og_description":"Dise\u00f1amos junto a ustedes un Proyecto Integral de RRHH basado en el Plan de Negocios de la organizaci\u00f3n y orientado a la optimizaci\u00f3n de la gesti\u00f3n del","og_url":"https:\/\/actiongroup.com.ar\/en\/nuestros-servicios\/gestion-integral-de-recursos-humanos\/","og_site_name":"Action Group, Education &amp; Consulting","article_publisher":"https:\/\/web.facebook.com\/ActionGroup\/?ref=ts&amp%3bamp%3bamp%3bfref=ts","article_modified_time":"2016-10-03T19:21:54+00:00","og_image":[{"width":500,"height":500,"url":"https:\/\/actiongroup.com.ar\/wp-content\/uploads\/2011\/01\/action.png","type":"image\/png"}],"twitter_card":"summary_large_image","twitter_site":"@actiongroup_ar","twitter_misc":{"Est. reading time":"3 minutes"},"schema":{"@context":"https:\/\/schema.org","@graph":[{"@type":"WebPage","@id":"https:\/\/actiongroup.com.ar\/nuestros-servicios\/gestion-integral-de-recursos-humanos\/","url":"https:\/\/actiongroup.com.ar\/nuestros-servicios\/gestion-integral-de-recursos-humanos\/","name":"Comprehensive Management of the Human Resources Area - Action Group, Education &amp; Consulting","isPartOf":{"@id":"https:\/\/actiongroup.com.ar\/#website"},"primaryImageOfPage":{"@id":"https:\/\/actiongroup.com.ar\/nuestros-servicios\/gestion-integral-de-recursos-humanos\/#primaryimage"},"image":{"@id":"https:\/\/actiongroup.com.ar\/nuestros-servicios\/gestion-integral-de-recursos-humanos\/#primaryimage"},"thumbnailUrl":"https:\/\/actiongroup.com.ar\/wp-content\/uploads\/2011\/01\/action.png","datePublished":"2011-07-27T22:53:04+00:00","dateModified":"2016-10-03T19:21:54+00:00","description":"We design with you a Comprehensive HR Project based on the organization&#039;s Business Plan and aimed at optimizing management of the","breadcrumb":{"@id":"https:\/\/actiongroup.com.ar\/nuestros-servicios\/gestion-integral-de-recursos-humanos\/#breadcrumb"},"inLanguage":"en-US","potentialAction":[{"@type":"ReadAction","target":["https:\/\/actiongroup.com.ar\/nuestros-servicios\/gestion-integral-de-recursos-humanos\/"]}]},{"@type":"ImageObject","inLanguage":"en-US","@id":"https:\/\/actiongroup.com.ar\/nuestros-servicios\/gestion-integral-de-recursos-humanos\/#primaryimage","url":"https:\/\/actiongroup.com.ar\/wp-content\/uploads\/2011\/01\/action.png","contentUrl":"https:\/\/actiongroup.com.ar\/wp-content\/uploads\/2011\/01\/action.png","width":500,"height":500},{"@type":"BreadcrumbList","@id":"https:\/\/actiongroup.com.ar\/nuestros-servicios\/gestion-integral-de-recursos-humanos\/#breadcrumb","itemListElement":[{"@type":"ListItem","position":1,"name":"Home","item":"https:\/\/actiongroup.com.ar\/"},{"@type":"ListItem","position":2,"name":"Nuestros servicios","item":"https:\/\/actiongroup.com.ar\/nuestros-servicios\/"},{"@type":"ListItem","position":3,"name":"Gesti\u00f3n Integral del \u00c1rea de Recursos Humanos"}]},{"@type":"WebSite","@id":"https:\/\/actiongroup.com.ar\/#website","url":"https:\/\/actiongroup.com.ar\/","name":"Action Group, Education &amp; Consulting","description":"Organizational Development, Operational Excellence, HR and Selection","publisher":{"@id":"https:\/\/actiongroup.com.ar\/#organization"},"potentialAction":[{"@type":"SearchAction","target":{"@type":"EntryPoint","urlTemplate":"https:\/\/actiongroup.com.ar\/?s={search_term_string}"},"query-input":{"@type":"PropertyValueSpecification","valueRequired":true,"valueName":"search_term_string"}}],"inLanguage":"en-US"},{"@type":"Organization","@id":"https:\/\/actiongroup.com.ar\/#organization","name":"Action Group, Education &amp; Consulting","url":"https:\/\/actiongroup.com.ar\/","logo":{"@type":"ImageObject","inLanguage":"en-US","@id":"https:\/\/actiongroup.com.ar\/#\/schema\/logo\/image\/","url":"https:\/\/i1.wp.com\/www.actiongroup.com.ar\/wp-content\/uploads\/2016\/10\/logo.png?fit=342%2C69","contentUrl":"https:\/\/i1.wp.com\/www.actiongroup.com.ar\/wp-content\/uploads\/2016\/10\/logo.png?fit=342%2C69","width":342,"height":69,"caption":"Action Group, Education & Consulting"},"image":{"@id":"https:\/\/actiongroup.com.ar\/#\/schema\/logo\/image\/"},"sameAs":["https:\/\/web.facebook.com\/ActionGroup\/?ref=ts&amp;amp;amp;fref=ts","https:\/\/x.com\/actiongroup_ar","https:\/\/ar.linkedin.com\/in\/ra\u00fal-a-perez-verzini-b5213b1\/es"]}]}},"publishpress_future_action":{"enabled":false,"date":"2026-04-17 21:52:44","action":"change-status","newStatus":"draft","terms":[],"taxonomy":"","extraData":[]},"publishpress_future_workflow_manual_trigger":{"enabledWorkflows":[]},"_links":{"self":[{"href":"https:\/\/actiongroup.com.ar\/en\/wp-json\/wp\/v2\/pages\/1554","targetHints":{"allow":["GET"]}}],"collection":[{"href":"https:\/\/actiongroup.com.ar\/en\/wp-json\/wp\/v2\/pages"}],"about":[{"href":"https:\/\/actiongroup.com.ar\/en\/wp-json\/wp\/v2\/types\/page"}],"author":[{"embeddable":true,"href":"https:\/\/actiongroup.com.ar\/en\/wp-json\/wp\/v2\/users\/3"}],"replies":[{"embeddable":true,"href":"https:\/\/actiongroup.com.ar\/en\/wp-json\/wp\/v2\/comments?post=1554"}],"version-history":[{"count":1,"href":"https:\/\/actiongroup.com.ar\/en\/wp-json\/wp\/v2\/pages\/1554\/revisions"}],"predecessor-version":[{"id":3049,"href":"https:\/\/actiongroup.com.ar\/en\/wp-json\/wp\/v2\/pages\/1554\/revisions\/3049"}],"up":[{"embeddable":true,"href":"https:\/\/actiongroup.com.ar\/en\/wp-json\/wp\/v2\/pages\/2789"}],"wp:featuredmedia":[{"embeddable":true,"href":"https:\/\/actiongroup.com.ar\/en\/wp-json\/wp\/v2\/media\/1626"}],"wp:attachment":[{"href":"https:\/\/actiongroup.com.ar\/en\/wp-json\/wp\/v2\/media?parent=1554"}],"curies":[{"name":"wp","href":"https:\/\/api.w.org\/{rel}","templated":true}]}}