{"id":1558,"date":"2011-07-27T19:59:23","date_gmt":"2011-07-27T22:59:23","guid":{"rendered":"http:\/\/actiongroup.com.ar\/?page_id=1558"},"modified":"2025-09-13T22:59:11","modified_gmt":"2025-09-14T01:59:11","slug":"capacitacion-y-entrenamiento","status":"publish","type":"page","link":"https:\/\/actiongroup.com.ar\/en\/nuestros-servicios\/capacitacion-y-entrenamiento\/","title":{"rendered":"Training and Coaching"},"content":{"rendered":"<p class=\"has-text-align-left wp-block-paragraph\"><strong>We offer courses and workshops tailored to boost your organization&#039;s results.<\/strong><br>We accompany the&nbsp;<strong>internal training management<\/strong>&nbsp;as strategic partners in each training action.<br>We develop <strong>Leadership and Continuous Improvement Programs <\/strong>that generate visible results from the start and ensure a <strong>lasting transformation in your organization<\/strong>.<\/p>\n\n\n\n<div class=\"wp-block-columns is-layout-flex wp-container-core-columns-is-layout-8f761849 wp-block-columns-is-layout-flex\">\n<div class=\"wp-block-column is-layout-flow wp-block-column-is-layout-flow\">\n<h3 class=\"wp-block-heading\">Courses for the Development of <br>Soft Skills<\/h3>\n\n\n\n<ul class=\"wp-block-list\">\n<li>Teamwork<\/li>\n\n\n\n<li>Tools for effective communication<\/li>\n\n\n\n<li>Middle Management Training Workshop<\/li>\n\n\n\n<li>Problem Analysis and Team Decision Making<\/li>\n\n\n\n<li>Kaizen Teian. New trend in Proposal Systems.<\/li>\n<\/ul>\n<\/div>\n\n\n\n<div class=\"wp-block-column is-layout-flow wp-block-column-is-layout-flow\">\n<h3 class=\"wp-block-heading\">Experiential Workshops<\/h3>\n\n\n\n<ul class=\"wp-block-list\">\n<li>The effectiveness of teamwork<\/li>\n\n\n\n<li>The importance of planning and assigning functions<\/li>\n\n\n\n<li>The development of Self-Management Competencies<\/li>\n\n\n\n<li>Techniques for building and leading work teams<\/li>\n\n\n\n<li>Effective communication in the company<\/li>\n\n\n\n<li>Shared Vision and Strategic Planning<\/li>\n\n\n\n<li>Creation of Action Plans and Assignment of Functions<\/li>\n\n\n\n<li>The development of Self-Management Competencies<\/li>\n<\/ul>\n<\/div>\n\n\n\n<div class=\"wp-block-column is-layout-flow wp-block-column-is-layout-flow\">\n<h3 class=\"wp-block-heading\">Theoretical \/ Practical Seminars<br>TPM | Continuous Improvement<\/h3>\n\n\n\n<ul class=\"wp-block-list\">\n<li><a href=\"http:\/\/actiongroup.com.ar\/en\/?p=7\">Theoretical and Practical Course on the 5 \u201cS\u201d Program: Seeds of Organizational Change<\/a><\/li>\n\n\n\n<li><a href=\"http:\/\/actiongroup.com.ar\/en\/?p=120\">TPM Training Course \u2013 Total Productive Maintenance<\/a><\/li>\n\n\n\n<li><a href=\"http:\/\/actiongroup.com.ar\/en\/?p=135\">TPM Pillars \u2013 Human Resources Development \u2013 Education and Training Pillar<\/a><\/li>\n\n\n\n<li><a href=\"http:\/\/actiongroup.com.ar\/en\/?p=148\">SMED Theoretical and Practical Seminar Course: Single-Minute Die Exchange<\/a><\/li>\n\n\n\n<li>Continuous Improvement Tools<\/li>\n\n\n\n<li>Critical Success Factors and Management Indicators.<\/li>\n\n\n\n<li>Visual management: a policy of communication and participation.<\/li>\n<\/ul>\n<\/div>\n<\/div>\n\n\n\n<h3 class=\"wp-block-heading\">&nbsp;<\/h3>\n\n\n\n<p class=\"wp-block-paragraph\">We are specialized in the realization of <strong>Company Games<\/strong> based on German CEFE* technology, whose focus is <strong>Experiential Workshops<\/strong> to facilitate group learning.<\/p>\n\n\n\n<div style=\"height:39px\" aria-hidden=\"true\" class=\"wp-block-spacer\"><\/div>\n\n\n\n<div class=\"wp-block-buttons is-content-justification-center is-layout-flex wp-container-core-buttons-is-layout-fe48e5de wp-block-buttons-is-layout-flex\">\n<div class=\"wp-block-button is-style-fill\"><a class=\"wp-block-button__link has-white-color has-text-color has-background has-link-color has-medium-font-size has-custom-font-size wp-element-button\" href=\"http:\/\/actiongroup.com.ar\/en\/contacto\/\" style=\"border-top-left-radius:0px;border-top-right-radius:0px;border-bottom-left-radius:0px;border-bottom-right-radius:0px;background-color:#bf001f\">Contact us<\/a><\/div>\n<\/div>\n\n\n\n<div style=\"height:40px\" aria-hidden=\"true\" class=\"wp-block-spacer\"><\/div>\n\n\n\n<hr class=\"wp-block-separator has-text-color has-alpha-channel-opacity has-background is-style-wide\" style=\"background-color:#e2e2e2;color:#e2e2e2\"\/>\n\n\n\n<h2 class=\"wp-block-heading has-text-align-center\">Benefits for your organization<\/h2>\n\n\n\n<p class=\"has-text-align-center wp-block-paragraph\">Quick transfer to practice<br>Adaptation to the particular needs of your company<br>Measurable and observable results<br>Knowledge installed in the organization once the process is completed<br>Professional training management<br>Post-coaching<\/p>\n\n\n\n<div style=\"height:100px\" aria-hidden=\"true\" class=\"wp-block-spacer\"><\/div>\n\n\n\n<p class=\"wp-block-paragraph\"><br><small>* CEFE: Competency based Economies through Formation of Enterprise. CEFE is Trademark of Deutsche Gesellschaft f\u00fcr Technische Zusammenarbeit (GTZ) GmbH <\/small><\/p>\n\n\n\n<p class=\"wp-block-paragraph\">&nbsp;<\/p>","protected":false},"excerpt":{"rendered":"<p>We offer tailor-made courses and workshops to boost\u2026 <\/p>","protected":false},"author":4,"featured_media":1626,"parent":2789,"menu_order":0,"comment_status":"closed","ping_status":"closed","template":"template-full-width.php","meta":{"_acf_changed":false,"_crdt_document":"","footnotes":""},"class_list":["post-1558","page","type-page","status-publish","has-post-thumbnail","hentry"],"acf":[],"yoast_head":"<!-- This site is optimized with the Yoast SEO plugin v27.3 - https:\/\/yoast.com\/product\/yoast-seo-wordpress\/ -->\n<title>Capacitaci\u00f3n y Entrenamiento - Action Group, Education &amp; Consulting<\/title>\n<meta name=\"description\" content=\"Ofrecemos Cursos y Talleres dise\u00f1ados a medida para impulsar los resultados de su organizaci\u00f3n.Acompa\u00f1amos la&nbsp;gesti\u00f3n interna de la\" \/>\n<meta name=\"robots\" content=\"index, follow, max-snippet:-1, max-image-preview:large, max-video-preview:-1\" \/>\n<link rel=\"canonical\" href=\"https:\/\/actiongroup.com.ar\/en\/nuestros-servicios\/capacitacion-y-entrenamiento\/\" \/>\n<meta property=\"og:locale\" content=\"en_US\" \/>\n<meta property=\"og:type\" content=\"article\" \/>\n<meta property=\"og:title\" content=\"Capacitaci\u00f3n y Entrenamiento - Action Group, Education &amp; Consulting\" \/>\n<meta property=\"og:description\" content=\"Ofrecemos Cursos y Talleres dise\u00f1ados a medida para impulsar los resultados de su organizaci\u00f3n.Acompa\u00f1amos la&nbsp;gesti\u00f3n interna de la\" \/>\n<meta property=\"og:url\" content=\"https:\/\/actiongroup.com.ar\/en\/nuestros-servicios\/capacitacion-y-entrenamiento\/\" \/>\n<meta property=\"og:site_name\" content=\"Action Group, Education &amp; Consulting\" \/>\n<meta property=\"article:publisher\" content=\"https:\/\/web.facebook.com\/ActionGroup\/?ref=ts&amp;amp%3bamp%3bamp%3bfref=ts\" \/>\n<meta property=\"article:modified_time\" content=\"2025-09-14T01:59:11+00:00\" \/>\n<meta property=\"og:image\" content=\"http:\/\/actiongroup.com.ar\/wp-content\/uploads\/2011\/01\/action.png\" \/>\n\t<meta property=\"og:image:width\" content=\"500\" \/>\n\t<meta property=\"og:image:height\" content=\"500\" \/>\n\t<meta property=\"og:image:type\" content=\"image\/png\" \/>\n<meta name=\"twitter:card\" content=\"summary_large_image\" \/>\n<meta name=\"twitter:site\" content=\"@actiongroup_ar\" \/>\n<meta name=\"twitter:label1\" content=\"Est. reading time\" \/>\n\t<meta name=\"twitter:data1\" content=\"2 minutes\" \/>\n<script type=\"application\/ld+json\" class=\"yoast-schema-graph\">{\"@context\":\"https:\\\/\\\/schema.org\",\"@graph\":[{\"@type\":\"WebPage\",\"@id\":\"https:\\\/\\\/actiongroup.com.ar\\\/nuestros-servicios\\\/capacitacion-y-entrenamiento\\\/\",\"url\":\"https:\\\/\\\/actiongroup.com.ar\\\/nuestros-servicios\\\/capacitacion-y-entrenamiento\\\/\",\"name\":\"Capacitaci\u00f3n y Entrenamiento - Action Group, Education &amp; Consulting\",\"isPartOf\":{\"@id\":\"https:\\\/\\\/actiongroup.com.ar\\\/#website\"},\"primaryImageOfPage\":{\"@id\":\"https:\\\/\\\/actiongroup.com.ar\\\/nuestros-servicios\\\/capacitacion-y-entrenamiento\\\/#primaryimage\"},\"image\":{\"@id\":\"https:\\\/\\\/actiongroup.com.ar\\\/nuestros-servicios\\\/capacitacion-y-entrenamiento\\\/#primaryimage\"},\"thumbnailUrl\":\"https:\\\/\\\/actiongroup.com.ar\\\/wp-content\\\/uploads\\\/2011\\\/01\\\/action.png\",\"datePublished\":\"2011-07-27T22:59:23+00:00\",\"dateModified\":\"2025-09-14T01:59:11+00:00\",\"description\":\"Ofrecemos Cursos y Talleres dise\u00f1ados a medida para impulsar los resultados de su organizaci\u00f3n.Acompa\u00f1amos la&nbsp;gesti\u00f3n interna de la\",\"breadcrumb\":{\"@id\":\"https:\\\/\\\/actiongroup.com.ar\\\/nuestros-servicios\\\/capacitacion-y-entrenamiento\\\/#breadcrumb\"},\"inLanguage\":\"en-US\",\"potentialAction\":[{\"@type\":\"ReadAction\",\"target\":[\"https:\\\/\\\/actiongroup.com.ar\\\/nuestros-servicios\\\/capacitacion-y-entrenamiento\\\/\"]}]},{\"@type\":\"ImageObject\",\"inLanguage\":\"en-US\",\"@id\":\"https:\\\/\\\/actiongroup.com.ar\\\/nuestros-servicios\\\/capacitacion-y-entrenamiento\\\/#primaryimage\",\"url\":\"https:\\\/\\\/actiongroup.com.ar\\\/wp-content\\\/uploads\\\/2011\\\/01\\\/action.png\",\"contentUrl\":\"https:\\\/\\\/actiongroup.com.ar\\\/wp-content\\\/uploads\\\/2011\\\/01\\\/action.png\",\"width\":500,\"height\":500},{\"@type\":\"BreadcrumbList\",\"@id\":\"https:\\\/\\\/actiongroup.com.ar\\\/nuestros-servicios\\\/capacitacion-y-entrenamiento\\\/#breadcrumb\",\"itemListElement\":[{\"@type\":\"ListItem\",\"position\":1,\"name\":\"Home\",\"item\":\"https:\\\/\\\/actiongroup.com.ar\\\/\"},{\"@type\":\"ListItem\",\"position\":2,\"name\":\"Nuestros servicios\",\"item\":\"https:\\\/\\\/actiongroup.com.ar\\\/nuestros-servicios\\\/\"},{\"@type\":\"ListItem\",\"position\":3,\"name\":\"Capacitaci\u00f3n y Entrenamiento\"}]},{\"@type\":\"WebSite\",\"@id\":\"https:\\\/\\\/actiongroup.com.ar\\\/#website\",\"url\":\"https:\\\/\\\/actiongroup.com.ar\\\/\",\"name\":\"Action Group, Education &amp; Consulting\",\"description\":\"Desarrollo Organizacional, Excelencia Operacional, RRHH y Selecci\u00f3n\",\"publisher\":{\"@id\":\"https:\\\/\\\/actiongroup.com.ar\\\/#organization\"},\"potentialAction\":[{\"@type\":\"SearchAction\",\"target\":{\"@type\":\"EntryPoint\",\"urlTemplate\":\"https:\\\/\\\/actiongroup.com.ar\\\/?s={search_term_string}\"},\"query-input\":{\"@type\":\"PropertyValueSpecification\",\"valueRequired\":true,\"valueName\":\"search_term_string\"}}],\"inLanguage\":\"en-US\"},{\"@type\":\"Organization\",\"@id\":\"https:\\\/\\\/actiongroup.com.ar\\\/#organization\",\"name\":\"Action Group, Education & Consulting\",\"url\":\"https:\\\/\\\/actiongroup.com.ar\\\/\",\"logo\":{\"@type\":\"ImageObject\",\"inLanguage\":\"en-US\",\"@id\":\"https:\\\/\\\/actiongroup.com.ar\\\/#\\\/schema\\\/logo\\\/image\\\/\",\"url\":\"https:\\\/\\\/i1.wp.com\\\/www.actiongroup.com.ar\\\/wp-content\\\/uploads\\\/2016\\\/10\\\/logo.png?fit=342%2C69\",\"contentUrl\":\"https:\\\/\\\/i1.wp.com\\\/www.actiongroup.com.ar\\\/wp-content\\\/uploads\\\/2016\\\/10\\\/logo.png?fit=342%2C69\",\"width\":342,\"height\":69,\"caption\":\"Action Group, Education & Consulting\"},\"image\":{\"@id\":\"https:\\\/\\\/actiongroup.com.ar\\\/#\\\/schema\\\/logo\\\/image\\\/\"},\"sameAs\":[\"https:\\\/\\\/web.facebook.com\\\/ActionGroup\\\/?ref=ts&amp;amp;amp;fref=ts\",\"https:\\\/\\\/x.com\\\/actiongroup_ar\",\"https:\\\/\\\/ar.linkedin.com\\\/in\\\/ra\u00fal-a-perez-verzini-b5213b1\\\/es\"]}]}<\/script>\n<!-- \/ Yoast SEO plugin. -->","yoast_head_json":{"title":"Training and Coaching - Action Group, Education &amp; Consulting","description":"We offer tailor-made courses and workshops to boost your organization&#039;s results. We support the internal management of the","robots":{"index":"index","follow":"follow","max-snippet":"max-snippet:-1","max-image-preview":"max-image-preview:large","max-video-preview":"max-video-preview:-1"},"canonical":"https:\/\/actiongroup.com.ar\/en\/nuestros-servicios\/capacitacion-y-entrenamiento\/","og_locale":"en_US","og_type":"article","og_title":"Capacitaci\u00f3n y Entrenamiento - Action Group, Education &amp; Consulting","og_description":"Ofrecemos Cursos y Talleres dise\u00f1ados a medida para impulsar los resultados de su organizaci\u00f3n.Acompa\u00f1amos la&nbsp;gesti\u00f3n interna de la","og_url":"https:\/\/actiongroup.com.ar\/en\/nuestros-servicios\/capacitacion-y-entrenamiento\/","og_site_name":"Action Group, Education &amp; Consulting","article_publisher":"https:\/\/web.facebook.com\/ActionGroup\/?ref=ts&amp%3bamp%3bamp%3bfref=ts","article_modified_time":"2025-09-14T01:59:11+00:00","og_image":[{"width":500,"height":500,"url":"http:\/\/actiongroup.com.ar\/wp-content\/uploads\/2011\/01\/action.png","type":"image\/png"}],"twitter_card":"summary_large_image","twitter_site":"@actiongroup_ar","twitter_misc":{"Est. reading time":"2 minutes"},"schema":{"@context":"https:\/\/schema.org","@graph":[{"@type":"WebPage","@id":"https:\/\/actiongroup.com.ar\/nuestros-servicios\/capacitacion-y-entrenamiento\/","url":"https:\/\/actiongroup.com.ar\/nuestros-servicios\/capacitacion-y-entrenamiento\/","name":"Training and Coaching - Action Group, Education &amp; Consulting","isPartOf":{"@id":"https:\/\/actiongroup.com.ar\/#website"},"primaryImageOfPage":{"@id":"https:\/\/actiongroup.com.ar\/nuestros-servicios\/capacitacion-y-entrenamiento\/#primaryimage"},"image":{"@id":"https:\/\/actiongroup.com.ar\/nuestros-servicios\/capacitacion-y-entrenamiento\/#primaryimage"},"thumbnailUrl":"https:\/\/actiongroup.com.ar\/wp-content\/uploads\/2011\/01\/action.png","datePublished":"2011-07-27T22:59:23+00:00","dateModified":"2025-09-14T01:59:11+00:00","description":"We offer tailor-made courses and workshops to boost your organization&#039;s results. We support the internal management of the","breadcrumb":{"@id":"https:\/\/actiongroup.com.ar\/nuestros-servicios\/capacitacion-y-entrenamiento\/#breadcrumb"},"inLanguage":"en-US","potentialAction":[{"@type":"ReadAction","target":["https:\/\/actiongroup.com.ar\/nuestros-servicios\/capacitacion-y-entrenamiento\/"]}]},{"@type":"ImageObject","inLanguage":"en-US","@id":"https:\/\/actiongroup.com.ar\/nuestros-servicios\/capacitacion-y-entrenamiento\/#primaryimage","url":"https:\/\/actiongroup.com.ar\/wp-content\/uploads\/2011\/01\/action.png","contentUrl":"https:\/\/actiongroup.com.ar\/wp-content\/uploads\/2011\/01\/action.png","width":500,"height":500},{"@type":"BreadcrumbList","@id":"https:\/\/actiongroup.com.ar\/nuestros-servicios\/capacitacion-y-entrenamiento\/#breadcrumb","itemListElement":[{"@type":"ListItem","position":1,"name":"Home","item":"https:\/\/actiongroup.com.ar\/"},{"@type":"ListItem","position":2,"name":"Nuestros servicios","item":"https:\/\/actiongroup.com.ar\/nuestros-servicios\/"},{"@type":"ListItem","position":3,"name":"Capacitaci\u00f3n y Entrenamiento"}]},{"@type":"WebSite","@id":"https:\/\/actiongroup.com.ar\/#website","url":"https:\/\/actiongroup.com.ar\/","name":"Action Group, Education &amp; Consulting","description":"Organizational Development, Operational Excellence, HR and Selection","publisher":{"@id":"https:\/\/actiongroup.com.ar\/#organization"},"potentialAction":[{"@type":"SearchAction","target":{"@type":"EntryPoint","urlTemplate":"https:\/\/actiongroup.com.ar\/?s={search_term_string}"},"query-input":{"@type":"PropertyValueSpecification","valueRequired":true,"valueName":"search_term_string"}}],"inLanguage":"en-US"},{"@type":"Organization","@id":"https:\/\/actiongroup.com.ar\/#organization","name":"Action Group, Education &amp; Consulting","url":"https:\/\/actiongroup.com.ar\/","logo":{"@type":"ImageObject","inLanguage":"en-US","@id":"https:\/\/actiongroup.com.ar\/#\/schema\/logo\/image\/","url":"https:\/\/i1.wp.com\/www.actiongroup.com.ar\/wp-content\/uploads\/2016\/10\/logo.png?fit=342%2C69","contentUrl":"https:\/\/i1.wp.com\/www.actiongroup.com.ar\/wp-content\/uploads\/2016\/10\/logo.png?fit=342%2C69","width":342,"height":69,"caption":"Action Group, Education & Consulting"},"image":{"@id":"https:\/\/actiongroup.com.ar\/#\/schema\/logo\/image\/"},"sameAs":["https:\/\/web.facebook.com\/ActionGroup\/?ref=ts&amp;amp;amp;fref=ts","https:\/\/x.com\/actiongroup_ar","https:\/\/ar.linkedin.com\/in\/ra\u00fal-a-perez-verzini-b5213b1\/es"]}]}},"publishpress_future_action":{"enabled":false,"date":"2026-04-17 21:52:44","action":"change-status","newStatus":"draft","terms":[],"taxonomy":"","extraData":[]},"publishpress_future_workflow_manual_trigger":{"enabledWorkflows":[]},"_links":{"self":[{"href":"https:\/\/actiongroup.com.ar\/en\/wp-json\/wp\/v2\/pages\/1558","targetHints":{"allow":["GET"]}}],"collection":[{"href":"https:\/\/actiongroup.com.ar\/en\/wp-json\/wp\/v2\/pages"}],"about":[{"href":"https:\/\/actiongroup.com.ar\/en\/wp-json\/wp\/v2\/types\/page"}],"author":[{"embeddable":true,"href":"https:\/\/actiongroup.com.ar\/en\/wp-json\/wp\/v2\/users\/4"}],"replies":[{"embeddable":true,"href":"https:\/\/actiongroup.com.ar\/en\/wp-json\/wp\/v2\/comments?post=1558"}],"version-history":[{"count":23,"href":"https:\/\/actiongroup.com.ar\/en\/wp-json\/wp\/v2\/pages\/1558\/revisions"}],"predecessor-version":[{"id":17862,"href":"https:\/\/actiongroup.com.ar\/en\/wp-json\/wp\/v2\/pages\/1558\/revisions\/17862"}],"up":[{"embeddable":true,"href":"https:\/\/actiongroup.com.ar\/en\/wp-json\/wp\/v2\/pages\/2789"}],"wp:featuredmedia":[{"embeddable":true,"href":"https:\/\/actiongroup.com.ar\/en\/wp-json\/wp\/v2\/media\/1626"}],"wp:attachment":[{"href":"https:\/\/actiongroup.com.ar\/en\/wp-json\/wp\/v2\/media?parent=1558"}],"curies":[{"name":"wp","href":"https:\/\/api.w.org\/{rel}","templated":true}]}}