{"id":127,"date":"2011-01-14T15:17:58","date_gmt":"2011-01-14T18:17:58","guid":{"rendered":"http:\/\/actiongroup.com.ar\/?page_id=127"},"modified":"2016-09-28T14:53:41","modified_gmt":"2016-09-28T17:53:41","slug":"preguntas-frecuentes","status":"publish","type":"page","link":"https:\/\/actiongroup.com.ar\/es\/preguntas-frecuentes\/","title":{"rendered":"Preguntas Frecuentes \u2013 FAQ\u2019s"},"content":{"rendered":"<h3>\u00bfQu\u00e9 es DO: Desarrollo Organizacional?<\/h3>\n<p>Vemos al Desarrollo Organizacional (DO) como el proceso cuidadosamente  planeado de mejorar las organizaciones y lograr el bienestar de sus integrantes  considerando los intereses de ambos. Apunta siempre a optimizar la eficiencia y  eficacia de la organizaci\u00f3n por medio de intervenciones sist\u00e9micas en sus  procesos y en su cultura.<\/p>\n<p><a href=\"http:\/\/actiongroup.com.ar\/preguntas_frecuentes.htm#FAQ\"><\/a><\/p>\n<h3>\u00bfEl DO exige aplicarse a toda la organizaci\u00f3n?<\/h3>\n<p>No necesariamente. Nuestro cliente puede ser una compa\u00f1\u00eda entera, una \u00e1rea  del sector p\u00fablico, una organizaci\u00f3n del sector social, o una peque\u00f1a parte de  una gran organizaci\u00f3n.<\/p>\n<p><a href=\"http:\/\/actiongroup.com.ar\/preguntas_frecuentes.htm#FAQ\"><\/a><\/p>\n<h3>\u00bfPor qu\u00e9 implementar un  proceso de DO?<\/h3>\n<p>Para lograr los objetivos organizacionales<\/p>\n<ul>\n<li>Porque s\u00f3lo si su organizaci\u00f3n emplea buenas  \tpr\u00e1cticas de management ser\u00e1 exitosa.<\/li>\n<li>Porque s\u00f3lo si trata a sus empleados como a  \tusted le gustar\u00eda que  ellos traten a sus clientes, lograr\u00e1 la m\u00edstica de  \tservicio al cliente  que necesita para mantener y mejorar su mercado.<\/li>\n<li>Porque s\u00f3lo si trata bien a sus empleados  \tevitar\u00e1 una rotaci\u00f3n  excesiva, podr\u00e1 retener a los mejores y lograr\u00e1 mejoras  \toperacionales  sostenibles.<\/li>\n<\/ul>\n<p>Para hacer de su organizaci\u00f3n un buen lugar para trabajar<\/p>\n<ul>\n<li>Porque la mayor parte de nuestras vidas  \ttranscurre en el \u00e1mbito del trabajo.<\/li>\n<\/ul>\n<p>El cambio es una constante y el DO es la mejor herramienta para ayudar a las  personas a aceptar y promover el cambio.<\/p>\n<p><a href=\"http:\/\/actiongroup.com.ar\/preguntas_frecuentes.htm#FAQ\"><\/a><\/p>\n<h3>\u00bfPara qu\u00e9  contratar un consultor?<\/h3>\n<p>La consultor\u00eda existe porque una mirada externa puede ayudarlo a resolver  cosas que le preocupan pero que lo cotidiano le impide detenerse a considerar,  cosas que afectan el funcionamiento \u00f3ptimo de su organizaci\u00f3n y que la mirada de  afuera puede evidenciar. El consultor aporta adem\u00e1s un caudal de buenas  pr\u00e1cticas que, asumidas por la organizaci\u00f3n, redundan en beneficios concretos  para \u00e9sta.<\/p>\n<p><a href=\"http:\/\/actiongroup.com.ar\/preguntas_frecuentes.htm#FAQ\"><\/a><\/p>\n<h3>\u00bfEs cara la  consultor\u00eda?<\/h3>\n<p>Siempre existe el prejuicio de que la consultor\u00eda es cara y por lo tanto,  alcanzable s\u00f3lo para las grandes compa\u00f1\u00edas. En realidad esto no es correcto y la  manera de evidenciarlo es considerar la relaci\u00f3n costo \/ beneficio de este  proceso. La consultor\u00eda adecuada es siempre m\u00e1s econ\u00f3mica que las p\u00e9rdidas  ocasionadas por los problemas a resolver.<\/p>\n<p><a href=\"http:\/\/actiongroup.com.ar\/preguntas_frecuentes.htm#FAQ\"><\/a><\/p>\n<h3>\u00bfQu\u00e9 es la Gesti\u00f3n Externa de la Calidad, la Capacitaci\u00f3n  y los Recursos Humanos?<\/h3>\n<p>La tendencia mundial en las organizaciones es dedicar su  esfuerzo principal en las \u00e1reas de negocio que constituyen el core business.  Dejando en manos expertas aquellas \u00e1reas de apoyo que requieren continua  innovaci\u00f3n y expertise.<\/p>\n<p>Implica facilitar la conversi\u00f3n de estas \u00e1reas  en socias estrat\u00e9gicas de su organizaci\u00f3n por medio de una gesti\u00f3n que se adecue  a sus necesidades y capitalice las fortalezas propias de su gente.<\/p>\n<p>Permite a la organizaci\u00f3n ahorrar costos y &#8220;sacarse un  problema&#8221;.<\/p>\n<p>Vea nuestras  ofertas de servicio de tercerizaci\u00f3n:<\/p>\n<p><span style=\"font-size: 15px; font-weight: bold;\">\u00bfHay experiencias de Externalizaci\u00f3n de la Gesti\u00f3n de RRHH?<\/span><\/p>\n<p>S\u00ed. Y muy exitosas. Especialmente en Peque\u00f1as y Medianas empresas en las que  resulta sumamente costoso sostener una Gerencia Interna de Recursos Humanos que  transforme a las personas en una ventaja competitiva para la organizaci\u00f3n. La  Externalizaci\u00f3n posibilita a la empresa contar con los  conocimientos m\u00e1s avanzados en torno a la gesti\u00f3n de Recursos Humanos para  lograr mejoras en la productividad a un costo razonable.<\/p>\n<p>Conozca nuestra propuesta para la  externalizaci\u00f3n de la Gesti\u00f3n de RRHH<\/p>\n<p><a href=\"http:\/\/actiongroup.com.ar\/preguntas_frecuentes.htm#FAQ\"><\/a><\/p>\n<h3>\u00bfEs  siempre burocr\u00e1tica la implementaci\u00f3n de las normas ISO?<\/h3>\n<p>No. Aunque muchos sistemas de calidad basados en las normas ISO sean  burocr\u00e1ticos, este problema no es atribuible a la norma en s\u00ed, sino a la  inadecuada interpretaci\u00f3n y posterior implementaci\u00f3n de los requisitos  normativos. Nuestro enfoque de las Normas de Calidad posibilita una  implementaci\u00f3n orientada a mejorar los resultados organizacionales con un  papeleo m\u00ednimo.  Ver m\u00e1s  sobre nuestro enfoque de la calidad.<\/p>\n<p><a href=\"http:\/\/actiongroup.com.ar\/preguntas_frecuentes.htm#FAQ\"><\/a><\/p>\n<h3>\u00bfQu\u00e9 es TPM (Total Performance Management) (ex Mantenimiento Productivo Total)<\/h3>\n<p>Es un Sistema de Gerenciamiento Integral que enfocado en la educaci\u00f3n de las  personas busca eliminar las p\u00e9rdidas organizacionales empezando por los  equipamientos. Una implementaci\u00f3n consciente del programa permite reducciones  del 50 % del costo de conversi\u00f3n. Desarrollado por el Instituto Japon\u00e9s de  Mantenimiento de Plantas contamos con un equipo de consultores  internacionalmente habilitados para su implementaci\u00f3n.<\/p>\n<p><a href=\"http:\/\/actiongroup.com.ar\/preguntas_frecuentes.htm#FAQ\"><\/a><\/p>\n<h3>\u00bfQu\u00e9 es PSP<span style=\"font-size: xx-small;\"><sup>\u00ae<\/sup><\/span> Producci\u00f3n Sin P\u00e9rdidas?<\/h3>\n<p>Es una metodolog\u00eda desarrollada por un equipo de expertos brasileros y que  adapta a la realidad latinoamericana lo mejor del <strong> Desarrollo  Organizacional<\/strong> y\u00a0 el  <strong> TPM (Mantenimiento  Productivo Total) <\/strong>para crear un sistema de gerenciamiento  \u00fanico en su tipo y de alt\u00edsimo impacto en los resultados.<\/p>\n<p><a href=\"http:\/\/actiongroup.com.ar\/preguntas_frecuentes.htm#FAQ\"><\/a><\/p>\n<h3>\u00bfQu\u00e9 es la Alineaci\u00f3n de Personas y Procesos  Organizacionales para el logro de Objetivos?<\/h3>\n<p>Es una metodolog\u00eda que partiendo de un replanteo de los objetivos  estrat\u00e9gicos de la organizaci\u00f3n y una posterior reingenier\u00eda de procesos,  permite alinear a toda la empresa en pos de los objetivos definidos.<\/p>\n","protected":false},"excerpt":{"rendered":"<p>\u00bfQu\u00e9 es DO: Desarrollo Organizacional? Vemos al Desarrollo Organizacional (DO)&#8230; <\/p>\n","protected":false},"author":4,"featured_media":1748,"parent":0,"menu_order":0,"comment_status":"closed","ping_status":"closed","template":"","meta":{"_acf_changed":false,"_crdt_document":"","footnotes":""},"class_list":["post-127","page","type-page","status-publish","has-post-thumbnail","hentry"],"acf":[],"yoast_head":"<!-- This site is optimized with the Yoast SEO plugin v27.4 - https:\/\/yoast.com\/product\/yoast-seo-wordpress\/ -->\n<title>Preguntas Frecuentes \u2013 FAQ\u2019s - Action Group, Education &amp; Consulting<\/title>\n<meta name=\"description\" content=\"\u00bfQu\u00e9 es DO: Desarrollo Organizacional? Vemos al Desarrollo Organizacional (DO) como el proceso cuidadosamente planeado de mejorar las organizaciones y\" \/>\n<meta name=\"robots\" content=\"index, follow, max-snippet:-1, max-image-preview:large, max-video-preview:-1\" \/>\n<link rel=\"canonical\" href=\"https:\/\/actiongroup.com.ar\/es\/preguntas-frecuentes\/\" \/>\n<meta property=\"og:locale\" content=\"es_ES\" \/>\n<meta property=\"og:type\" content=\"article\" \/>\n<meta property=\"og:title\" content=\"Preguntas Frecuentes \u2013 FAQ\u2019s - Action Group, Education &amp; Consulting\" \/>\n<meta property=\"og:description\" content=\"\u00bfQu\u00e9 es DO: Desarrollo Organizacional? Vemos al Desarrollo Organizacional (DO) como el proceso cuidadosamente planeado de mejorar las organizaciones y\" \/>\n<meta property=\"og:url\" content=\"https:\/\/actiongroup.com.ar\/es\/preguntas-frecuentes\/\" \/>\n<meta property=\"og:site_name\" content=\"Action Group, Education &amp; Consulting\" \/>\n<meta property=\"article:publisher\" content=\"https:\/\/web.facebook.com\/ActionGroup\/?ref=ts&amp;amp%3bamp%3bamp%3bfref=ts\" \/>\n<meta property=\"article:modified_time\" content=\"2016-09-28T17:53:41+00:00\" \/>\n<meta property=\"og:image\" content=\"https:\/\/actiongroup.com.ar\/wp-content\/uploads\/2011\/01\/pregunt.jpg\" \/>\n\t<meta property=\"og:image:width\" content=\"500\" \/>\n\t<meta property=\"og:image:height\" content=\"375\" \/>\n\t<meta property=\"og:image:type\" content=\"image\/jpeg\" \/>\n<meta name=\"twitter:card\" content=\"summary_large_image\" \/>\n<meta name=\"twitter:site\" content=\"@actiongroup_ar\" \/>\n<meta name=\"twitter:label1\" content=\"Tiempo de lectura\" \/>\n\t<meta name=\"twitter:data1\" content=\"4 minutos\" \/>\n<script type=\"application\/ld+json\" class=\"yoast-schema-graph\">{\"@context\":\"https:\\\/\\\/schema.org\",\"@graph\":[{\"@type\":\"WebPage\",\"@id\":\"https:\\\/\\\/actiongroup.com.ar\\\/preguntas-frecuentes\\\/\",\"url\":\"https:\\\/\\\/actiongroup.com.ar\\\/preguntas-frecuentes\\\/\",\"name\":\"Preguntas Frecuentes \u2013 FAQ\u2019s - Action Group, Education &amp; Consulting\",\"isPartOf\":{\"@id\":\"https:\\\/\\\/actiongroup.com.ar\\\/#website\"},\"primaryImageOfPage\":{\"@id\":\"https:\\\/\\\/actiongroup.com.ar\\\/preguntas-frecuentes\\\/#primaryimage\"},\"image\":{\"@id\":\"https:\\\/\\\/actiongroup.com.ar\\\/preguntas-frecuentes\\\/#primaryimage\"},\"thumbnailUrl\":\"https:\\\/\\\/actiongroup.com.ar\\\/wp-content\\\/uploads\\\/2011\\\/01\\\/pregunt.jpg\",\"datePublished\":\"2011-01-14T18:17:58+00:00\",\"dateModified\":\"2016-09-28T17:53:41+00:00\",\"description\":\"\u00bfQu\u00e9 es DO: Desarrollo Organizacional? Vemos al Desarrollo Organizacional (DO) como el proceso cuidadosamente planeado de mejorar las organizaciones y\",\"breadcrumb\":{\"@id\":\"https:\\\/\\\/actiongroup.com.ar\\\/preguntas-frecuentes\\\/#breadcrumb\"},\"inLanguage\":\"es-AR\",\"potentialAction\":[{\"@type\":\"ReadAction\",\"target\":[\"https:\\\/\\\/actiongroup.com.ar\\\/preguntas-frecuentes\\\/\"]}]},{\"@type\":\"ImageObject\",\"inLanguage\":\"es-AR\",\"@id\":\"https:\\\/\\\/actiongroup.com.ar\\\/preguntas-frecuentes\\\/#primaryimage\",\"url\":\"https:\\\/\\\/actiongroup.com.ar\\\/wp-content\\\/uploads\\\/2011\\\/01\\\/pregunt.jpg\",\"contentUrl\":\"https:\\\/\\\/actiongroup.com.ar\\\/wp-content\\\/uploads\\\/2011\\\/01\\\/pregunt.jpg\",\"width\":500,\"height\":375},{\"@type\":\"BreadcrumbList\",\"@id\":\"https:\\\/\\\/actiongroup.com.ar\\\/preguntas-frecuentes\\\/#breadcrumb\",\"itemListElement\":[{\"@type\":\"ListItem\",\"position\":1,\"name\":\"Home\",\"item\":\"https:\\\/\\\/actiongroup.com.ar\\\/\"},{\"@type\":\"ListItem\",\"position\":2,\"name\":\"Preguntas Frecuentes \u2013 FAQ\u2019s\"}]},{\"@type\":\"WebSite\",\"@id\":\"https:\\\/\\\/actiongroup.com.ar\\\/#website\",\"url\":\"https:\\\/\\\/actiongroup.com.ar\\\/\",\"name\":\"Action Group, Education &amp; Consulting\",\"description\":\"Desarrollo Organizacional, Excelencia Operacional, RRHH y Selecci\u00f3n\",\"publisher\":{\"@id\":\"https:\\\/\\\/actiongroup.com.ar\\\/#organization\"},\"potentialAction\":[{\"@type\":\"SearchAction\",\"target\":{\"@type\":\"EntryPoint\",\"urlTemplate\":\"https:\\\/\\\/actiongroup.com.ar\\\/?s={search_term_string}\"},\"query-input\":{\"@type\":\"PropertyValueSpecification\",\"valueRequired\":true,\"valueName\":\"search_term_string\"}}],\"inLanguage\":\"es-AR\"},{\"@type\":\"Organization\",\"@id\":\"https:\\\/\\\/actiongroup.com.ar\\\/#organization\",\"name\":\"Action Group, Education & Consulting\",\"url\":\"https:\\\/\\\/actiongroup.com.ar\\\/\",\"logo\":{\"@type\":\"ImageObject\",\"inLanguage\":\"es-AR\",\"@id\":\"https:\\\/\\\/actiongroup.com.ar\\\/#\\\/schema\\\/logo\\\/image\\\/\",\"url\":\"https:\\\/\\\/i1.wp.com\\\/www.actiongroup.com.ar\\\/wp-content\\\/uploads\\\/2016\\\/10\\\/logo.png?fit=342%2C69\",\"contentUrl\":\"https:\\\/\\\/i1.wp.com\\\/www.actiongroup.com.ar\\\/wp-content\\\/uploads\\\/2016\\\/10\\\/logo.png?fit=342%2C69\",\"width\":342,\"height\":69,\"caption\":\"Action Group, Education & Consulting\"},\"image\":{\"@id\":\"https:\\\/\\\/actiongroup.com.ar\\\/#\\\/schema\\\/logo\\\/image\\\/\"},\"sameAs\":[\"https:\\\/\\\/web.facebook.com\\\/ActionGroup\\\/?ref=ts&amp;amp;amp;fref=ts\",\"https:\\\/\\\/x.com\\\/actiongroup_ar\",\"https:\\\/\\\/ar.linkedin.com\\\/in\\\/ra\u00fal-a-perez-verzini-b5213b1\\\/es\"]}]}<\/script>\n<!-- \/ Yoast SEO plugin. -->","yoast_head_json":{"title":"Preguntas Frecuentes \u2013 FAQ\u2019s - Action Group, Education &amp; Consulting","description":"\u00bfQu\u00e9 es DO: Desarrollo Organizacional? Vemos al Desarrollo Organizacional (DO) como el proceso cuidadosamente planeado de mejorar las organizaciones y","robots":{"index":"index","follow":"follow","max-snippet":"max-snippet:-1","max-image-preview":"max-image-preview:large","max-video-preview":"max-video-preview:-1"},"canonical":"https:\/\/actiongroup.com.ar\/es\/preguntas-frecuentes\/","og_locale":"es_ES","og_type":"article","og_title":"Preguntas Frecuentes \u2013 FAQ\u2019s - Action Group, Education &amp; Consulting","og_description":"\u00bfQu\u00e9 es DO: Desarrollo Organizacional? Vemos al Desarrollo Organizacional (DO) como el proceso cuidadosamente planeado de mejorar las organizaciones y","og_url":"https:\/\/actiongroup.com.ar\/es\/preguntas-frecuentes\/","og_site_name":"Action Group, Education &amp; Consulting","article_publisher":"https:\/\/web.facebook.com\/ActionGroup\/?ref=ts&amp%3bamp%3bamp%3bfref=ts","article_modified_time":"2016-09-28T17:53:41+00:00","og_image":[{"width":500,"height":375,"url":"https:\/\/actiongroup.com.ar\/wp-content\/uploads\/2011\/01\/pregunt.jpg","type":"image\/jpeg"}],"twitter_card":"summary_large_image","twitter_site":"@actiongroup_ar","twitter_misc":{"Tiempo de lectura":"4 minutos"},"schema":{"@context":"https:\/\/schema.org","@graph":[{"@type":"WebPage","@id":"https:\/\/actiongroup.com.ar\/preguntas-frecuentes\/","url":"https:\/\/actiongroup.com.ar\/preguntas-frecuentes\/","name":"Preguntas Frecuentes \u2013 FAQ\u2019s - Action Group, Education &amp; Consulting","isPartOf":{"@id":"https:\/\/actiongroup.com.ar\/#website"},"primaryImageOfPage":{"@id":"https:\/\/actiongroup.com.ar\/preguntas-frecuentes\/#primaryimage"},"image":{"@id":"https:\/\/actiongroup.com.ar\/preguntas-frecuentes\/#primaryimage"},"thumbnailUrl":"https:\/\/actiongroup.com.ar\/wp-content\/uploads\/2011\/01\/pregunt.jpg","datePublished":"2011-01-14T18:17:58+00:00","dateModified":"2016-09-28T17:53:41+00:00","description":"\u00bfQu\u00e9 es DO: Desarrollo Organizacional? Vemos al Desarrollo Organizacional (DO) como el proceso cuidadosamente planeado de mejorar las organizaciones y","breadcrumb":{"@id":"https:\/\/actiongroup.com.ar\/preguntas-frecuentes\/#breadcrumb"},"inLanguage":"es-AR","potentialAction":[{"@type":"ReadAction","target":["https:\/\/actiongroup.com.ar\/preguntas-frecuentes\/"]}]},{"@type":"ImageObject","inLanguage":"es-AR","@id":"https:\/\/actiongroup.com.ar\/preguntas-frecuentes\/#primaryimage","url":"https:\/\/actiongroup.com.ar\/wp-content\/uploads\/2011\/01\/pregunt.jpg","contentUrl":"https:\/\/actiongroup.com.ar\/wp-content\/uploads\/2011\/01\/pregunt.jpg","width":500,"height":375},{"@type":"BreadcrumbList","@id":"https:\/\/actiongroup.com.ar\/preguntas-frecuentes\/#breadcrumb","itemListElement":[{"@type":"ListItem","position":1,"name":"Home","item":"https:\/\/actiongroup.com.ar\/"},{"@type":"ListItem","position":2,"name":"Preguntas Frecuentes \u2013 FAQ\u2019s"}]},{"@type":"WebSite","@id":"https:\/\/actiongroup.com.ar\/#website","url":"https:\/\/actiongroup.com.ar\/","name":"Action Group, Education &amp; Consulting","description":"Desarrollo Organizacional, Excelencia Operacional, RRHH y Selecci\u00f3n","publisher":{"@id":"https:\/\/actiongroup.com.ar\/#organization"},"potentialAction":[{"@type":"SearchAction","target":{"@type":"EntryPoint","urlTemplate":"https:\/\/actiongroup.com.ar\/?s={search_term_string}"},"query-input":{"@type":"PropertyValueSpecification","valueRequired":true,"valueName":"search_term_string"}}],"inLanguage":"es-AR"},{"@type":"Organization","@id":"https:\/\/actiongroup.com.ar\/#organization","name":"Action Group, Education & Consulting","url":"https:\/\/actiongroup.com.ar\/","logo":{"@type":"ImageObject","inLanguage":"es-AR","@id":"https:\/\/actiongroup.com.ar\/#\/schema\/logo\/image\/","url":"https:\/\/i1.wp.com\/www.actiongroup.com.ar\/wp-content\/uploads\/2016\/10\/logo.png?fit=342%2C69","contentUrl":"https:\/\/i1.wp.com\/www.actiongroup.com.ar\/wp-content\/uploads\/2016\/10\/logo.png?fit=342%2C69","width":342,"height":69,"caption":"Action Group, Education & Consulting"},"image":{"@id":"https:\/\/actiongroup.com.ar\/#\/schema\/logo\/image\/"},"sameAs":["https:\/\/web.facebook.com\/ActionGroup\/?ref=ts&amp;amp;amp;fref=ts","https:\/\/x.com\/actiongroup_ar","https:\/\/ar.linkedin.com\/in\/ra\u00fal-a-perez-verzini-b5213b1\/es"]}]}},"publishpress_future_action":{"enabled":false,"date":"2026-05-03 21:38:47","action":"change-status","newStatus":"draft","terms":[],"taxonomy":"","extraData":[]},"publishpress_future_workflow_manual_trigger":{"enabledWorkflows":[]},"_links":{"self":[{"href":"https:\/\/actiongroup.com.ar\/es\/wp-json\/wp\/v2\/pages\/127","targetHints":{"allow":["GET"]}}],"collection":[{"href":"https:\/\/actiongroup.com.ar\/es\/wp-json\/wp\/v2\/pages"}],"about":[{"href":"https:\/\/actiongroup.com.ar\/es\/wp-json\/wp\/v2\/types\/page"}],"author":[{"embeddable":true,"href":"https:\/\/actiongroup.com.ar\/es\/wp-json\/wp\/v2\/users\/4"}],"replies":[{"embeddable":true,"href":"https:\/\/actiongroup.com.ar\/es\/wp-json\/wp\/v2\/comments?post=127"}],"version-history":[{"count":0,"href":"https:\/\/actiongroup.com.ar\/es\/wp-json\/wp\/v2\/pages\/127\/revisions"}],"wp:featuredmedia":[{"embeddable":true,"href":"https:\/\/actiongroup.com.ar\/es\/wp-json\/wp\/v2\/media\/1748"}],"wp:attachment":[{"href":"https:\/\/actiongroup.com.ar\/es\/wp-json\/wp\/v2\/media?parent=127"}],"curies":[{"name":"wp","href":"https:\/\/api.w.org\/{rel}","templated":true}]}}