{"id":1554,"date":"2011-07-27T19:53:04","date_gmt":"2011-07-27T22:53:04","guid":{"rendered":"http:\/\/actiongroup.com.ar\/?page_id=1554"},"modified":"2016-10-03T16:21:54","modified_gmt":"2016-10-03T19:21:54","slug":"gestion-integral-de-recursos-humanos","status":"publish","type":"page","link":"https:\/\/actiongroup.com.ar\/es\/nuestros-servicios\/gestion-integral-de-recursos-humanos\/","title":{"rendered":"Gesti\u00f3n Integral del \u00c1rea de Recursos Humanos"},"content":{"rendered":"<p style=\"text-align: center;\">Dise\u00f1amos junto a ustedes un Proyecto Integral de RRHH basado en el Plan de Negocios de la organizaci\u00f3n y orientado a la optimizaci\u00f3n de la gesti\u00f3n del talento de las personas y la mejora de la productividad.\u00a0Brindamos la posibilidad de contar con herramientas, t\u00e9cnicas y servicios de primer nivel para el \u00e1rea.<\/p>\n<h2 style=\"text-align: center;\">Le ofrecemos dise\u00f1ar e implementar:<\/h2>\n<div class=\"su-spacer\" style=\"height:40px\"><\/div>\n<div class=\"su-row\">\n<div class=\"su-column su-column-size-1-2\"><div class=\"su-column-inner su-u-clearfix su-u-trim\">\n<p><strong>An\u00e1lisis y Evaluaci\u00f3n de Puestos <\/strong>para el desarrollo personal y profesional de los colaboradores y el cumplimiento de los objetivos propuestos por la organizaci\u00f3n. El resultado es un Manual de Puestos que sirve de base para todos los procesos esenciales: selecci\u00f3n, promoci\u00f3n, salarios, formaci\u00f3n.<\/p>\n<p><strong>Metodolog\u00edas de Gesti\u00f3n del Desempe\u00f1o,<\/strong> dise\u00f1ando un proceso que se adecue a las caracter\u00edsticas culturales de la organizaci\u00f3n y posibilite contar con personas altamente calificadas para las necesidades del negocio, siempre tomando en cuenta las competencias individuales y los objetivos empresariales.<\/p>\n<p><strong>Medici\u00f3n del Clima Organizacional <\/strong>para conocer y trabajar sobre las fortalezas y debilidades que permitan el cambio y el crecimiento.<\/p>\n<p><strong>Feedback de 360\u00ba:<\/strong> Permite lograr un proceso sist\u00e9mico de retroalimentaci\u00f3n, comunicaci\u00f3n y mejora del quehacer de las personas en la organizaci\u00f3n, orientados siempre a los mejores resultados.<\/p>\n<p><strong>Gesti\u00f3n del Talento:<\/strong> detectando y reteniendo aquellas personas que aportan valor agregado a la organizaci\u00f3n utilizando tecnolog\u00edas de primer nivel.<\/p>\n<p><strong>Gesti\u00f3n de Crisis <\/strong>para capitalizar la energ\u00eda disponible en la b\u00fasqueda de salidas efectivas y creativas a las situaciones dif\u00edciles.<\/p>\n<p><strong>Gesti\u00f3n de las Comunicaciones Internas <\/strong>para poner a disposici\u00f3n de todos la informaci\u00f3n necesaria para el compromiso con la mejora.<\/p>\n<p><strong>Outplacement<\/strong><strong>:<\/strong> Programas de Transici\u00f3n de Carrera y Desvinculaci\u00f3n Asistida que ayudan a la persona a detectar y aprovechar las oportunidades del mercado laboral al mismo tiempo que trabajar sobre la mejor estrategia de abordaje.<\/p>\n<\/div><\/div>\n<div class=\"su-column su-column-size-1-2\"><div class=\"su-column-inner su-u-clearfix su-u-trim\">\n<p><strong><a href=\"http:\/\/actiongroup.com.ar\/desarrollo-organizacional\/\">Desarrollo Organizacional<\/a>: <\/strong>Trabajamos para lograr la efectividad y la salud de la organizaci\u00f3n mediante la implementaci\u00f3n de las disciplinas de la organizaci\u00f3n inteligente. Este enfoque pr\u00e1ctico permite el alineamiento estrat\u00e9gico de personas y procesos organizacionales para el logro de los objetivos. Ver m\u00e1s sobre desarrollo organizacional.<\/p>\n<p><strong>Detecci\u00f3n, planificaci\u00f3n y evaluaci\u00f3n de las Acciones Formativas: <\/strong>creemos que no basta con organizar cursos de capacitaci\u00f3n y entrenamiento para los distintos niveles y las distintas \u00e1reas. Es necesario asegurarse la efectividad y continuidad de las acciones formativas. La organizaci\u00f3n debe chequear qu\u00e9 impacto han tenido las acciones de formaci\u00f3n en el desempe\u00f1o organizacional, c\u00f3mo han sido asimilados esos conocimientos y hacer que los mismos est\u00e9n alineados a los objetivos empresariales.<\/p>\n<p><strong>Coaching Ejecutivo: <\/strong>Al igual que un coach deportivo, la tarea del Coach de Gesti\u00f3n es mostrar los mejores caminos para alcanzar los mejores resultados deseados. Trabajando a la par de los ejecutivos, el Coach ayuda a focalizarse en las cosas que verdaderamente importan ayudando a las personas a realizar su mayor potencial. Ver m\u00e1s <a href=\"http:\/\/www.coachdegestion.com\/\">www.coachdegestion.com<\/a><\/p>\n<p><strong>Desarrollo del Liderazgo y Cambio Organizacional: <\/strong>El liderazgo es una opci\u00f3n no una posici\u00f3n en la organizaci\u00f3n. Requiere desarrollar competencias espec\u00edficas y la voluntad de hacer que la cosas sucedan. La gesti\u00f3n del cambio es el rol fundamental de los niveles superiores de cualquier organizaci\u00f3n. Nuestros consultores acopa\u00f1an a su organizaci\u00f3n en el camino del desarrollo de estas competencias cr\u00edticas.<strong><br \/>\n<\/strong><\/p>\n<h3><\/h3>\n<\/div><\/div>\n<\/div>\n<div class=\"su-divider su-divider-style-dashed\" style=\"margin:40px 0;border-width:2px;border-color:#e2e2e2\"><\/div>\n<h2 style=\"text-align: center;\">Beneficios para su organizaci\u00f3n<\/h2>\n<p style=\"text-align: center;\">Dise\u00f1o y Desarrollo de Proyectos ajustados a sus necesidades.<br \/>\nEquipo interdisciplinario de profesionales con experiencia de campo en el \u00e1rea de Recursos Humanos.<br \/>\nTecnolog\u00eda internacional que respalda nuestra gesti\u00f3n.<br \/>\nAtenci\u00f3n personalizada.<br \/>\nSoporte permanente.<\/p>\n","protected":false},"excerpt":{"rendered":"<p>Dise\u00f1amos junto a ustedes un Proyecto Integral de RRHH basado&#8230; <\/p>\n","protected":false},"author":3,"featured_media":1626,"parent":2789,"menu_order":0,"comment_status":"closed","ping_status":"closed","template":"template-full-width.php","meta":{"_acf_changed":false,"_crdt_document":"","footnotes":""},"class_list":["post-1554","page","type-page","status-publish","has-post-thumbnail","hentry"],"acf":[],"yoast_head":"<!-- This site is optimized with the Yoast SEO plugin v27.3 - https:\/\/yoast.com\/product\/yoast-seo-wordpress\/ -->\n<title>Gesti\u00f3n Integral del \u00c1rea de Recursos Humanos - Action Group, Education &amp; Consulting<\/title>\n<meta name=\"description\" content=\"Dise\u00f1amos junto a ustedes un Proyecto Integral de RRHH basado en el Plan de Negocios de la organizaci\u00f3n y orientado a la optimizaci\u00f3n de la gesti\u00f3n del\" \/>\n<meta name=\"robots\" content=\"index, follow, max-snippet:-1, max-image-preview:large, max-video-preview:-1\" \/>\n<link rel=\"canonical\" href=\"https:\/\/actiongroup.com.ar\/es\/nuestros-servicios\/gestion-integral-de-recursos-humanos\/\" \/>\n<meta property=\"og:locale\" content=\"es_ES\" \/>\n<meta property=\"og:type\" content=\"article\" \/>\n<meta property=\"og:title\" content=\"Gesti\u00f3n Integral del \u00c1rea de Recursos Humanos - Action Group, Education &amp; Consulting\" \/>\n<meta property=\"og:description\" content=\"Dise\u00f1amos junto a ustedes un Proyecto Integral de RRHH basado en el Plan de Negocios de la organizaci\u00f3n y orientado a la optimizaci\u00f3n de la gesti\u00f3n del\" \/>\n<meta property=\"og:url\" content=\"https:\/\/actiongroup.com.ar\/es\/nuestros-servicios\/gestion-integral-de-recursos-humanos\/\" \/>\n<meta property=\"og:site_name\" content=\"Action Group, Education &amp; Consulting\" \/>\n<meta property=\"article:publisher\" content=\"https:\/\/web.facebook.com\/ActionGroup\/?ref=ts&amp;amp%3bamp%3bamp%3bfref=ts\" \/>\n<meta property=\"article:modified_time\" content=\"2016-10-03T19:21:54+00:00\" \/>\n<meta property=\"og:image\" content=\"https:\/\/actiongroup.com.ar\/wp-content\/uploads\/2011\/01\/action.png\" \/>\n\t<meta property=\"og:image:width\" content=\"500\" \/>\n\t<meta property=\"og:image:height\" content=\"500\" \/>\n\t<meta property=\"og:image:type\" content=\"image\/png\" \/>\n<meta name=\"twitter:card\" content=\"summary_large_image\" \/>\n<meta name=\"twitter:site\" content=\"@actiongroup_ar\" \/>\n<meta name=\"twitter:label1\" content=\"Tiempo de lectura\" \/>\n\t<meta name=\"twitter:data1\" content=\"3 minutos\" \/>\n<script type=\"application\/ld+json\" class=\"yoast-schema-graph\">{\"@context\":\"https:\\\/\\\/schema.org\",\"@graph\":[{\"@type\":\"WebPage\",\"@id\":\"https:\\\/\\\/actiongroup.com.ar\\\/nuestros-servicios\\\/gestion-integral-de-recursos-humanos\\\/\",\"url\":\"https:\\\/\\\/actiongroup.com.ar\\\/nuestros-servicios\\\/gestion-integral-de-recursos-humanos\\\/\",\"name\":\"Gesti\u00f3n Integral del \u00c1rea de Recursos Humanos - Action Group, Education &amp; Consulting\",\"isPartOf\":{\"@id\":\"https:\\\/\\\/actiongroup.com.ar\\\/#website\"},\"primaryImageOfPage\":{\"@id\":\"https:\\\/\\\/actiongroup.com.ar\\\/nuestros-servicios\\\/gestion-integral-de-recursos-humanos\\\/#primaryimage\"},\"image\":{\"@id\":\"https:\\\/\\\/actiongroup.com.ar\\\/nuestros-servicios\\\/gestion-integral-de-recursos-humanos\\\/#primaryimage\"},\"thumbnailUrl\":\"https:\\\/\\\/actiongroup.com.ar\\\/wp-content\\\/uploads\\\/2011\\\/01\\\/action.png\",\"datePublished\":\"2011-07-27T22:53:04+00:00\",\"dateModified\":\"2016-10-03T19:21:54+00:00\",\"description\":\"Dise\u00f1amos junto a ustedes un Proyecto Integral de RRHH basado en el Plan de Negocios de la organizaci\u00f3n y orientado a la optimizaci\u00f3n de la gesti\u00f3n del\",\"breadcrumb\":{\"@id\":\"https:\\\/\\\/actiongroup.com.ar\\\/nuestros-servicios\\\/gestion-integral-de-recursos-humanos\\\/#breadcrumb\"},\"inLanguage\":\"es-AR\",\"potentialAction\":[{\"@type\":\"ReadAction\",\"target\":[\"https:\\\/\\\/actiongroup.com.ar\\\/nuestros-servicios\\\/gestion-integral-de-recursos-humanos\\\/\"]}]},{\"@type\":\"ImageObject\",\"inLanguage\":\"es-AR\",\"@id\":\"https:\\\/\\\/actiongroup.com.ar\\\/nuestros-servicios\\\/gestion-integral-de-recursos-humanos\\\/#primaryimage\",\"url\":\"https:\\\/\\\/actiongroup.com.ar\\\/wp-content\\\/uploads\\\/2011\\\/01\\\/action.png\",\"contentUrl\":\"https:\\\/\\\/actiongroup.com.ar\\\/wp-content\\\/uploads\\\/2011\\\/01\\\/action.png\",\"width\":500,\"height\":500},{\"@type\":\"BreadcrumbList\",\"@id\":\"https:\\\/\\\/actiongroup.com.ar\\\/nuestros-servicios\\\/gestion-integral-de-recursos-humanos\\\/#breadcrumb\",\"itemListElement\":[{\"@type\":\"ListItem\",\"position\":1,\"name\":\"Home\",\"item\":\"https:\\\/\\\/actiongroup.com.ar\\\/\"},{\"@type\":\"ListItem\",\"position\":2,\"name\":\"Nuestros servicios\",\"item\":\"https:\\\/\\\/actiongroup.com.ar\\\/nuestros-servicios\\\/\"},{\"@type\":\"ListItem\",\"position\":3,\"name\":\"Gesti\u00f3n Integral del \u00c1rea de Recursos Humanos\"}]},{\"@type\":\"WebSite\",\"@id\":\"https:\\\/\\\/actiongroup.com.ar\\\/#website\",\"url\":\"https:\\\/\\\/actiongroup.com.ar\\\/\",\"name\":\"Action Group, Education &amp; Consulting\",\"description\":\"Desarrollo Organizacional, Excelencia Operacional, RRHH y Selecci\u00f3n\",\"publisher\":{\"@id\":\"https:\\\/\\\/actiongroup.com.ar\\\/#organization\"},\"potentialAction\":[{\"@type\":\"SearchAction\",\"target\":{\"@type\":\"EntryPoint\",\"urlTemplate\":\"https:\\\/\\\/actiongroup.com.ar\\\/?s={search_term_string}\"},\"query-input\":{\"@type\":\"PropertyValueSpecification\",\"valueRequired\":true,\"valueName\":\"search_term_string\"}}],\"inLanguage\":\"es-AR\"},{\"@type\":\"Organization\",\"@id\":\"https:\\\/\\\/actiongroup.com.ar\\\/#organization\",\"name\":\"Action Group, Education & Consulting\",\"url\":\"https:\\\/\\\/actiongroup.com.ar\\\/\",\"logo\":{\"@type\":\"ImageObject\",\"inLanguage\":\"es-AR\",\"@id\":\"https:\\\/\\\/actiongroup.com.ar\\\/#\\\/schema\\\/logo\\\/image\\\/\",\"url\":\"https:\\\/\\\/i1.wp.com\\\/www.actiongroup.com.ar\\\/wp-content\\\/uploads\\\/2016\\\/10\\\/logo.png?fit=342%2C69\",\"contentUrl\":\"https:\\\/\\\/i1.wp.com\\\/www.actiongroup.com.ar\\\/wp-content\\\/uploads\\\/2016\\\/10\\\/logo.png?fit=342%2C69\",\"width\":342,\"height\":69,\"caption\":\"Action Group, Education & Consulting\"},\"image\":{\"@id\":\"https:\\\/\\\/actiongroup.com.ar\\\/#\\\/schema\\\/logo\\\/image\\\/\"},\"sameAs\":[\"https:\\\/\\\/web.facebook.com\\\/ActionGroup\\\/?ref=ts&amp;amp;amp;fref=ts\",\"https:\\\/\\\/x.com\\\/actiongroup_ar\",\"https:\\\/\\\/ar.linkedin.com\\\/in\\\/ra\u00fal-a-perez-verzini-b5213b1\\\/es\"]}]}<\/script>\n<!-- \/ Yoast SEO plugin. -->","yoast_head_json":{"title":"Gesti\u00f3n Integral del \u00c1rea de Recursos Humanos - Action Group, Education &amp; Consulting","description":"Dise\u00f1amos junto a ustedes un Proyecto Integral de RRHH basado en el Plan de Negocios de la organizaci\u00f3n y orientado a la optimizaci\u00f3n de la gesti\u00f3n del","robots":{"index":"index","follow":"follow","max-snippet":"max-snippet:-1","max-image-preview":"max-image-preview:large","max-video-preview":"max-video-preview:-1"},"canonical":"https:\/\/actiongroup.com.ar\/es\/nuestros-servicios\/gestion-integral-de-recursos-humanos\/","og_locale":"es_ES","og_type":"article","og_title":"Gesti\u00f3n Integral del \u00c1rea de Recursos Humanos - Action Group, Education &amp; Consulting","og_description":"Dise\u00f1amos junto a ustedes un Proyecto Integral de RRHH basado en el Plan de Negocios de la organizaci\u00f3n y orientado a la optimizaci\u00f3n de la gesti\u00f3n del","og_url":"https:\/\/actiongroup.com.ar\/es\/nuestros-servicios\/gestion-integral-de-recursos-humanos\/","og_site_name":"Action Group, Education &amp; Consulting","article_publisher":"https:\/\/web.facebook.com\/ActionGroup\/?ref=ts&amp%3bamp%3bamp%3bfref=ts","article_modified_time":"2016-10-03T19:21:54+00:00","og_image":[{"width":500,"height":500,"url":"https:\/\/actiongroup.com.ar\/wp-content\/uploads\/2011\/01\/action.png","type":"image\/png"}],"twitter_card":"summary_large_image","twitter_site":"@actiongroup_ar","twitter_misc":{"Tiempo de lectura":"3 minutos"},"schema":{"@context":"https:\/\/schema.org","@graph":[{"@type":"WebPage","@id":"https:\/\/actiongroup.com.ar\/nuestros-servicios\/gestion-integral-de-recursos-humanos\/","url":"https:\/\/actiongroup.com.ar\/nuestros-servicios\/gestion-integral-de-recursos-humanos\/","name":"Gesti\u00f3n Integral del \u00c1rea de Recursos Humanos - Action Group, Education &amp; Consulting","isPartOf":{"@id":"https:\/\/actiongroup.com.ar\/#website"},"primaryImageOfPage":{"@id":"https:\/\/actiongroup.com.ar\/nuestros-servicios\/gestion-integral-de-recursos-humanos\/#primaryimage"},"image":{"@id":"https:\/\/actiongroup.com.ar\/nuestros-servicios\/gestion-integral-de-recursos-humanos\/#primaryimage"},"thumbnailUrl":"https:\/\/actiongroup.com.ar\/wp-content\/uploads\/2011\/01\/action.png","datePublished":"2011-07-27T22:53:04+00:00","dateModified":"2016-10-03T19:21:54+00:00","description":"Dise\u00f1amos junto a ustedes un Proyecto Integral de RRHH basado en el Plan de Negocios de la organizaci\u00f3n y orientado a la optimizaci\u00f3n de la gesti\u00f3n del","breadcrumb":{"@id":"https:\/\/actiongroup.com.ar\/nuestros-servicios\/gestion-integral-de-recursos-humanos\/#breadcrumb"},"inLanguage":"es-AR","potentialAction":[{"@type":"ReadAction","target":["https:\/\/actiongroup.com.ar\/nuestros-servicios\/gestion-integral-de-recursos-humanos\/"]}]},{"@type":"ImageObject","inLanguage":"es-AR","@id":"https:\/\/actiongroup.com.ar\/nuestros-servicios\/gestion-integral-de-recursos-humanos\/#primaryimage","url":"https:\/\/actiongroup.com.ar\/wp-content\/uploads\/2011\/01\/action.png","contentUrl":"https:\/\/actiongroup.com.ar\/wp-content\/uploads\/2011\/01\/action.png","width":500,"height":500},{"@type":"BreadcrumbList","@id":"https:\/\/actiongroup.com.ar\/nuestros-servicios\/gestion-integral-de-recursos-humanos\/#breadcrumb","itemListElement":[{"@type":"ListItem","position":1,"name":"Home","item":"https:\/\/actiongroup.com.ar\/"},{"@type":"ListItem","position":2,"name":"Nuestros servicios","item":"https:\/\/actiongroup.com.ar\/nuestros-servicios\/"},{"@type":"ListItem","position":3,"name":"Gesti\u00f3n Integral del \u00c1rea de Recursos Humanos"}]},{"@type":"WebSite","@id":"https:\/\/actiongroup.com.ar\/#website","url":"https:\/\/actiongroup.com.ar\/","name":"Action Group, Education &amp; Consulting","description":"Desarrollo Organizacional, Excelencia Operacional, RRHH y Selecci\u00f3n","publisher":{"@id":"https:\/\/actiongroup.com.ar\/#organization"},"potentialAction":[{"@type":"SearchAction","target":{"@type":"EntryPoint","urlTemplate":"https:\/\/actiongroup.com.ar\/?s={search_term_string}"},"query-input":{"@type":"PropertyValueSpecification","valueRequired":true,"valueName":"search_term_string"}}],"inLanguage":"es-AR"},{"@type":"Organization","@id":"https:\/\/actiongroup.com.ar\/#organization","name":"Action Group, Education & Consulting","url":"https:\/\/actiongroup.com.ar\/","logo":{"@type":"ImageObject","inLanguage":"es-AR","@id":"https:\/\/actiongroup.com.ar\/#\/schema\/logo\/image\/","url":"https:\/\/i1.wp.com\/www.actiongroup.com.ar\/wp-content\/uploads\/2016\/10\/logo.png?fit=342%2C69","contentUrl":"https:\/\/i1.wp.com\/www.actiongroup.com.ar\/wp-content\/uploads\/2016\/10\/logo.png?fit=342%2C69","width":342,"height":69,"caption":"Action Group, Education & Consulting"},"image":{"@id":"https:\/\/actiongroup.com.ar\/#\/schema\/logo\/image\/"},"sameAs":["https:\/\/web.facebook.com\/ActionGroup\/?ref=ts&amp;amp;amp;fref=ts","https:\/\/x.com\/actiongroup_ar","https:\/\/ar.linkedin.com\/in\/ra\u00fal-a-perez-verzini-b5213b1\/es"]}]}},"publishpress_future_action":{"enabled":false,"date":"2026-04-13 19:34:33","action":"change-status","newStatus":"draft","terms":[],"taxonomy":"","extraData":[]},"publishpress_future_workflow_manual_trigger":{"enabledWorkflows":[]},"_links":{"self":[{"href":"https:\/\/actiongroup.com.ar\/es\/wp-json\/wp\/v2\/pages\/1554","targetHints":{"allow":["GET"]}}],"collection":[{"href":"https:\/\/actiongroup.com.ar\/es\/wp-json\/wp\/v2\/pages"}],"about":[{"href":"https:\/\/actiongroup.com.ar\/es\/wp-json\/wp\/v2\/types\/page"}],"author":[{"embeddable":true,"href":"https:\/\/actiongroup.com.ar\/es\/wp-json\/wp\/v2\/users\/3"}],"replies":[{"embeddable":true,"href":"https:\/\/actiongroup.com.ar\/es\/wp-json\/wp\/v2\/comments?post=1554"}],"version-history":[{"count":1,"href":"https:\/\/actiongroup.com.ar\/es\/wp-json\/wp\/v2\/pages\/1554\/revisions"}],"predecessor-version":[{"id":3049,"href":"https:\/\/actiongroup.com.ar\/es\/wp-json\/wp\/v2\/pages\/1554\/revisions\/3049"}],"up":[{"embeddable":true,"href":"https:\/\/actiongroup.com.ar\/es\/wp-json\/wp\/v2\/pages\/2789"}],"wp:featuredmedia":[{"embeddable":true,"href":"https:\/\/actiongroup.com.ar\/es\/wp-json\/wp\/v2\/media\/1626"}],"wp:attachment":[{"href":"https:\/\/actiongroup.com.ar\/es\/wp-json\/wp\/v2\/media?parent=1554"}],"curies":[{"name":"wp","href":"https:\/\/api.w.org\/{rel}","templated":true}]}}