{"id":1556,"date":"2011-07-27T19:57:14","date_gmt":"2011-07-27T22:57:14","guid":{"rendered":"http:\/\/actiongroup.com.ar\/?page_id=1556"},"modified":"2016-09-28T15:59:14","modified_gmt":"2016-09-28T18:59:14","slug":"selectora-de-personal-cordoba-argentina","status":"publish","type":"page","link":"https:\/\/actiongroup.com.ar\/es\/nuestros-servicios\/selectora-de-personal-cordoba-argentina\/","title":{"rendered":"B\u00fasqueda y Selecci\u00f3n de Personal"},"content":{"rendered":"<div class=\"su-row\">\n<div class=\"su-column su-column-size-2-3\"><div class=\"su-column-inner su-u-clearfix su-u-trim\">\n<p>Las organizaciones pueden contratar a la persona incorrecta si los criterios para seleccionar a los empleados no son definidos adecuadamente.<\/p>\n<p>Muchos de los aspectos que llevan al buen desempe\u00f1o de un empleado son dif\u00edciles de pronosticar. En Action Group, Education &amp; Consulting ayudamos a las organizaciones a tomar mejores decisiones en el momento de contratar nuevos empleados.<\/p>\n<h2>Lo ayudamos a<\/h2>\n<p>Identificar y atraer a su empresa a los potenciales integrantes que puedan cubrir eficientemente las posiciones que su organizaci\u00f3n requiera.<\/p>\n<p>Colaboramos en definir las necesidades de la organizaci\u00f3n, los puestos de trabajo y en asesorar y evaluar las aptitudes de los candidatos as\u00ed como la capacidad de que \u00e9stos puedan integrarse con \u00e9xito en la empresa.<\/p>\n<p>Como parte del proceso entrevistamos a los miembros del equipo donde se insertar\u00e1 el elegido y ayudamos a la organizaci\u00f3n a dise\u00f1ar las entrevistas de los candidatos.<\/p>\n<h2>Nuestros Servicios<\/h2>\n<div class=\"su-list\" style=\"margin-left:0px\">\n<ul>\n<li><i class=\"sui sui-user\" style=\"color:#4c6096\"><\/i> B\u00fasqueda y selecci\u00f3n<\/li>\n<li><i class=\"sui sui-user\" style=\"color:#4c6096\"><\/i> Informes psicol\u00f3gicos, m\u00e9dicos, preocupacionales, laborales y\u00a0ambientales<\/li>\n<li><i class=\"sui sui-user\" style=\"color:#4c6096\"><\/i> Assessment Center<\/li>\n<li><i class=\"sui sui-user\" style=\"color:#4c6096\"><\/i> Programas de Inducci\u00f3n<\/li>\n<li><i class=\"sui sui-user\" style=\"color:#4c6096\"><\/i> Estudio de Escalas Remunerativas<\/li>\n<li><i class=\"sui sui-user\" style=\"color:#4c6096\"><\/i> Diagn\u00f3stico individual para movimientos internos y\/o rotaci\u00f3n como parte de la Gesti\u00f3n Integral de RRHH<\/li>\n<\/ul>\n<\/div>\n<\/div><\/div>\n<div class=\"su-column su-column-size-1-3 bgcolumn\"><div class=\"su-column-inner su-u-clearfix su-u-trim\">\n<h2>Beneficios para su organizaci\u00f3n<\/h2>\n<ul>\n<li>Equipo interdisciplinario con amplio conocimiento y expertise en el mercado laboral.<\/li>\n<li>Oficinas en las principales ciudades de nuestro pa\u00eds.<\/li>\n<li>Con alianzas estrat\u00e9gicas que nos permiten actuar en distintas regiones de Am\u00e9rica Latina.<\/li>\n<li>Atentos a las nuevas demandas del mercado y a sus permanentes cambios.<\/li>\n<li>Seguimiento personalizado del desempe\u00f1o del ingresante y su adaptaci\u00f3n al nuevo trabajo.<\/li>\n<li>Candidatos evaluados por las competencias que le demanda el puesto a desempe\u00f1ar.<\/li>\n<li>Seriedad, responsabilidad y confidencialidad en los Procesos (tanto para las Empresas clientes como para los potenciales candidatos)<\/li>\n<li>Garant\u00edas sobre nuestro trabajo.<\/li>\n<\/ul>\n<\/div><\/div>\n<\/div>\n<div class=\"su-divider su-divider-style-dashed\" style=\"margin:40px 0;border-width:2px;border-color:#e2e2e2\"><\/div>\n<div class=\"su-button-center\"><a href=\"http:\/\/actiongroup.com.ar\/contacto\" class=\"su-button su-button-style-flat\" style=\"color:#FFFFFF;background-color:#bf001f;border-color:#990019;border-radius:0px\" target=\"_self\"><span style=\"color:#FFFFFF;padding:8px 24px;font-size:18px;line-height:27px;border-color:#d34d63;border-radius:0px;text-shadow:none\"><i class=\"sui sui-envelope\" style=\"font-size:18px;color:#FFFFFF\"><\/i> Contactenos<\/span><\/a><\/div>\n","protected":false},"excerpt":{"rendered":"","protected":false},"author":2,"featured_media":0,"parent":2789,"menu_order":0,"comment_status":"closed","ping_status":"closed","template":"template-full-width.php","meta":{"_acf_changed":false,"_crdt_document":"","footnotes":""},"class_list":["post-1556","page","type-page","status-publish","hentry"],"acf":[],"yoast_head":"<!-- This site is optimized with the Yoast SEO plugin v27.3 - https:\/\/yoast.com\/product\/yoast-seo-wordpress\/ -->\n<title>B\u00fasqueda y Selecci\u00f3n de Personal - Action Group, Education &amp; Consulting<\/title>\n<meta name=\"robots\" content=\"index, follow, max-snippet:-1, max-image-preview:large, max-video-preview:-1\" \/>\n<link rel=\"canonical\" href=\"https:\/\/actiongroup.com.ar\/es\/nuestros-servicios\/selectora-de-personal-cordoba-argentina\/\" \/>\n<meta property=\"og:locale\" content=\"es_ES\" \/>\n<meta property=\"og:type\" content=\"article\" \/>\n<meta property=\"og:title\" content=\"B\u00fasqueda y Selecci\u00f3n de Personal - Action Group, Education &amp; Consulting\" \/>\n<meta property=\"og:url\" content=\"https:\/\/actiongroup.com.ar\/es\/nuestros-servicios\/selectora-de-personal-cordoba-argentina\/\" \/>\n<meta property=\"og:site_name\" content=\"Action Group, Education &amp; Consulting\" \/>\n<meta property=\"article:publisher\" content=\"https:\/\/web.facebook.com\/ActionGroup\/?ref=ts&amp;amp%3bamp%3bamp%3bfref=ts\" \/>\n<meta property=\"article:modified_time\" content=\"2016-09-28T18:59:14+00:00\" \/>\n<meta name=\"twitter:card\" content=\"summary_large_image\" \/>\n<meta name=\"twitter:site\" content=\"@actiongroup_ar\" \/>\n<meta name=\"twitter:label1\" content=\"Tiempo de lectura\" \/>\n\t<meta name=\"twitter:data1\" content=\"2 minutos\" \/>\n<script type=\"application\/ld+json\" class=\"yoast-schema-graph\">{\"@context\":\"https:\\\/\\\/schema.org\",\"@graph\":[{\"@type\":\"WebPage\",\"@id\":\"https:\\\/\\\/actiongroup.com.ar\\\/nuestros-servicios\\\/selectora-de-personal-cordoba-argentina\\\/\",\"url\":\"https:\\\/\\\/actiongroup.com.ar\\\/nuestros-servicios\\\/selectora-de-personal-cordoba-argentina\\\/\",\"name\":\"B\u00fasqueda y Selecci\u00f3n de Personal - Action Group, Education &amp; Consulting\",\"isPartOf\":{\"@id\":\"https:\\\/\\\/actiongroup.com.ar\\\/#website\"},\"datePublished\":\"2011-07-27T22:57:14+00:00\",\"dateModified\":\"2016-09-28T18:59:14+00:00\",\"breadcrumb\":{\"@id\":\"https:\\\/\\\/actiongroup.com.ar\\\/nuestros-servicios\\\/selectora-de-personal-cordoba-argentina\\\/#breadcrumb\"},\"inLanguage\":\"es-AR\",\"potentialAction\":[{\"@type\":\"ReadAction\",\"target\":[\"https:\\\/\\\/actiongroup.com.ar\\\/nuestros-servicios\\\/selectora-de-personal-cordoba-argentina\\\/\"]}]},{\"@type\":\"BreadcrumbList\",\"@id\":\"https:\\\/\\\/actiongroup.com.ar\\\/nuestros-servicios\\\/selectora-de-personal-cordoba-argentina\\\/#breadcrumb\",\"itemListElement\":[{\"@type\":\"ListItem\",\"position\":1,\"name\":\"Home\",\"item\":\"https:\\\/\\\/actiongroup.com.ar\\\/\"},{\"@type\":\"ListItem\",\"position\":2,\"name\":\"Nuestros servicios\",\"item\":\"https:\\\/\\\/actiongroup.com.ar\\\/nuestros-servicios\\\/\"},{\"@type\":\"ListItem\",\"position\":3,\"name\":\"B\u00fasqueda y Selecci\u00f3n de Personal\"}]},{\"@type\":\"WebSite\",\"@id\":\"https:\\\/\\\/actiongroup.com.ar\\\/#website\",\"url\":\"https:\\\/\\\/actiongroup.com.ar\\\/\",\"name\":\"Action Group, Education &amp; Consulting\",\"description\":\"Desarrollo Organizacional, Excelencia Operacional, RRHH y Selecci\u00f3n\",\"publisher\":{\"@id\":\"https:\\\/\\\/actiongroup.com.ar\\\/#organization\"},\"potentialAction\":[{\"@type\":\"SearchAction\",\"target\":{\"@type\":\"EntryPoint\",\"urlTemplate\":\"https:\\\/\\\/actiongroup.com.ar\\\/?s={search_term_string}\"},\"query-input\":{\"@type\":\"PropertyValueSpecification\",\"valueRequired\":true,\"valueName\":\"search_term_string\"}}],\"inLanguage\":\"es-AR\"},{\"@type\":\"Organization\",\"@id\":\"https:\\\/\\\/actiongroup.com.ar\\\/#organization\",\"name\":\"Action Group, Education & Consulting\",\"url\":\"https:\\\/\\\/actiongroup.com.ar\\\/\",\"logo\":{\"@type\":\"ImageObject\",\"inLanguage\":\"es-AR\",\"@id\":\"https:\\\/\\\/actiongroup.com.ar\\\/#\\\/schema\\\/logo\\\/image\\\/\",\"url\":\"https:\\\/\\\/i1.wp.com\\\/www.actiongroup.com.ar\\\/wp-content\\\/uploads\\\/2016\\\/10\\\/logo.png?fit=342%2C69\",\"contentUrl\":\"https:\\\/\\\/i1.wp.com\\\/www.actiongroup.com.ar\\\/wp-content\\\/uploads\\\/2016\\\/10\\\/logo.png?fit=342%2C69\",\"width\":342,\"height\":69,\"caption\":\"Action Group, Education & Consulting\"},\"image\":{\"@id\":\"https:\\\/\\\/actiongroup.com.ar\\\/#\\\/schema\\\/logo\\\/image\\\/\"},\"sameAs\":[\"https:\\\/\\\/web.facebook.com\\\/ActionGroup\\\/?ref=ts&amp;amp;amp;fref=ts\",\"https:\\\/\\\/x.com\\\/actiongroup_ar\",\"https:\\\/\\\/ar.linkedin.com\\\/in\\\/ra\u00fal-a-perez-verzini-b5213b1\\\/es\"]}]}<\/script>\n<!-- \/ Yoast SEO plugin. -->","yoast_head_json":{"title":"B\u00fasqueda y Selecci\u00f3n de Personal - Action Group, Education &amp; Consulting","robots":{"index":"index","follow":"follow","max-snippet":"max-snippet:-1","max-image-preview":"max-image-preview:large","max-video-preview":"max-video-preview:-1"},"canonical":"https:\/\/actiongroup.com.ar\/es\/nuestros-servicios\/selectora-de-personal-cordoba-argentina\/","og_locale":"es_ES","og_type":"article","og_title":"B\u00fasqueda y Selecci\u00f3n de Personal - Action Group, Education &amp; Consulting","og_url":"https:\/\/actiongroup.com.ar\/es\/nuestros-servicios\/selectora-de-personal-cordoba-argentina\/","og_site_name":"Action Group, Education &amp; Consulting","article_publisher":"https:\/\/web.facebook.com\/ActionGroup\/?ref=ts&amp%3bamp%3bamp%3bfref=ts","article_modified_time":"2016-09-28T18:59:14+00:00","twitter_card":"summary_large_image","twitter_site":"@actiongroup_ar","twitter_misc":{"Tiempo de lectura":"2 minutos"},"schema":{"@context":"https:\/\/schema.org","@graph":[{"@type":"WebPage","@id":"https:\/\/actiongroup.com.ar\/nuestros-servicios\/selectora-de-personal-cordoba-argentina\/","url":"https:\/\/actiongroup.com.ar\/nuestros-servicios\/selectora-de-personal-cordoba-argentina\/","name":"B\u00fasqueda y Selecci\u00f3n de Personal - Action Group, Education &amp; Consulting","isPartOf":{"@id":"https:\/\/actiongroup.com.ar\/#website"},"datePublished":"2011-07-27T22:57:14+00:00","dateModified":"2016-09-28T18:59:14+00:00","breadcrumb":{"@id":"https:\/\/actiongroup.com.ar\/nuestros-servicios\/selectora-de-personal-cordoba-argentina\/#breadcrumb"},"inLanguage":"es-AR","potentialAction":[{"@type":"ReadAction","target":["https:\/\/actiongroup.com.ar\/nuestros-servicios\/selectora-de-personal-cordoba-argentina\/"]}]},{"@type":"BreadcrumbList","@id":"https:\/\/actiongroup.com.ar\/nuestros-servicios\/selectora-de-personal-cordoba-argentina\/#breadcrumb","itemListElement":[{"@type":"ListItem","position":1,"name":"Home","item":"https:\/\/actiongroup.com.ar\/"},{"@type":"ListItem","position":2,"name":"Nuestros servicios","item":"https:\/\/actiongroup.com.ar\/nuestros-servicios\/"},{"@type":"ListItem","position":3,"name":"B\u00fasqueda y Selecci\u00f3n de Personal"}]},{"@type":"WebSite","@id":"https:\/\/actiongroup.com.ar\/#website","url":"https:\/\/actiongroup.com.ar\/","name":"Action Group, Education &amp; Consulting","description":"Desarrollo Organizacional, Excelencia Operacional, RRHH y Selecci\u00f3n","publisher":{"@id":"https:\/\/actiongroup.com.ar\/#organization"},"potentialAction":[{"@type":"SearchAction","target":{"@type":"EntryPoint","urlTemplate":"https:\/\/actiongroup.com.ar\/?s={search_term_string}"},"query-input":{"@type":"PropertyValueSpecification","valueRequired":true,"valueName":"search_term_string"}}],"inLanguage":"es-AR"},{"@type":"Organization","@id":"https:\/\/actiongroup.com.ar\/#organization","name":"Action Group, Education & Consulting","url":"https:\/\/actiongroup.com.ar\/","logo":{"@type":"ImageObject","inLanguage":"es-AR","@id":"https:\/\/actiongroup.com.ar\/#\/schema\/logo\/image\/","url":"https:\/\/i1.wp.com\/www.actiongroup.com.ar\/wp-content\/uploads\/2016\/10\/logo.png?fit=342%2C69","contentUrl":"https:\/\/i1.wp.com\/www.actiongroup.com.ar\/wp-content\/uploads\/2016\/10\/logo.png?fit=342%2C69","width":342,"height":69,"caption":"Action Group, Education & Consulting"},"image":{"@id":"https:\/\/actiongroup.com.ar\/#\/schema\/logo\/image\/"},"sameAs":["https:\/\/web.facebook.com\/ActionGroup\/?ref=ts&amp;amp;amp;fref=ts","https:\/\/x.com\/actiongroup_ar","https:\/\/ar.linkedin.com\/in\/ra\u00fal-a-perez-verzini-b5213b1\/es"]}]}},"publishpress_future_action":{"enabled":false,"date":"2026-04-17 20:09:02","action":"change-status","newStatus":"draft","terms":[],"taxonomy":"","extraData":[]},"publishpress_future_workflow_manual_trigger":{"enabledWorkflows":[]},"_links":{"self":[{"href":"https:\/\/actiongroup.com.ar\/es\/wp-json\/wp\/v2\/pages\/1556","targetHints":{"allow":["GET"]}}],"collection":[{"href":"https:\/\/actiongroup.com.ar\/es\/wp-json\/wp\/v2\/pages"}],"about":[{"href":"https:\/\/actiongroup.com.ar\/es\/wp-json\/wp\/v2\/types\/page"}],"author":[{"embeddable":true,"href":"https:\/\/actiongroup.com.ar\/es\/wp-json\/wp\/v2\/users\/2"}],"replies":[{"embeddable":true,"href":"https:\/\/actiongroup.com.ar\/es\/wp-json\/wp\/v2\/comments?post=1556"}],"version-history":[{"count":0,"href":"https:\/\/actiongroup.com.ar\/es\/wp-json\/wp\/v2\/pages\/1556\/revisions"}],"up":[{"embeddable":true,"href":"https:\/\/actiongroup.com.ar\/es\/wp-json\/wp\/v2\/pages\/2789"}],"wp:attachment":[{"href":"https:\/\/actiongroup.com.ar\/es\/wp-json\/wp\/v2\/media?parent=1556"}],"curies":[{"name":"wp","href":"https:\/\/api.w.org\/{rel}","templated":true}]}}