{"id":1560,"date":"2011-07-27T20:01:03","date_gmt":"2011-07-27T23:01:03","guid":{"rendered":"http:\/\/actiongroup.com.ar\/?page_id=1560"},"modified":"2016-09-28T15:59:31","modified_gmt":"2016-09-28T18:59:31","slug":"coaching-ejecutivo","status":"publish","type":"page","link":"https:\/\/actiongroup.com.ar\/es\/nuestros-servicios\/coaching-ejecutivo\/","title":{"rendered":"Coaching Ejecutivo"},"content":{"rendered":"<p>Entendemos el Coaching Gerencial como una forma de colaboraci\u00f3n profesional orientado a ayudarlo a desarrollar y\/o fortalecer sus competencias (actitudes, conocimientos y habilidades funcionales, comportamentales y conceptuales) para responder exitosamente a los requerimientos de su organizaci\u00f3n y de su entorno en general.<\/p>\n<div class=\"su-row\">\n<div class=\"su-column su-column-size-1-2\"><div class=\"su-column-inner su-u-clearfix su-u-trim\">\n<h2>Nos basamos en tres principios<\/h2>\n<p>La relaci\u00f3n: el proceso de Coaching s\u00f3lo es posible si se establece una relaci\u00f3n de mutua confianza.<\/p>\n<h3>El pragmatismo<\/h3>\n<p>El valor del proceso se eval\u00faa en sus resultados. El prop\u00f3sito fundamental del trabajo no es producir planes; es producir resultados y esto requiere del compromiso de toda la organizaci\u00f3n pero, especialmente, del l\u00edder.<\/p>\n<h3>El aprendizaje mutuo<\/h3>\n<p>ambos, cliente y coach est\u00e1n inmersos en un proceso de aprendizaje donde los saberes de cada uno son igualmente valorados.<\/p>\n<\/div><\/div>\n<div class=\"su-column su-column-size-1-2 bgcolumn\"><div class=\"su-column-inner su-u-clearfix su-u-trim\">\n<h2>Beneficios<\/h2>\n<p>Los beneficios de un buen Coaching Gerencial abarcan el \u00e1mbito organizacional, profesional y personal (familiar).<\/p>\n<p>Desarrolla las capacidades y habilidades e incrementa los conocimientos<br \/>\nProduce una retroalimentaci\u00f3n de alta calidad<br \/>\nMejora el desempe\u00f1o y la productividad<br \/>\nMejora el comportamiento y la actitud de todo el \u00e1rea<br \/>\nIncrementa la capacidad de aprendizaje, vale decir, aprende a aprender m\u00e1s r\u00e1pido<br \/>\nMejora las relaciones entre Gerentes y colaboradores<br \/>\nMejora la calidad de vida de todos los involucrados<br \/>\nLibera tiempo al Gerente \u2013 Coach<br \/>\nProduce m\u00e1s ideas creativas<\/p>\n<\/div><\/div>\n<\/div>\n<p>&nbsp;<\/p>\n<p style=\"text-align: center;\"><span style=\"color: #999999;\">M\u00e1s informaci\u00f3n en nuestra asociada <a style=\"color: #999999;\" href=\"http:\/\/www.coachdegestion.com\" target=\"_blank\">www.coachdegestion.com<\/a><\/span><\/p>\n<p>&nbsp;<\/p>\n","protected":false},"excerpt":{"rendered":"<p>Entendemos el Coaching Gerencial como una forma de colaboraci\u00f3n profesional&#8230; <\/p>\n","protected":false},"author":7,"featured_media":1957,"parent":2789,"menu_order":0,"comment_status":"closed","ping_status":"closed","template":"template-full-width.php","meta":{"_acf_changed":false,"_crdt_document":"","footnotes":""},"class_list":["post-1560","page","type-page","status-publish","has-post-thumbnail","hentry"],"acf":[],"yoast_head":"<!-- This site is optimized with the Yoast SEO plugin v27.3 - https:\/\/yoast.com\/product\/yoast-seo-wordpress\/ -->\n<title>Coaching Ejecutivo - Action Group, Education &amp; Consulting<\/title>\n<meta name=\"description\" content=\"Entendemos el Coaching Gerencial como una forma de colaboraci\u00f3n profesional orientado a ayudarlo a desarrollar y\/o fortalecer sus competencias (actitudes,\" \/>\n<meta name=\"robots\" content=\"index, follow, max-snippet:-1, max-image-preview:large, max-video-preview:-1\" \/>\n<link rel=\"canonical\" href=\"https:\/\/actiongroup.com.ar\/es\/nuestros-servicios\/coaching-ejecutivo\/\" \/>\n<meta property=\"og:locale\" content=\"es_ES\" \/>\n<meta property=\"og:type\" content=\"article\" \/>\n<meta property=\"og:title\" content=\"Coaching Ejecutivo - Action Group, Education &amp; Consulting\" \/>\n<meta property=\"og:description\" content=\"Entendemos el Coaching Gerencial como una forma de colaboraci\u00f3n profesional orientado a ayudarlo a desarrollar y\/o fortalecer sus competencias (actitudes,\" \/>\n<meta property=\"og:url\" content=\"https:\/\/actiongroup.com.ar\/es\/nuestros-servicios\/coaching-ejecutivo\/\" \/>\n<meta property=\"og:site_name\" content=\"Action Group, Education &amp; Consulting\" \/>\n<meta property=\"article:publisher\" content=\"https:\/\/web.facebook.com\/ActionGroup\/?ref=ts&amp;amp%3bamp%3bamp%3bfref=ts\" \/>\n<meta property=\"article:modified_time\" content=\"2016-09-28T18:59:31+00:00\" \/>\n<meta property=\"og:image\" content=\"https:\/\/actiongroup.com.ar\/wp-content\/uploads\/2011\/07\/coaching-gerencial.jpg\" \/>\n\t<meta property=\"og:image:width\" content=\"852\" \/>\n\t<meta property=\"og:image:height\" content=\"679\" \/>\n\t<meta property=\"og:image:type\" content=\"image\/jpeg\" \/>\n<meta name=\"twitter:card\" content=\"summary_large_image\" \/>\n<meta name=\"twitter:site\" content=\"@actiongroup_ar\" \/>\n<meta name=\"twitter:label1\" content=\"Tiempo de lectura\" \/>\n\t<meta name=\"twitter:data1\" content=\"1 minuto\" \/>\n<script type=\"application\/ld+json\" class=\"yoast-schema-graph\">{\"@context\":\"https:\\\/\\\/schema.org\",\"@graph\":[{\"@type\":\"WebPage\",\"@id\":\"https:\\\/\\\/actiongroup.com.ar\\\/nuestros-servicios\\\/coaching-ejecutivo\\\/\",\"url\":\"https:\\\/\\\/actiongroup.com.ar\\\/nuestros-servicios\\\/coaching-ejecutivo\\\/\",\"name\":\"Coaching Ejecutivo - Action Group, Education &amp; Consulting\",\"isPartOf\":{\"@id\":\"https:\\\/\\\/actiongroup.com.ar\\\/#website\"},\"primaryImageOfPage\":{\"@id\":\"https:\\\/\\\/actiongroup.com.ar\\\/nuestros-servicios\\\/coaching-ejecutivo\\\/#primaryimage\"},\"image\":{\"@id\":\"https:\\\/\\\/actiongroup.com.ar\\\/nuestros-servicios\\\/coaching-ejecutivo\\\/#primaryimage\"},\"thumbnailUrl\":\"https:\\\/\\\/actiongroup.com.ar\\\/wp-content\\\/uploads\\\/2011\\\/07\\\/coaching-gerencial.jpg\",\"datePublished\":\"2011-07-27T23:01:03+00:00\",\"dateModified\":\"2016-09-28T18:59:31+00:00\",\"description\":\"Entendemos el Coaching Gerencial como una forma de colaboraci\u00f3n profesional orientado a ayudarlo a desarrollar y\\\/o fortalecer sus competencias (actitudes,\",\"breadcrumb\":{\"@id\":\"https:\\\/\\\/actiongroup.com.ar\\\/nuestros-servicios\\\/coaching-ejecutivo\\\/#breadcrumb\"},\"inLanguage\":\"es-AR\",\"potentialAction\":[{\"@type\":\"ReadAction\",\"target\":[\"https:\\\/\\\/actiongroup.com.ar\\\/nuestros-servicios\\\/coaching-ejecutivo\\\/\"]}]},{\"@type\":\"ImageObject\",\"inLanguage\":\"es-AR\",\"@id\":\"https:\\\/\\\/actiongroup.com.ar\\\/nuestros-servicios\\\/coaching-ejecutivo\\\/#primaryimage\",\"url\":\"https:\\\/\\\/actiongroup.com.ar\\\/wp-content\\\/uploads\\\/2011\\\/07\\\/coaching-gerencial.jpg\",\"contentUrl\":\"https:\\\/\\\/actiongroup.com.ar\\\/wp-content\\\/uploads\\\/2011\\\/07\\\/coaching-gerencial.jpg\",\"width\":852,\"height\":679},{\"@type\":\"BreadcrumbList\",\"@id\":\"https:\\\/\\\/actiongroup.com.ar\\\/nuestros-servicios\\\/coaching-ejecutivo\\\/#breadcrumb\",\"itemListElement\":[{\"@type\":\"ListItem\",\"position\":1,\"name\":\"Home\",\"item\":\"https:\\\/\\\/actiongroup.com.ar\\\/\"},{\"@type\":\"ListItem\",\"position\":2,\"name\":\"Nuestros servicios\",\"item\":\"https:\\\/\\\/actiongroup.com.ar\\\/nuestros-servicios\\\/\"},{\"@type\":\"ListItem\",\"position\":3,\"name\":\"Coaching Ejecutivo\"}]},{\"@type\":\"WebSite\",\"@id\":\"https:\\\/\\\/actiongroup.com.ar\\\/#website\",\"url\":\"https:\\\/\\\/actiongroup.com.ar\\\/\",\"name\":\"Action Group, Education &amp; Consulting\",\"description\":\"Desarrollo Organizacional, Excelencia Operacional, RRHH y Selecci\u00f3n\",\"publisher\":{\"@id\":\"https:\\\/\\\/actiongroup.com.ar\\\/#organization\"},\"potentialAction\":[{\"@type\":\"SearchAction\",\"target\":{\"@type\":\"EntryPoint\",\"urlTemplate\":\"https:\\\/\\\/actiongroup.com.ar\\\/?s={search_term_string}\"},\"query-input\":{\"@type\":\"PropertyValueSpecification\",\"valueRequired\":true,\"valueName\":\"search_term_string\"}}],\"inLanguage\":\"es-AR\"},{\"@type\":\"Organization\",\"@id\":\"https:\\\/\\\/actiongroup.com.ar\\\/#organization\",\"name\":\"Action Group, Education & Consulting\",\"url\":\"https:\\\/\\\/actiongroup.com.ar\\\/\",\"logo\":{\"@type\":\"ImageObject\",\"inLanguage\":\"es-AR\",\"@id\":\"https:\\\/\\\/actiongroup.com.ar\\\/#\\\/schema\\\/logo\\\/image\\\/\",\"url\":\"https:\\\/\\\/i1.wp.com\\\/www.actiongroup.com.ar\\\/wp-content\\\/uploads\\\/2016\\\/10\\\/logo.png?fit=342%2C69\",\"contentUrl\":\"https:\\\/\\\/i1.wp.com\\\/www.actiongroup.com.ar\\\/wp-content\\\/uploads\\\/2016\\\/10\\\/logo.png?fit=342%2C69\",\"width\":342,\"height\":69,\"caption\":\"Action Group, Education & Consulting\"},\"image\":{\"@id\":\"https:\\\/\\\/actiongroup.com.ar\\\/#\\\/schema\\\/logo\\\/image\\\/\"},\"sameAs\":[\"https:\\\/\\\/web.facebook.com\\\/ActionGroup\\\/?ref=ts&amp;amp;amp;fref=ts\",\"https:\\\/\\\/x.com\\\/actiongroup_ar\",\"https:\\\/\\\/ar.linkedin.com\\\/in\\\/ra\u00fal-a-perez-verzini-b5213b1\\\/es\"]}]}<\/script>\n<!-- \/ Yoast SEO plugin. -->","yoast_head_json":{"title":"Coaching Ejecutivo - Action Group, Education &amp; Consulting","description":"Entendemos el Coaching Gerencial como una forma de colaboraci\u00f3n profesional orientado a ayudarlo a desarrollar y\/o fortalecer sus competencias (actitudes,","robots":{"index":"index","follow":"follow","max-snippet":"max-snippet:-1","max-image-preview":"max-image-preview:large","max-video-preview":"max-video-preview:-1"},"canonical":"https:\/\/actiongroup.com.ar\/es\/nuestros-servicios\/coaching-ejecutivo\/","og_locale":"es_ES","og_type":"article","og_title":"Coaching Ejecutivo - Action Group, Education &amp; Consulting","og_description":"Entendemos el Coaching Gerencial como una forma de colaboraci\u00f3n profesional orientado a ayudarlo a desarrollar y\/o fortalecer sus competencias (actitudes,","og_url":"https:\/\/actiongroup.com.ar\/es\/nuestros-servicios\/coaching-ejecutivo\/","og_site_name":"Action Group, Education &amp; Consulting","article_publisher":"https:\/\/web.facebook.com\/ActionGroup\/?ref=ts&amp%3bamp%3bamp%3bfref=ts","article_modified_time":"2016-09-28T18:59:31+00:00","og_image":[{"width":852,"height":679,"url":"https:\/\/actiongroup.com.ar\/wp-content\/uploads\/2011\/07\/coaching-gerencial.jpg","type":"image\/jpeg"}],"twitter_card":"summary_large_image","twitter_site":"@actiongroup_ar","twitter_misc":{"Tiempo de lectura":"1 minuto"},"schema":{"@context":"https:\/\/schema.org","@graph":[{"@type":"WebPage","@id":"https:\/\/actiongroup.com.ar\/nuestros-servicios\/coaching-ejecutivo\/","url":"https:\/\/actiongroup.com.ar\/nuestros-servicios\/coaching-ejecutivo\/","name":"Coaching Ejecutivo - Action Group, Education &amp; Consulting","isPartOf":{"@id":"https:\/\/actiongroup.com.ar\/#website"},"primaryImageOfPage":{"@id":"https:\/\/actiongroup.com.ar\/nuestros-servicios\/coaching-ejecutivo\/#primaryimage"},"image":{"@id":"https:\/\/actiongroup.com.ar\/nuestros-servicios\/coaching-ejecutivo\/#primaryimage"},"thumbnailUrl":"https:\/\/actiongroup.com.ar\/wp-content\/uploads\/2011\/07\/coaching-gerencial.jpg","datePublished":"2011-07-27T23:01:03+00:00","dateModified":"2016-09-28T18:59:31+00:00","description":"Entendemos el Coaching Gerencial como una forma de colaboraci\u00f3n profesional orientado a ayudarlo a desarrollar y\/o fortalecer sus competencias (actitudes,","breadcrumb":{"@id":"https:\/\/actiongroup.com.ar\/nuestros-servicios\/coaching-ejecutivo\/#breadcrumb"},"inLanguage":"es-AR","potentialAction":[{"@type":"ReadAction","target":["https:\/\/actiongroup.com.ar\/nuestros-servicios\/coaching-ejecutivo\/"]}]},{"@type":"ImageObject","inLanguage":"es-AR","@id":"https:\/\/actiongroup.com.ar\/nuestros-servicios\/coaching-ejecutivo\/#primaryimage","url":"https:\/\/actiongroup.com.ar\/wp-content\/uploads\/2011\/07\/coaching-gerencial.jpg","contentUrl":"https:\/\/actiongroup.com.ar\/wp-content\/uploads\/2011\/07\/coaching-gerencial.jpg","width":852,"height":679},{"@type":"BreadcrumbList","@id":"https:\/\/actiongroup.com.ar\/nuestros-servicios\/coaching-ejecutivo\/#breadcrumb","itemListElement":[{"@type":"ListItem","position":1,"name":"Home","item":"https:\/\/actiongroup.com.ar\/"},{"@type":"ListItem","position":2,"name":"Nuestros servicios","item":"https:\/\/actiongroup.com.ar\/nuestros-servicios\/"},{"@type":"ListItem","position":3,"name":"Coaching Ejecutivo"}]},{"@type":"WebSite","@id":"https:\/\/actiongroup.com.ar\/#website","url":"https:\/\/actiongroup.com.ar\/","name":"Action Group, Education &amp; Consulting","description":"Desarrollo Organizacional, Excelencia Operacional, RRHH y Selecci\u00f3n","publisher":{"@id":"https:\/\/actiongroup.com.ar\/#organization"},"potentialAction":[{"@type":"SearchAction","target":{"@type":"EntryPoint","urlTemplate":"https:\/\/actiongroup.com.ar\/?s={search_term_string}"},"query-input":{"@type":"PropertyValueSpecification","valueRequired":true,"valueName":"search_term_string"}}],"inLanguage":"es-AR"},{"@type":"Organization","@id":"https:\/\/actiongroup.com.ar\/#organization","name":"Action Group, Education & Consulting","url":"https:\/\/actiongroup.com.ar\/","logo":{"@type":"ImageObject","inLanguage":"es-AR","@id":"https:\/\/actiongroup.com.ar\/#\/schema\/logo\/image\/","url":"https:\/\/i1.wp.com\/www.actiongroup.com.ar\/wp-content\/uploads\/2016\/10\/logo.png?fit=342%2C69","contentUrl":"https:\/\/i1.wp.com\/www.actiongroup.com.ar\/wp-content\/uploads\/2016\/10\/logo.png?fit=342%2C69","width":342,"height":69,"caption":"Action Group, Education & Consulting"},"image":{"@id":"https:\/\/actiongroup.com.ar\/#\/schema\/logo\/image\/"},"sameAs":["https:\/\/web.facebook.com\/ActionGroup\/?ref=ts&amp;amp;amp;fref=ts","https:\/\/x.com\/actiongroup_ar","https:\/\/ar.linkedin.com\/in\/ra\u00fal-a-perez-verzini-b5213b1\/es"]}]}},"publishpress_future_action":{"enabled":false,"date":"2026-04-13 19:35:00","action":"change-status","newStatus":"draft","terms":[],"taxonomy":"","extraData":[]},"publishpress_future_workflow_manual_trigger":{"enabledWorkflows":[]},"_links":{"self":[{"href":"https:\/\/actiongroup.com.ar\/es\/wp-json\/wp\/v2\/pages\/1560","targetHints":{"allow":["GET"]}}],"collection":[{"href":"https:\/\/actiongroup.com.ar\/es\/wp-json\/wp\/v2\/pages"}],"about":[{"href":"https:\/\/actiongroup.com.ar\/es\/wp-json\/wp\/v2\/types\/page"}],"author":[{"embeddable":true,"href":"https:\/\/actiongroup.com.ar\/es\/wp-json\/wp\/v2\/users\/7"}],"replies":[{"embeddable":true,"href":"https:\/\/actiongroup.com.ar\/es\/wp-json\/wp\/v2\/comments?post=1560"}],"version-history":[{"count":0,"href":"https:\/\/actiongroup.com.ar\/es\/wp-json\/wp\/v2\/pages\/1560\/revisions"}],"up":[{"embeddable":true,"href":"https:\/\/actiongroup.com.ar\/es\/wp-json\/wp\/v2\/pages\/2789"}],"wp:featuredmedia":[{"embeddable":true,"href":"https:\/\/actiongroup.com.ar\/es\/wp-json\/wp\/v2\/media\/1957"}],"wp:attachment":[{"href":"https:\/\/actiongroup.com.ar\/es\/wp-json\/wp\/v2\/media?parent=1560"}],"curies":[{"name":"wp","href":"https:\/\/api.w.org\/{rel}","templated":true}]}}