{"id":2779,"date":"2016-09-27T17:39:18","date_gmt":"2016-09-27T20:39:18","guid":{"rendered":"http:\/\/actiongroup.com.ar\/?page_id=2779"},"modified":"2016-10-01T12:55:30","modified_gmt":"2016-10-01T15:55:30","slug":"quienes-somos","status":"publish","type":"page","link":"https:\/\/actiongroup.com.ar\/es\/quienes-somos\/","title":{"rendered":"Quienes somos"},"content":{"rendered":"<div class=\"su-row\">\n<div class=\"su-column su-column-size-1-2\"><div class=\"su-column-inner su-u-clearfix su-u-trim\">\n<p><img loading=\"lazy\" decoding=\"async\" class=\"alignnone wp-image-2752 size-medium aligncenter\" src=\"http:\/\/actiongroup.com.ar\/wp-content\/uploads\/2011\/02\/Viviana-Liptzis-300x292.jpg\" alt=\"viviana-liptzis\" width=\"300\" height=\"292\" srcset=\"https:\/\/actiongroup.com.ar\/wp-content\/uploads\/2011\/02\/Viviana-Liptzis-300x292.jpg 300w, https:\/\/actiongroup.com.ar\/wp-content\/uploads\/2011\/02\/Viviana-Liptzis.jpg 650w\" sizes=\"auto, (max-width: 300px) 100vw, 300px\" \/><\/p>\n<h3 style=\"text-align: center;\">Lic. Viviana Liptzis<\/h3>\n<p style=\"text-align: center;\"><a href=\"https:\/\/www.linkedin.com\/in\/vivianaliptzis\" target=\"_blank\"><img loading=\"lazy\" decoding=\"async\" class=\"alignnone wp-image-2785 size-full\" src=\"http:\/\/actiongroup.com.ar\/wp-content\/uploads\/2016\/09\/linkedin.png\" alt=\"linkedin\" width=\"64\" height=\"64\" \/><\/a><\/p>\n<p>Posee m\u00e1s de veinte a\u00f1os de experiencia en \u00e1reas de Gesti\u00f3n y Desarrollo de Recursos Humanos.<\/p>\n<p>Se especializa en acompa\u00f1ar procesos de cambio a gran escala con involucraci\u00f3n del personal, implementando sistemas de educaci\u00f3n empresarial basados en juegos grupales.<\/p>\n<p>Es Magister en Desarrollo y Comportamiento Organizacional por la Universidad Diego Portales de Santiago de Chile.<\/p>\n<p>Es Facilitadora de TPM certificada por el Japan Institute of Plant Maintenance, especializ\u00e1ndose en Cellular Manufacturing.<\/p>\n<p>Graduada en Psicolog\u00eda por la Universidad Nacional de C\u00f3rdoba. Estudi\u00f3 en Brasil y Chile. Su especialidad es la Psicolog\u00eda Organizacional.<\/p>\n<p>Es Director Consultor de Action Group, Education &amp; Consulting.<\/p>\n<p>Ha coordinado proyectos del Banco Interamericano de Desarrollo BID a nivel local.<\/p>\n<p>Con anterioridad desarroll\u00f3 su experiencia profesional en niveles gerenciales de distintas empresas de nuestro medio como Juan Minetti (Grupo Holderbank); Corblock (Grupo Corcemar) y Banco Israelita de C\u00f3rdoba.<\/p>\n<p>Ha sido Profesora Titular de Estrategias de Capacitaci\u00f3n Empresaria en la Universidad Empresarial Siglo 21. C\u00f3rdoba. Argentina y como docente del CEFODEI &#8211;\u00a0Universidad Cat\u00f3lica de La Plata.<\/p>\n<p>Actualmente se encuentra trabajando en su Tesis de Doctorado en G\u00e9nero en el Centro de Estudios Avanzados de la Universidad Nacional de C\u00f3rdoba, Argentina, sobre los <em><strong>Estilos de liderazgo de las mujeres en posiciones de gerenciamiento<\/strong><\/em>.<\/p>\n<p>Se especializa en el desarrollo e incoporaci\u00f3n de la perspectiva de g\u00e9nero en las organizaciones.<\/p>\n<p>Sus hobbies son la Literatura y la Cocina Internacional.<\/p>\n<\/div><\/div>\n<div class=\"su-column su-column-size-1-2\"><div class=\"su-column-inner su-u-clearfix su-u-trim\">\n<p><img loading=\"lazy\" decoding=\"async\" class=\"alignnone wp-image-2751 size-medium aligncenter\" src=\"http:\/\/actiongroup.com.ar\/wp-content\/uploads\/2011\/02\/raul-verzini-300x292.jpg\" alt=\"raul-verzini\" width=\"300\" height=\"292\" srcset=\"https:\/\/actiongroup.com.ar\/wp-content\/uploads\/2011\/02\/raul-verzini-300x292.jpg 300w, https:\/\/actiongroup.com.ar\/wp-content\/uploads\/2011\/02\/raul-verzini.jpg 650w\" sizes=\"auto, (max-width: 300px) 100vw, 300px\" \/><\/p>\n<h3 style=\"text-align: center;\">Ing. Raul A. Perez Verzini<\/h3>\n<p style=\"text-align: center;\"><a href=\"http:\/\/www.linkedin.com\/in\/raulperezverzini\" target=\"_blank\"><img loading=\"lazy\" decoding=\"async\" class=\"alignnone wp-image-2785 size-full\" src=\"http:\/\/actiongroup.com.ar\/wp-content\/uploads\/2016\/09\/linkedin.png\" alt=\"linkedin\" width=\"64\" height=\"64\" \/><\/a><\/p>\n<p>Ha liderado procesos de Cambio y Desarrollo Organizacional por m\u00e1s de 20 a\u00f1os.<\/p>\n<p>Proviene de la gerencia de empresas y hace m\u00e1s de 15 a\u00f1os est\u00e1 dedicado a la consultor\u00eda y capacitaci\u00f3n en todo tipo de organizaciones con foco especial en aquellas interesadas en cambios profundos.<\/p>\n<p>Principalmente se dedica a entrenar y asesorar sobre los aspectos filos\u00f3ficos y metodol\u00f3gicos de cada una de las fases de implementaci\u00f3n de\u00a0 5 \u201cS\u201d y TPM entendido como Sistemas Integral de Gesti\u00f3n Industrial.\u00a0 (TPM &#8211; Total Performance Management, ex Mantenimiento Productivo Total)<\/p>\n<p>Es Instructor Internacional de TPM con el N\u00famero 723, certificado por el Japan Institute of Plant Maintenance &#8211; Japan.<\/p>\n<p>Es especialista en el desarrollo e implementaci\u00f3n de programas de Change Management (Gesti\u00f3n del Cambio) tendientes a la mejora de los indicadores claves del negocio.<\/p>\n<p>Con s\u00f3lida formaci\u00f3n humanista posee educaci\u00f3n formal en Filosof\u00eda y Teolog\u00eda.<\/p>\n<p>Es Magister en Desarrollo y Comportamiento Organizacional por la Universidad Diego Portales de Santiago de Chile donde recibi\u00f3 el Premio a la Excelencia Acad\u00e9mica 2001.<\/p>\n<p>Ha conducido Reingenier\u00edas de Procesos con un enfoque sist\u00e9mico promoviendo cambios a gran escala. En el pasado coordin\u00f3 implementaciones de las normas ISO 9001 e ISO 14001 desempe\u00f1\u00e1ndose como Asesor y Auditor L\u00edder.<\/p>\n<p>Estudi\u00f3 en Argentina, Chile, Colombia, Brasil, USA, Canad\u00e1 y Jap\u00f3n los procesos de involucraci\u00f3n de las personas y su impacto en los aumentos de productividad, calidad y rentabilidad.<\/p>\n<p>Graduado en Ingenier\u00eda Civil por la Universidad Cat\u00f3lica de C\u00f3rdoba.<\/p>\n<p>Desde 1999 Director y Consultor de Action Group, Education &amp; Consulting con sede en C\u00f3rdoba, Argentina. Atiende clientes de Argentina, Chile, Colombia y M\u00e9xico.<\/p>\n<p>Ha ocupado puestos gerenciales en el Grupo Holderbank (hoy Holcim) y en la Corporaci\u00f3n Cementera Argentina S.A. donde adem\u00e1s de Gerente de Planta fue Coordinador Corporativo de TPM.<\/p>\n<p>Autor de m\u00e1s de 50 art\u00edculos publicados en diarios, revistas y sitios webs especializados, en temas vinculados al Desarrollo Organizacional, TPM, 5S, Change Management y Programas de Mejora Continua.<\/p>\n<p>Ha participado como disertante en diversos congresos de Desarrollo Organizacional y Optimizaci\u00f3n de Activos tanto en la Argentina como en el exterior.<\/p>\n<p>Actualmente se encuentra preparando el libro: <strong><em>TPM &#8211; M\u00e1s all\u00e1 del Mantenimiento de Plantas. Del Total Productive Maintenance al Total Performance Management.<\/em><\/strong><\/p>\n<p>Sus hobbies son el monta\u00f1ismo, la Antropolog\u00eda Filos\u00f3fica y la Teolog\u00eda.<\/p>\n<\/div><\/div>\n<\/div>\n","protected":false},"excerpt":{"rendered":"","protected":false},"author":221,"featured_media":0,"parent":0,"menu_order":0,"comment_status":"closed","ping_status":"closed","template":"template-full-width.php","meta":{"_acf_changed":false,"_crdt_document":"","footnotes":""},"class_list":["post-2779","page","type-page","status-publish","hentry"],"acf":[],"yoast_head":"<!-- This site is optimized with the Yoast SEO plugin v27.3 - https:\/\/yoast.com\/product\/yoast-seo-wordpress\/ -->\n<title>Quienes somos - Action Group, Education &amp; Consulting<\/title>\n<meta name=\"robots\" content=\"index, follow, max-snippet:-1, max-image-preview:large, max-video-preview:-1\" \/>\n<link rel=\"canonical\" href=\"https:\/\/actiongroup.com.ar\/es\/quienes-somos\/\" \/>\n<meta property=\"og:locale\" content=\"es_ES\" \/>\n<meta property=\"og:type\" content=\"article\" \/>\n<meta property=\"og:title\" content=\"Quienes somos - Action Group, Education &amp; Consulting\" \/>\n<meta property=\"og:url\" content=\"https:\/\/actiongroup.com.ar\/es\/quienes-somos\/\" \/>\n<meta property=\"og:site_name\" content=\"Action Group, Education &amp; Consulting\" \/>\n<meta property=\"article:publisher\" content=\"https:\/\/web.facebook.com\/ActionGroup\/?ref=ts&amp;amp%3bamp%3bamp%3bfref=ts\" \/>\n<meta property=\"article:modified_time\" content=\"2016-10-01T15:55:30+00:00\" \/>\n<meta property=\"og:image\" content=\"http:\/\/actiongroup.com.ar\/wp-content\/uploads\/2011\/02\/Viviana-Liptzis-300x292.jpg\" \/>\n<meta name=\"twitter:card\" content=\"summary_large_image\" \/>\n<meta name=\"twitter:site\" content=\"@actiongroup_ar\" \/>\n<meta name=\"twitter:label1\" content=\"Tiempo de lectura\" \/>\n\t<meta name=\"twitter:data1\" content=\"3 minutos\" \/>\n<script type=\"application\/ld+json\" class=\"yoast-schema-graph\">{\"@context\":\"https:\\\/\\\/schema.org\",\"@graph\":[{\"@type\":\"WebPage\",\"@id\":\"https:\\\/\\\/actiongroup.com.ar\\\/quienes-somos\\\/\",\"url\":\"https:\\\/\\\/actiongroup.com.ar\\\/quienes-somos\\\/\",\"name\":\"Quienes somos - Action Group, Education &amp; Consulting\",\"isPartOf\":{\"@id\":\"https:\\\/\\\/actiongroup.com.ar\\\/#website\"},\"primaryImageOfPage\":{\"@id\":\"https:\\\/\\\/actiongroup.com.ar\\\/quienes-somos\\\/#primaryimage\"},\"image\":{\"@id\":\"https:\\\/\\\/actiongroup.com.ar\\\/quienes-somos\\\/#primaryimage\"},\"thumbnailUrl\":\"http:\\\/\\\/actiongroup.com.ar\\\/wp-content\\\/uploads\\\/2011\\\/02\\\/Viviana-Liptzis-300x292.jpg\",\"datePublished\":\"2016-09-27T20:39:18+00:00\",\"dateModified\":\"2016-10-01T15:55:30+00:00\",\"breadcrumb\":{\"@id\":\"https:\\\/\\\/actiongroup.com.ar\\\/quienes-somos\\\/#breadcrumb\"},\"inLanguage\":\"es-AR\",\"potentialAction\":[{\"@type\":\"ReadAction\",\"target\":[\"https:\\\/\\\/actiongroup.com.ar\\\/quienes-somos\\\/\"]}]},{\"@type\":\"ImageObject\",\"inLanguage\":\"es-AR\",\"@id\":\"https:\\\/\\\/actiongroup.com.ar\\\/quienes-somos\\\/#primaryimage\",\"url\":\"http:\\\/\\\/actiongroup.com.ar\\\/wp-content\\\/uploads\\\/2011\\\/02\\\/Viviana-Liptzis-300x292.jpg\",\"contentUrl\":\"http:\\\/\\\/actiongroup.com.ar\\\/wp-content\\\/uploads\\\/2011\\\/02\\\/Viviana-Liptzis-300x292.jpg\"},{\"@type\":\"BreadcrumbList\",\"@id\":\"https:\\\/\\\/actiongroup.com.ar\\\/quienes-somos\\\/#breadcrumb\",\"itemListElement\":[{\"@type\":\"ListItem\",\"position\":1,\"name\":\"Home\",\"item\":\"https:\\\/\\\/actiongroup.com.ar\\\/\"},{\"@type\":\"ListItem\",\"position\":2,\"name\":\"Quienes somos\"}]},{\"@type\":\"WebSite\",\"@id\":\"https:\\\/\\\/actiongroup.com.ar\\\/#website\",\"url\":\"https:\\\/\\\/actiongroup.com.ar\\\/\",\"name\":\"Action Group, Education &amp; Consulting\",\"description\":\"Desarrollo Organizacional, Excelencia Operacional, RRHH y Selecci\u00f3n\",\"publisher\":{\"@id\":\"https:\\\/\\\/actiongroup.com.ar\\\/#organization\"},\"potentialAction\":[{\"@type\":\"SearchAction\",\"target\":{\"@type\":\"EntryPoint\",\"urlTemplate\":\"https:\\\/\\\/actiongroup.com.ar\\\/?s={search_term_string}\"},\"query-input\":{\"@type\":\"PropertyValueSpecification\",\"valueRequired\":true,\"valueName\":\"search_term_string\"}}],\"inLanguage\":\"es-AR\"},{\"@type\":\"Organization\",\"@id\":\"https:\\\/\\\/actiongroup.com.ar\\\/#organization\",\"name\":\"Action Group, Education & Consulting\",\"url\":\"https:\\\/\\\/actiongroup.com.ar\\\/\",\"logo\":{\"@type\":\"ImageObject\",\"inLanguage\":\"es-AR\",\"@id\":\"https:\\\/\\\/actiongroup.com.ar\\\/#\\\/schema\\\/logo\\\/image\\\/\",\"url\":\"https:\\\/\\\/i1.wp.com\\\/www.actiongroup.com.ar\\\/wp-content\\\/uploads\\\/2016\\\/10\\\/logo.png?fit=342%2C69\",\"contentUrl\":\"https:\\\/\\\/i1.wp.com\\\/www.actiongroup.com.ar\\\/wp-content\\\/uploads\\\/2016\\\/10\\\/logo.png?fit=342%2C69\",\"width\":342,\"height\":69,\"caption\":\"Action Group, Education & Consulting\"},\"image\":{\"@id\":\"https:\\\/\\\/actiongroup.com.ar\\\/#\\\/schema\\\/logo\\\/image\\\/\"},\"sameAs\":[\"https:\\\/\\\/web.facebook.com\\\/ActionGroup\\\/?ref=ts&amp;amp;amp;fref=ts\",\"https:\\\/\\\/x.com\\\/actiongroup_ar\",\"https:\\\/\\\/ar.linkedin.com\\\/in\\\/ra\u00fal-a-perez-verzini-b5213b1\\\/es\"]}]}<\/script>\n<!-- \/ Yoast SEO plugin. -->","yoast_head_json":{"title":"Quienes somos - Action Group, Education &amp; Consulting","robots":{"index":"index","follow":"follow","max-snippet":"max-snippet:-1","max-image-preview":"max-image-preview:large","max-video-preview":"max-video-preview:-1"},"canonical":"https:\/\/actiongroup.com.ar\/es\/quienes-somos\/","og_locale":"es_ES","og_type":"article","og_title":"Quienes somos - Action Group, Education &amp; Consulting","og_url":"https:\/\/actiongroup.com.ar\/es\/quienes-somos\/","og_site_name":"Action Group, Education &amp; Consulting","article_publisher":"https:\/\/web.facebook.com\/ActionGroup\/?ref=ts&amp%3bamp%3bamp%3bfref=ts","article_modified_time":"2016-10-01T15:55:30+00:00","og_image":[{"url":"http:\/\/actiongroup.com.ar\/wp-content\/uploads\/2011\/02\/Viviana-Liptzis-300x292.jpg","type":"","width":"","height":""}],"twitter_card":"summary_large_image","twitter_site":"@actiongroup_ar","twitter_misc":{"Tiempo de lectura":"3 minutos"},"schema":{"@context":"https:\/\/schema.org","@graph":[{"@type":"WebPage","@id":"https:\/\/actiongroup.com.ar\/quienes-somos\/","url":"https:\/\/actiongroup.com.ar\/quienes-somos\/","name":"Quienes somos - Action Group, Education &amp; Consulting","isPartOf":{"@id":"https:\/\/actiongroup.com.ar\/#website"},"primaryImageOfPage":{"@id":"https:\/\/actiongroup.com.ar\/quienes-somos\/#primaryimage"},"image":{"@id":"https:\/\/actiongroup.com.ar\/quienes-somos\/#primaryimage"},"thumbnailUrl":"http:\/\/actiongroup.com.ar\/wp-content\/uploads\/2011\/02\/Viviana-Liptzis-300x292.jpg","datePublished":"2016-09-27T20:39:18+00:00","dateModified":"2016-10-01T15:55:30+00:00","breadcrumb":{"@id":"https:\/\/actiongroup.com.ar\/quienes-somos\/#breadcrumb"},"inLanguage":"es-AR","potentialAction":[{"@type":"ReadAction","target":["https:\/\/actiongroup.com.ar\/quienes-somos\/"]}]},{"@type":"ImageObject","inLanguage":"es-AR","@id":"https:\/\/actiongroup.com.ar\/quienes-somos\/#primaryimage","url":"http:\/\/actiongroup.com.ar\/wp-content\/uploads\/2011\/02\/Viviana-Liptzis-300x292.jpg","contentUrl":"http:\/\/actiongroup.com.ar\/wp-content\/uploads\/2011\/02\/Viviana-Liptzis-300x292.jpg"},{"@type":"BreadcrumbList","@id":"https:\/\/actiongroup.com.ar\/quienes-somos\/#breadcrumb","itemListElement":[{"@type":"ListItem","position":1,"name":"Home","item":"https:\/\/actiongroup.com.ar\/"},{"@type":"ListItem","position":2,"name":"Quienes somos"}]},{"@type":"WebSite","@id":"https:\/\/actiongroup.com.ar\/#website","url":"https:\/\/actiongroup.com.ar\/","name":"Action Group, Education &amp; Consulting","description":"Desarrollo Organizacional, Excelencia Operacional, RRHH y Selecci\u00f3n","publisher":{"@id":"https:\/\/actiongroup.com.ar\/#organization"},"potentialAction":[{"@type":"SearchAction","target":{"@type":"EntryPoint","urlTemplate":"https:\/\/actiongroup.com.ar\/?s={search_term_string}"},"query-input":{"@type":"PropertyValueSpecification","valueRequired":true,"valueName":"search_term_string"}}],"inLanguage":"es-AR"},{"@type":"Organization","@id":"https:\/\/actiongroup.com.ar\/#organization","name":"Action Group, Education & Consulting","url":"https:\/\/actiongroup.com.ar\/","logo":{"@type":"ImageObject","inLanguage":"es-AR","@id":"https:\/\/actiongroup.com.ar\/#\/schema\/logo\/image\/","url":"https:\/\/i1.wp.com\/www.actiongroup.com.ar\/wp-content\/uploads\/2016\/10\/logo.png?fit=342%2C69","contentUrl":"https:\/\/i1.wp.com\/www.actiongroup.com.ar\/wp-content\/uploads\/2016\/10\/logo.png?fit=342%2C69","width":342,"height":69,"caption":"Action Group, Education & Consulting"},"image":{"@id":"https:\/\/actiongroup.com.ar\/#\/schema\/logo\/image\/"},"sameAs":["https:\/\/web.facebook.com\/ActionGroup\/?ref=ts&amp;amp;amp;fref=ts","https:\/\/x.com\/actiongroup_ar","https:\/\/ar.linkedin.com\/in\/ra\u00fal-a-perez-verzini-b5213b1\/es"]}]}},"publishpress_future_action":{"enabled":false,"date":"2026-04-13 19:34:07","action":"change-status","newStatus":"draft","terms":[],"taxonomy":"","extraData":[]},"publishpress_future_workflow_manual_trigger":{"enabledWorkflows":[]},"_links":{"self":[{"href":"https:\/\/actiongroup.com.ar\/es\/wp-json\/wp\/v2\/pages\/2779","targetHints":{"allow":["GET"]}}],"collection":[{"href":"https:\/\/actiongroup.com.ar\/es\/wp-json\/wp\/v2\/pages"}],"about":[{"href":"https:\/\/actiongroup.com.ar\/es\/wp-json\/wp\/v2\/types\/page"}],"author":[{"embeddable":true,"href":"https:\/\/actiongroup.com.ar\/es\/wp-json\/wp\/v2\/users\/221"}],"replies":[{"embeddable":true,"href":"https:\/\/actiongroup.com.ar\/es\/wp-json\/wp\/v2\/comments?post=2779"}],"version-history":[{"count":6,"href":"https:\/\/actiongroup.com.ar\/es\/wp-json\/wp\/v2\/pages\/2779\/revisions"}],"predecessor-version":[{"id":2970,"href":"https:\/\/actiongroup.com.ar\/es\/wp-json\/wp\/v2\/pages\/2779\/revisions\/2970"}],"wp:attachment":[{"href":"https:\/\/actiongroup.com.ar\/es\/wp-json\/wp\/v2\/media?parent=2779"}],"curies":[{"name":"wp","href":"https:\/\/api.w.org\/{rel}","templated":true}]}}