{"id":2789,"date":"2016-09-27T18:09:51","date_gmt":"2016-09-27T21:09:51","guid":{"rendered":"http:\/\/actiongroup.com.ar\/?page_id=2789"},"modified":"2016-09-28T14:53:41","modified_gmt":"2016-09-28T17:53:41","slug":"nuestros-servicios","status":"publish","type":"page","link":"https:\/\/actiongroup.com.ar\/es\/nuestros-servicios\/","title":{"rendered":"Nuestros servicios"},"content":{"rendered":"<div class=\"su-row\">\n<div class=\"su-column su-column-size-1-2\"><div class=\"su-column-inner su-u-clearfix su-u-trim\">\n<h2 style=\"text-align: left;\"><span style=\"color: #bf001f;\">PROGRAMAS PERSONALIZADOS<\/span><\/h2>\n<p>&nbsp;<\/p>\n<p>Cuando usted toma contacto con Action Group, hay algunos pasos que nos permiten clarificar las necesidades y expectativas de cada una de las partes. Ninguno de nuestros servicios son &#8220;enlatados&#8221; y por lo tanto necesitamos emprender una etapa de diagn\u00f3stico a fin de crear un programa a medida de sus necesidades organizacionales.<\/p>\n<h3>Fase Inicial<\/h3>\n<p>Clarificamos expectativas sobre los resultados deseados. Definimos roles necesarios para el equipo ejecutivo e identificamos recursos y colaboradores adicionales dentro de la organizaci\u00f3n.<\/p>\n<h3>Recolecci\u00f3n de datos y diagn\u00f3stico<\/h3>\n<p>Entrevistamos a los miembros del equipo ejecutivo y a otras personas clave de la organizaci\u00f3n para conocer y comprender sus perspectivas de los problemas y de las oportunidades. Presentamos un resumen de nuestros hallazgos y trabajamos juntos para afinar la comprensi\u00f3n de la organizaci\u00f3n.<\/p>\n<h3>Desarrollo de opciones y recomendaciones<\/h3>\n<p>Trabajamos con nuestro equipo de consultores en la elaboraci\u00f3n de un proyecto que responda a las necesidades relevadas tratando de inventar soluciones y oportunidades nuevas para su organizaci\u00f3n. Luego, junto al equipo ejecutivo, evaluamos las opciones y acordamos las recomendaciones que ser\u00e1n implementadas.<\/p>\n<h3>Decisi\u00f3n de actuar e implementaci\u00f3n<\/h3>\n<p>Una vez acordadas las opciones m\u00e1s convenientes analizamos el plan de implementaci\u00f3n incluyendo los roles y las responsabilidades de los &#8220;Key Players&#8221; (protagonistas clave).<br \/>\nEvaluaci\u00f3n<\/p>\n<p>A medida que progresa el plan de implementaci\u00f3n, medimos los hitos e indicadores necesarios para monitorear el \u00e9xito del plan. Si son necesarias correcciones, trabajamos para reformular la implementaci\u00f3n prestando especial atenci\u00f3n a las medidas de desempe\u00f1o.<\/p>\n<\/div><\/div>\n<div class=\"su-column su-column-size-1-2\"><div class=\"su-column-inner su-u-clearfix su-u-trim\">\n<h2 style=\"text-align: left;\"><span style=\"color: #bf001f;\">SERVICIOS DISPONIBLES<\/span><\/h2>\n<p>&nbsp;<\/p>\n<div class=\"su-service\"><div class=\"su-service-title\" style=\"padding-left:46px;min-height:32px;line-height:32px\"><img loading=\"lazy\" decoding=\"async\" src=\"http:\/\/actiongroup.com.ar\/wp-content\/uploads\/2016\/09\/mejora-continua.png\" width=\"32\" height=\"32\" alt=\"Programa para la Mejora Continua\" style=\"width:32px;height:32px\" \/> Programa para la Mejora Continua<\/div><div class=\"su-service-content su-u-clearfix su-u-trim\" style=\"padding-left:46px\">Lo acompa\u00f1amos en la planificaci\u00f3n e implementaci\u00f3n de herramientas de gesti\u00f3n orientadas al logro de la mayor efectividad de su empresa y la reducci\u00f3n de los costos asociados.<br \/>\n<a class=\"read-more\" href=\"http:\/\/actiongroup.com.ar\/programas-para-la-mejora-continua\/\">Mas informaci\u00f3n<\/a><\/div><\/div>\n<div class=\"su-service\"><div class=\"su-service-title\" style=\"padding-left:46px;min-height:32px;line-height:32px\"><img loading=\"lazy\" decoding=\"async\" src=\"http:\/\/actiongroup.com.ar\/wp-content\/uploads\/2016\/09\/desarrollo-organizacional.png\" width=\"32\" height=\"32\" alt=\"Desarrollo Organizacional\" style=\"width:32px;height:32px\" \/> Desarrollo Organizacional<\/div><div class=\"su-service-content su-u-clearfix su-u-trim\" style=\"padding-left:46px\">Nuestra enfoque del Desarrollo Organizacional se orienta al alineamiento de personas y procesos organizacionales para el logro de objetivos.<br \/>\n<a class=\"read-more\" href=\"http:\/\/actiongroup.com.ar\/desarrollo-organizacional\/\">Mas informaci\u00f3n<\/a><\/div><\/div>\n<div class=\"su-service\"><div class=\"su-service-title\" style=\"padding-left:46px;min-height:32px;line-height:32px\"><img loading=\"lazy\" decoding=\"async\" src=\"http:\/\/actiongroup.com.ar\/wp-content\/uploads\/2016\/09\/coaching-ejecutivo.png\" width=\"32\" height=\"32\" alt=\"Coaching Ejecutivo\" style=\"width:32px;height:32px\" \/> Coaching Ejecutivo<\/div><div class=\"su-service-content su-u-clearfix su-u-trim\" style=\"padding-left:46px\">Entendemos el Coaching Gerencial como una forma de colaboraci\u00f3n profesional orientado a ayudarlo a desarrollar y\/o fortalecer sus competencias.<br \/>\n<a class=\"read-more\" href=\"http:\/\/actiongroup.com.ar\/coaching-ejecutivo\/\">Mas informaci\u00f3n<\/a><\/div><\/div>\n<div class=\"su-service\"><div class=\"su-service-title\" style=\"padding-left:46px;min-height:32px;line-height:32px\"><img loading=\"lazy\" decoding=\"async\" src=\"http:\/\/actiongroup.com.ar\/wp-content\/uploads\/2016\/09\/rrhh.png\" width=\"32\" height=\"32\" alt=\"Gesti\u00f3n Integral de Recursos Humanos\" style=\"width:32px;height:32px\" \/> Gesti\u00f3n Integral de Recursos Humanos<\/div><div class=\"su-service-content su-u-clearfix su-u-trim\" style=\"padding-left:46px\">Dise\u00f1amos junto a ustedes un Proyecto Integral de RRHH basado en el Plan de Negocios de la organizaci\u00f3n y orientado a la optimizaci\u00f3n de la gesti\u00f3n del talento de las personas.<br \/>\n<a class=\"read-more\" href=\"http:\/\/actiongroup.com.ar\/gestion-integral-de-recursos-humanos\/\">Mas informaci\u00f3n<\/a><\/div><\/div>\n<div class=\"su-service\"><div class=\"su-service-title\" style=\"padding-left:46px;min-height:32px;line-height:32px\"><img loading=\"lazy\" decoding=\"async\" src=\"http:\/\/actiongroup.com.ar\/wp-content\/uploads\/2016\/09\/capacitacion.png\" width=\"32\" height=\"32\" alt=\"Capacitaci\u00f3n y Entrenamiento\" style=\"width:32px;height:32px\" \/> Capacitaci\u00f3n y Entrenamiento<\/div><div class=\"su-service-content su-u-clearfix su-u-trim\" style=\"padding-left:46px\">Dictamos Cursos y Talleres adaptados a sus necesidades y abordados de forma tal que contribuyen a mejorar los resultados de su organizaci\u00f3n.<br \/>\n<a class=\"read-more\" href=\"http:\/\/actiongroup.com.ar\/capacitacion-y-entrenamiento\/\">Mas informaci\u00f3n<\/a><\/div><\/div>\n<div class=\"su-service\"><div class=\"su-service-title\" style=\"padding-left:46px;min-height:32px;line-height:32px\"><img loading=\"lazy\" decoding=\"async\" src=\"http:\/\/actiongroup.com.ar\/wp-content\/uploads\/2016\/09\/busquedas.png\" width=\"32\" height=\"32\" alt=\"Busqueda y Selecci\u00f3n de Personal\" style=\"width:32px;height:32px\" \/> Busqueda y Selecci\u00f3n de Personal<\/div><div class=\"su-service-content su-u-clearfix su-u-trim\" style=\"padding-left:46px\">Las organizaciones pueden contratar a la persona incorrecta si los criterios para seleccionar a los empleados no son definidos adecuadamente.<br \/>\n<a class=\"read-more\" href=\"http:\/\/actiongroup.com.ar\/selectora-de-personal-cordoba-argentina\/\">Mas informaci\u00f3n<\/a><\/div><\/div>\n<p>&nbsp;<\/p>\n<\/div><\/div>\n<\/div>\n<h3><\/h3>\n","protected":false},"excerpt":{"rendered":"","protected":false},"author":221,"featured_media":0,"parent":0,"menu_order":0,"comment_status":"closed","ping_status":"closed","template":"template-full-width.php","meta":{"_acf_changed":false,"_crdt_document":"","footnotes":""},"class_list":["post-2789","page","type-page","status-publish","hentry"],"acf":[],"yoast_head":"<!-- This site is optimized with the Yoast SEO plugin v27.3 - https:\/\/yoast.com\/product\/yoast-seo-wordpress\/ -->\n<title>Nuestros servicios - Action Group, Education &amp; Consulting<\/title>\n<meta name=\"robots\" content=\"index, follow, max-snippet:-1, max-image-preview:large, max-video-preview:-1\" \/>\n<link rel=\"canonical\" href=\"https:\/\/actiongroup.com.ar\/es\/nuestros-servicios\/\" \/>\n<meta property=\"og:locale\" content=\"es_ES\" \/>\n<meta property=\"og:type\" content=\"article\" \/>\n<meta property=\"og:title\" content=\"Nuestros servicios - Action Group, Education &amp; Consulting\" \/>\n<meta property=\"og:url\" content=\"https:\/\/actiongroup.com.ar\/es\/nuestros-servicios\/\" \/>\n<meta property=\"og:site_name\" content=\"Action Group, Education &amp; Consulting\" \/>\n<meta property=\"article:publisher\" content=\"https:\/\/web.facebook.com\/ActionGroup\/?ref=ts&amp;amp%3bamp%3bamp%3bfref=ts\" \/>\n<meta property=\"article:modified_time\" content=\"2016-09-28T17:53:41+00:00\" \/>\n<meta name=\"twitter:card\" content=\"summary_large_image\" \/>\n<meta name=\"twitter:site\" content=\"@actiongroup_ar\" \/>\n<meta name=\"twitter:label1\" content=\"Tiempo de lectura\" \/>\n\t<meta name=\"twitter:data1\" content=\"3 minutos\" \/>\n<script type=\"application\/ld+json\" class=\"yoast-schema-graph\">{\"@context\":\"https:\\\/\\\/schema.org\",\"@graph\":[{\"@type\":\"WebPage\",\"@id\":\"https:\\\/\\\/actiongroup.com.ar\\\/nuestros-servicios\\\/\",\"url\":\"https:\\\/\\\/actiongroup.com.ar\\\/nuestros-servicios\\\/\",\"name\":\"Nuestros servicios - Action Group, Education &amp; Consulting\",\"isPartOf\":{\"@id\":\"https:\\\/\\\/actiongroup.com.ar\\\/#website\"},\"datePublished\":\"2016-09-27T21:09:51+00:00\",\"dateModified\":\"2016-09-28T17:53:41+00:00\",\"breadcrumb\":{\"@id\":\"https:\\\/\\\/actiongroup.com.ar\\\/nuestros-servicios\\\/#breadcrumb\"},\"inLanguage\":\"es-AR\",\"potentialAction\":[{\"@type\":\"ReadAction\",\"target\":[\"https:\\\/\\\/actiongroup.com.ar\\\/nuestros-servicios\\\/\"]}]},{\"@type\":\"BreadcrumbList\",\"@id\":\"https:\\\/\\\/actiongroup.com.ar\\\/nuestros-servicios\\\/#breadcrumb\",\"itemListElement\":[{\"@type\":\"ListItem\",\"position\":1,\"name\":\"Home\",\"item\":\"https:\\\/\\\/actiongroup.com.ar\\\/\"},{\"@type\":\"ListItem\",\"position\":2,\"name\":\"Nuestros servicios\"}]},{\"@type\":\"WebSite\",\"@id\":\"https:\\\/\\\/actiongroup.com.ar\\\/#website\",\"url\":\"https:\\\/\\\/actiongroup.com.ar\\\/\",\"name\":\"Action Group, Education &amp; Consulting\",\"description\":\"Desarrollo Organizacional, Excelencia Operacional, RRHH y Selecci\u00f3n\",\"publisher\":{\"@id\":\"https:\\\/\\\/actiongroup.com.ar\\\/#organization\"},\"potentialAction\":[{\"@type\":\"SearchAction\",\"target\":{\"@type\":\"EntryPoint\",\"urlTemplate\":\"https:\\\/\\\/actiongroup.com.ar\\\/?s={search_term_string}\"},\"query-input\":{\"@type\":\"PropertyValueSpecification\",\"valueRequired\":true,\"valueName\":\"search_term_string\"}}],\"inLanguage\":\"es-AR\"},{\"@type\":\"Organization\",\"@id\":\"https:\\\/\\\/actiongroup.com.ar\\\/#organization\",\"name\":\"Action Group, Education & Consulting\",\"url\":\"https:\\\/\\\/actiongroup.com.ar\\\/\",\"logo\":{\"@type\":\"ImageObject\",\"inLanguage\":\"es-AR\",\"@id\":\"https:\\\/\\\/actiongroup.com.ar\\\/#\\\/schema\\\/logo\\\/image\\\/\",\"url\":\"https:\\\/\\\/i1.wp.com\\\/www.actiongroup.com.ar\\\/wp-content\\\/uploads\\\/2016\\\/10\\\/logo.png?fit=342%2C69\",\"contentUrl\":\"https:\\\/\\\/i1.wp.com\\\/www.actiongroup.com.ar\\\/wp-content\\\/uploads\\\/2016\\\/10\\\/logo.png?fit=342%2C69\",\"width\":342,\"height\":69,\"caption\":\"Action Group, Education & Consulting\"},\"image\":{\"@id\":\"https:\\\/\\\/actiongroup.com.ar\\\/#\\\/schema\\\/logo\\\/image\\\/\"},\"sameAs\":[\"https:\\\/\\\/web.facebook.com\\\/ActionGroup\\\/?ref=ts&amp;amp;amp;fref=ts\",\"https:\\\/\\\/x.com\\\/actiongroup_ar\",\"https:\\\/\\\/ar.linkedin.com\\\/in\\\/ra\u00fal-a-perez-verzini-b5213b1\\\/es\"]}]}<\/script>\n<!-- \/ Yoast SEO plugin. -->","yoast_head_json":{"title":"Nuestros servicios - Action Group, Education &amp; Consulting","robots":{"index":"index","follow":"follow","max-snippet":"max-snippet:-1","max-image-preview":"max-image-preview:large","max-video-preview":"max-video-preview:-1"},"canonical":"https:\/\/actiongroup.com.ar\/es\/nuestros-servicios\/","og_locale":"es_ES","og_type":"article","og_title":"Nuestros servicios - Action Group, Education &amp; Consulting","og_url":"https:\/\/actiongroup.com.ar\/es\/nuestros-servicios\/","og_site_name":"Action Group, Education &amp; Consulting","article_publisher":"https:\/\/web.facebook.com\/ActionGroup\/?ref=ts&amp%3bamp%3bamp%3bfref=ts","article_modified_time":"2016-09-28T17:53:41+00:00","twitter_card":"summary_large_image","twitter_site":"@actiongroup_ar","twitter_misc":{"Tiempo de lectura":"3 minutos"},"schema":{"@context":"https:\/\/schema.org","@graph":[{"@type":"WebPage","@id":"https:\/\/actiongroup.com.ar\/nuestros-servicios\/","url":"https:\/\/actiongroup.com.ar\/nuestros-servicios\/","name":"Nuestros servicios - Action Group, Education &amp; Consulting","isPartOf":{"@id":"https:\/\/actiongroup.com.ar\/#website"},"datePublished":"2016-09-27T21:09:51+00:00","dateModified":"2016-09-28T17:53:41+00:00","breadcrumb":{"@id":"https:\/\/actiongroup.com.ar\/nuestros-servicios\/#breadcrumb"},"inLanguage":"es-AR","potentialAction":[{"@type":"ReadAction","target":["https:\/\/actiongroup.com.ar\/nuestros-servicios\/"]}]},{"@type":"BreadcrumbList","@id":"https:\/\/actiongroup.com.ar\/nuestros-servicios\/#breadcrumb","itemListElement":[{"@type":"ListItem","position":1,"name":"Home","item":"https:\/\/actiongroup.com.ar\/"},{"@type":"ListItem","position":2,"name":"Nuestros servicios"}]},{"@type":"WebSite","@id":"https:\/\/actiongroup.com.ar\/#website","url":"https:\/\/actiongroup.com.ar\/","name":"Action Group, Education &amp; Consulting","description":"Desarrollo Organizacional, Excelencia Operacional, RRHH y Selecci\u00f3n","publisher":{"@id":"https:\/\/actiongroup.com.ar\/#organization"},"potentialAction":[{"@type":"SearchAction","target":{"@type":"EntryPoint","urlTemplate":"https:\/\/actiongroup.com.ar\/?s={search_term_string}"},"query-input":{"@type":"PropertyValueSpecification","valueRequired":true,"valueName":"search_term_string"}}],"inLanguage":"es-AR"},{"@type":"Organization","@id":"https:\/\/actiongroup.com.ar\/#organization","name":"Action Group, Education & Consulting","url":"https:\/\/actiongroup.com.ar\/","logo":{"@type":"ImageObject","inLanguage":"es-AR","@id":"https:\/\/actiongroup.com.ar\/#\/schema\/logo\/image\/","url":"https:\/\/i1.wp.com\/www.actiongroup.com.ar\/wp-content\/uploads\/2016\/10\/logo.png?fit=342%2C69","contentUrl":"https:\/\/i1.wp.com\/www.actiongroup.com.ar\/wp-content\/uploads\/2016\/10\/logo.png?fit=342%2C69","width":342,"height":69,"caption":"Action Group, Education & Consulting"},"image":{"@id":"https:\/\/actiongroup.com.ar\/#\/schema\/logo\/image\/"},"sameAs":["https:\/\/web.facebook.com\/ActionGroup\/?ref=ts&amp;amp;amp;fref=ts","https:\/\/x.com\/actiongroup_ar","https:\/\/ar.linkedin.com\/in\/ra\u00fal-a-perez-verzini-b5213b1\/es"]}]}},"publishpress_future_action":{"enabled":false,"date":"2026-04-13 19:34:07","action":"change-status","newStatus":"draft","terms":[],"taxonomy":"","extraData":[]},"publishpress_future_workflow_manual_trigger":{"enabledWorkflows":[]},"_links":{"self":[{"href":"https:\/\/actiongroup.com.ar\/es\/wp-json\/wp\/v2\/pages\/2789","targetHints":{"allow":["GET"]}}],"collection":[{"href":"https:\/\/actiongroup.com.ar\/es\/wp-json\/wp\/v2\/pages"}],"about":[{"href":"https:\/\/actiongroup.com.ar\/es\/wp-json\/wp\/v2\/types\/page"}],"author":[{"embeddable":true,"href":"https:\/\/actiongroup.com.ar\/es\/wp-json\/wp\/v2\/users\/221"}],"replies":[{"embeddable":true,"href":"https:\/\/actiongroup.com.ar\/es\/wp-json\/wp\/v2\/comments?post=2789"}],"version-history":[{"count":0,"href":"https:\/\/actiongroup.com.ar\/es\/wp-json\/wp\/v2\/pages\/2789\/revisions"}],"wp:attachment":[{"href":"https:\/\/actiongroup.com.ar\/es\/wp-json\/wp\/v2\/media?parent=2789"}],"curies":[{"name":"wp","href":"https:\/\/api.w.org\/{rel}","templated":true}]}}