{"id":354,"date":"2011-02-03T21:21:01","date_gmt":"2011-02-04T00:21:01","guid":{"rendered":"http:\/\/actiongroup.com.ar\/?page_id=354"},"modified":"2025-08-30T23:45:57","modified_gmt":"2025-08-31T02:45:57","slug":"nuestros-clientes","status":"publish","type":"page","link":"https:\/\/actiongroup.com.ar\/es\/nuestros-clientes\/","title":{"rendered":"Nuestros Clientes"},"content":{"rendered":"\n<div class=\"wp-block-group\"><div class=\"wp-block-group__inner-container is-layout-constrained wp-block-group-is-layout-constrained\">\n<blockquote class=\"wp-block-quote has-text-align-right is-layout-flow wp-block-quote-is-layout-flow\"><cite><strong>&#8220;Nosotros debemos ser el cambio que queremos ver en el mundo.&#8221;<\/strong><br><strong>Mahatma Gandhi.<\/strong><\/cite><\/blockquote>\n\n\n\n<p class=\"wp-block-paragraph\">Nuestra<strong> trayectoria de m\u00e1s de 25 a\u00f1os<\/strong> nos permiti\u00f3 colaborar con innumerables empresas. <br>Estas son algunas representativas.<\/p>\n<\/div><\/div>\n\n\n\n<p class=\"has-text-align-center wp-block-paragraph\"><div class=\"su-spacer\" style=\"height:40px\"><\/div>\n\n\n\n<p class=\"has-text-align-center wp-block-paragraph\"><div class=\"su-divider su-divider-style-dashed\" style=\"margin:40px 0;border-width:2px;border-color:#e2e2e2\"><\/div>\n\n\n<div class=\"su-row\">\n<div class=\"su-column su-column-size-1-3\"><div class=\"su-column-inner su-u-clearfix su-u-trim\">\n<div class=\"su-list\" style=\"margin-left:0px\">\n<ul>\n<li><i class=\"sui sui-link\" style=\"color:#4c6096\"><\/i> <a href=\"http:\/\/www.abermix.com\">Abermix S.A.<\/a><\/li>\n<li><i class=\"sui sui-link\" style=\"color:#4c6096\"><\/i> <a href=\"http:\/\/www.agd.com.ar\/\">Aceitera General Deheza S.A.<\/a><\/li>\n<li><i class=\"sui sui-link\" style=\"color:#4c6096\"><\/i> Aguas Argentinas S.A.<\/li>\n<li><i class=\"sui sui-link\" style=\"color:#4c6096\"><\/i> <a href=\"http:\/\/www.alba.com.ar\/\">Alba S.A.<\/a><\/li>\n<li><i class=\"sui sui-link\" style=\"color:#4c6096\"><\/i> <a href=\"http:\/\/www.allevard-rejna.com\/\">Allevard Rejna Argentina S.A.<\/a><\/li>\n<li><i class=\"sui sui-link\" style=\"color:#4c6096\"><\/i> <a href=\"http:\/\/www.arenahnos.com.ar\/\">Arena Hermanos S.A<\/a><\/li>\n<li><i class=\"sui sui-link\" style=\"color:#4c6096\"><\/i> Armando Donato y CIA S.A<\/li>\n<li><i class=\"sui sui-link\" style=\"color:#4c6096\"><\/i> <a href=\"http:\/\/www.arteche.com\/\">Arteche \u2013 Ait SA<\/a><\/li>\n<li><i class=\"sui sui-link\" style=\"color:#4c6096\"><\/i> <a href=\"http:\/\/www.caucion.com.ar\/\">Aseguradores de Cauciones S.A.<\/a><\/li>\n<li><i class=\"sui sui-link\" style=\"color:#4c6096\"><\/i> <a href=\"http:\/\/www.azafran.com.ar\/\">Azafr\u00e1n<\/a><\/li>\n<li><i class=\"sui sui-link\" style=\"color:#4c6096\"><\/i> <a href=\"http:\/\/www.bancor.com.ar\/\">Banco de la Provincia de C\u00f3rdoba<\/a><\/li>\n<li><i class=\"sui sui-link\" style=\"color:#4c6096\"><\/i> Base1 Construcciones S.R.L.<\/li>\n<li><i class=\"sui sui-link\" style=\"color:#4c6096\"><\/i> <a href=\"http:\/\/www.bombardier.com\/\">Bombardier M\u00e9xico<\/a><\/li>\n<li><i class=\"sui sui-link\" style=\"color:#4c6096\"><\/i> <a href=\"http:\/\/www.brandigital.com\/\">Brandigital-Grupo WPP<\/a><\/li>\n<li><i class=\"sui sui-link\" style=\"color:#4c6096\"><\/i> <a href=\"mailto:http:\/\/bricksrl.com.ar\/\">Brick SRL Empresa Constructora<\/a><\/li>\n<li><i class=\"sui sui-link\" style=\"color:#4c6096\"><\/i> <a href=\"mailto:http:\/\/test.karabitian.com.ar\/\">Carlos Karabitian e Hijos \u2013 Distribuidores Shimano<\/a><\/li>\n<li><i class=\"sui sui-link\" style=\"color:#4c6096\"><\/i> <a href=\"http:\/\/www.castilloyasociados.com.ar\/\">Castillo y Asociados<\/a><\/li>\n<li><i class=\"sui sui-link\" style=\"color:#4c6096\"><\/i> <a href=\"http:\/\/www.groupecat.com.ar\/\">CAT Log\u00edstica S.A.<\/a><\/li>\n<li><i class=\"sui sui-link\" style=\"color:#4c6096\"><\/i> <a href=\"http:\/\/www.cavellaneda.com\/\">Cementos Avellaneda S.A.<\/a><\/li>\n<li><i class=\"sui sui-link\" style=\"color:#4c6096\"><\/i> Color Automotores S.R.L.<\/li>\n<li><i class=\"sui sui-link\" style=\"color:#4c6096\"><\/i> <a href=\"http:\/\/www.colorliving.com.ar\/\">Color Living S.R.L.<\/a><\/li>\n<li><i class=\"sui sui-link\" style=\"color:#4c6096\"><\/i> <a href=\"https:\/\/www.saltogrande.org\">Comisi\u00f3n Tecnica Mixta de Salto Grande<\/a><\/li>\n<li><i class=\"sui sui-link\" style=\"color:#4c6096\"><\/i> <a href=\"http:\/\/www.contigiani.com\/\">Contigiani<\/a><\/li>\n<li><i class=\"sui sui-link\" style=\"color:#4c6096\"><\/i> <a href=\"http:\/\/www.coovilros.com.ar\/\">Coovilros Ltda \u2013 Cooperativa El\u00e9ctrica<\/a><\/li>\n<li><i class=\"sui sui-link\" style=\"color:#4c6096\"><\/i> <a href=\"http:\/\/www.corceblock.com.ar\/\">Corblock S.A.<\/a><\/li>\n<\/ul>\n<\/div>\n<\/div><\/div>\n<div class=\"su-column su-column-size-1-3\"><div class=\"su-column-inner su-u-clearfix su-u-trim\">\n<div class=\"su-list\" style=\"margin-left:0px\">\n<ul>\n<li><i class=\"sui sui-link\" style=\"color:#4c6096\"><\/i> <a href=\"http:\/\/www.corrugadoracentro.com.ar\/\">Corrugadora Centro S.A.<\/a><\/li>\n<li><i class=\"sui sui-link\" style=\"color:#4c6096\"><\/i> <a href=\"http:\/\/luque.coop\">Cooperativa de Servicios P\u00fablicos de Luque<\/a><\/li>\n<li><i class=\"sui sui-link\" style=\"color:#4c6096\"><\/i> <a href=\"http:\/\/www.cotecal.com.ar\/\">Cooperativa Telef\u00f3nica de El Calafate \u2013 Cotecal<\/a><\/li>\n<li><i class=\"sui sui-link\" style=\"color:#4c6096\"><\/i> Deseo Confort, Colchones y Sommiers<\/li>\n<li><i class=\"sui sui-link\" style=\"color:#4c6096\"><\/i> <a href=\"http:\/\/www.royjo.com.ar\/\">Distribuidora Royjo S.A.<\/a><\/li>\n<li><i class=\"sui sui-link\" style=\"color:#4c6096\"><\/i> <a href=\"http:\/\/www.afjeans.com.ar\/\">Emintex S.A.<\/a><\/li>\n<li><i class=\"sui sui-link\" style=\"color:#4c6096\"><\/i> <a href=\"http:\/\/www.diquecito.com.ar\/\">El Diquecito Health Resort<\/a><\/li>\n<li><i class=\"sui sui-link\" style=\"color:#4c6096\"><\/i> <a href=\"http:\/\/www.epec.com.ar\/\">Empresa Provincial de Energ\u00eda C\u00f3rdoba \u2013 EPEC<\/a><\/li>\n<li><i class=\"sui sui-link\" style=\"color:#4c6096\"><\/i> <a href=\"http:\/\/www.esur.com.ar\/\">Estancias del Sur<\/a><\/li>\n<li><i class=\"sui sui-link\" style=\"color:#4c6096\"><\/i> <a href=\"http:\/\/www.castilloyasociados.com.ar\/\">Estudio Castillo y Asociados<\/a><\/li>\n<li><i class=\"sui sui-link\" style=\"color:#4c6096\"><\/i> <a href=\"http:\/\/www.fabricasrl.com.ar\/\">F\u00e1brica S.R.L.<\/a><\/li>\n<li><i class=\"sui sui-link\" style=\"color:#4c6096\"><\/i> <a href=\"http:\/\/www.farreosella.com.ar\/\">Farr\u00e9 Osella<\/a><\/li>\n<li><i class=\"sui sui-link\" style=\"color:#4c6096\"><\/i> <a href=\"http:\/\/www.fiat.com.ar\/\">FIAT Auto Argentina<\/a><\/li>\n<li><i class=\"sui sui-link\" style=\"color:#4c6096\"><\/i> <a href=\"http:\/\/www.arqfwap.com\/\">Fwap \u2013 Arquitectos<\/a><\/li>\n<li><i class=\"sui sui-link\" style=\"color:#4c6096\"><\/i> <a href=\"http:\/\/www.palmero.com\/\">Grupo Palmero<\/a><\/li>\n<li><i class=\"sui sui-link\" style=\"color:#4c6096\"><\/i> <a href=\"http:\/\/www.ideared.org\/\">IDEA \u2013 Instituto para el Desarrollo Empresarial Argentino<\/a><\/li>\n<li><i class=\"sui sui-link\" style=\"color:#4c6096\"><\/i> <a href=\"http:\/\/www.infas.com.ar\/\">Infas S.R.L.<\/a><\/li>\n<li><i class=\"sui sui-link\" style=\"color:#4c6096\"><\/i> Instituto del Diagn\u00f3stico \u2013 R\u00edo Tercero<\/li>\n<li><i class=\"sui sui-link\" style=\"color:#4c6096\"><\/i> <a href=\"http:\/\/www.johnsoncontrols.com\/\">Johnson Controls<\/a><\/li>\n<li><i class=\"sui sui-link\" style=\"color:#4c6096\"><\/i> Laboratorios Infamed<\/li>\n<li><i class=\"sui sui-link\" style=\"color:#4c6096\"><\/i> <a href=\"http:\/\/www.lalacteo.com\/\">La Lacteo SA<\/a><\/li>\n<li><i class=\"sui sui-link\" style=\"color:#4c6096\"><\/i> <a href=\"http:\/\/www.lavoz.com.ar\/\">La Voz del Interior S.A.<\/a><\/li>\n<li><i class=\"sui sui-link\" style=\"color:#4c6096\"><\/i> <a href=\"http:\/\/www.lojack.com.ar\/\">LoJack<\/a><\/li>\n<li><i class=\"sui sui-link\" style=\"color:#4c6096\"><\/i> <a href=\"http:\/\/www.premoldeadoscelotti.com\/\">Luis Celotti e Hijo<\/a><\/li>\n<\/ul>\n<\/div>\n<\/div><\/div>\n<div class=\"su-column su-column-size-1-3\"><div class=\"su-column-inner su-u-clearfix su-u-trim\">\n<div class=\"su-list\" style=\"margin-left:0px\">\n<ul>\n<li><i class=\"sui sui-link\" style=\"color:#4c6096\"><\/i> <a href=\"http:\/\/www.mahle.com\/\">Mahle Argentina<\/a><\/li>\n<li><i class=\"sui sui-link\" style=\"color:#4c6096\"><\/i> <a href=\"http:\/\/www.manisur.com.ar\/\">Manisur<\/a><\/li>\n<li><i class=\"sui sui-link\" style=\"color:#4c6096\"><\/i> <a href=\"http:\/\/www.elinmobiliario.com\/\">Modelos Digitales \u2013 elinmobiliario.com<\/a><\/li>\n<li><i class=\"sui sui-link\" style=\"color:#4c6096\"><\/i> <a href=\"http:\/\/www.natura.net\/\">Natura Cosm\u00e9ticos S.A.<\/a><\/li>\n<li><i class=\"sui sui-link\" style=\"color:#4c6096\"><\/i> <a href=\"http:\/\/www.oycnet.com.ar\/\">Ortiz y C\u00eda<\/a><\/li>\n<li><i class=\"sui sui-link\" style=\"color:#4c6096\"><\/i> <a href=\"http:\/\/www.packingsa.com.ar\">Packing S.A.<\/a><\/li>\n<li><i class=\"sui sui-link\" style=\"color:#4c6096\"><\/i> <a href=\"http:\/\/www.papeleracumbre.com\/\">Papelera Cumbre S.A.<\/a><\/li>\n<li><i class=\"sui sui-link\" style=\"color:#4c6096\"><\/i> <a href=\"http:\/\/www.petrobras.com.ar\/\">Petrobras<\/a><\/li>\n<li><i class=\"sui sui-link\" style=\"color:#4c6096\"><\/i> <a href=\"http:\/\/www.polybelcba.com.ar\/\">Poly-Bel<\/a><\/li>\n<li><i class=\"sui sui-link\" style=\"color:#4c6096\"><\/i> <a href=\"http:\/\/www.puntadelagua.com.ar\">Punta del Agua &#8211; Grupo Gagliardi<\/a><\/li>\n<li><i class=\"sui sui-link\" style=\"color:#4c6096\"><\/i> <a href=\"http:\/\/www.quickfood.com.ar\/\">Quickfood<\/a><\/li>\n<li><i class=\"sui sui-link\" style=\"color:#4c6096\"><\/i> <a href=\"http:\/\/www.renault.com.ar\/\">Renault Argentina<\/a><\/li>\n<li><i class=\"sui sui-link\" style=\"color:#4c6096\"><\/i> <a href=\"http:\/\/www.rieter.com\/\">Rieter<\/a><\/li>\n<li><i class=\"sui sui-link\" style=\"color:#4c6096\"><\/i> <a href=\"http:\/\/www.roggio.com.ar\/\">Roggio<\/a><\/li>\n<li><i class=\"sui sui-link\" style=\"color:#4c6096\"><\/i> Royal Bank Of Canada<\/li>\n<li><i class=\"sui sui-link\" style=\"color:#4c6096\"><\/i> <a href=\"http:\/\/www.sancorseguros.com\/\">Sancor Seguros\u00a0<\/a><\/li>\n<li><i class=\"sui sui-link\" style=\"color:#4c6096\"><\/i> <a href=\"http:\/\/www.sidalsa.com.ar\/\">Sidal S.A.<\/a><\/li>\n<li><i class=\"sui sui-link\" style=\"color:#4c6096\"><\/i> <a href=\"http:\/\/www.sohipren.com\/\">Sohipren<\/a><\/li>\n<li><i class=\"sui sui-link\" style=\"color:#4c6096\"><\/i> <a href=\"http:\/\/www.starbene.com\/\">Starbene<\/a><\/li>\n<li><i class=\"sui sui-link\" style=\"color:#4c6096\"><\/i> <a href=\"http:\/\/www.stoller.com.ar\/\">Stoller SA<\/a><\/li>\n<li><i class=\"sui sui-link\" style=\"color:#4c6096\"><\/i> <a href=\"http:\/\/www.taranto.com.ar\/\">Taranto S.A.<\/a><\/li>\n<li><i class=\"sui sui-link\" style=\"color:#4c6096\"><\/i> <a href=\"http:\/\/neumovent.com\">TECME &#8211; Neumovent<\/a><\/li>\n<li><i class=\"sui sui-link\" style=\"color:#4c6096\"><\/i> <a href=\"http:\/\/www.tte.com.ar\/\">Tubos Trans Electric S.A.<\/a><\/li>\n<li><i class=\"sui sui-link\" style=\"color:#4c6096\"><\/i> <a href=\"http:\/\/www.vitnik.com\/\">Vitnik<\/a><\/li>\n<li><i class=\"sui sui-link\" style=\"color:#4c6096\"><\/i> <a href=\"http:\/\/wwww.volkswagen.com.ar\/\">Volkswagen Argentina<\/a><\/li>\n<li><i class=\"sui sui-link\" style=\"color:#4c6096\"><\/i> <a href=\"http:\/\/www.windy.com.ar\/\">Windy Lacteos<\/a><\/li>\n<\/ul>\n<\/div>\n<\/div><\/div>\n<\/div>\n","protected":false},"excerpt":{"rendered":"<p>&#8220;Nosotros debemos ser el cambio que queremos ver en el&#8230; <\/p>\n","protected":false},"author":4,"featured_media":0,"parent":0,"menu_order":0,"comment_status":"closed","ping_status":"open","template":"template-full-width.php","meta":{"_acf_changed":false,"_crdt_document":"","footnotes":""},"class_list":["post-354","page","type-page","status-publish","hentry"],"acf":[],"yoast_head":"<!-- This site is optimized with the Yoast SEO plugin v27.3 - https:\/\/yoast.com\/product\/yoast-seo-wordpress\/ -->\n<title>Nuestros Clientes - Action Group, Education &amp; Consulting<\/title>\n<meta name=\"description\" content=\"&quot;Nosotros debemos ser el cambio que queremos ver en el mundo.&quot;Mahatma Gandhi. Nuestra trayectoria de m\u00e1s de 25 a\u00f1os nos permiti\u00f3 colaborar con\" \/>\n<meta name=\"robots\" content=\"index, follow, max-snippet:-1, max-image-preview:large, max-video-preview:-1\" \/>\n<link rel=\"canonical\" href=\"https:\/\/actiongroup.com.ar\/es\/nuestros-clientes\/\" \/>\n<meta property=\"og:locale\" content=\"es_ES\" \/>\n<meta property=\"og:type\" content=\"article\" \/>\n<meta property=\"og:title\" content=\"Nuestros Clientes - Action Group, Education &amp; Consulting\" \/>\n<meta property=\"og:description\" content=\"&quot;Nosotros debemos ser el cambio que queremos ver en el mundo.&quot;Mahatma Gandhi. Nuestra trayectoria de m\u00e1s de 25 a\u00f1os nos permiti\u00f3 colaborar con\" \/>\n<meta property=\"og:url\" content=\"https:\/\/actiongroup.com.ar\/es\/nuestros-clientes\/\" \/>\n<meta property=\"og:site_name\" content=\"Action Group, Education &amp; Consulting\" \/>\n<meta property=\"article:publisher\" content=\"https:\/\/web.facebook.com\/ActionGroup\/?ref=ts&amp;amp%3bamp%3bamp%3bfref=ts\" \/>\n<meta property=\"article:modified_time\" content=\"2025-08-31T02:45:57+00:00\" \/>\n<meta name=\"twitter:card\" content=\"summary_large_image\" \/>\n<meta name=\"twitter:site\" content=\"@actiongroup_ar\" \/>\n<meta name=\"twitter:label1\" content=\"Tiempo de lectura\" \/>\n\t<meta name=\"twitter:data1\" content=\"2 minutos\" \/>\n<script type=\"application\/ld+json\" class=\"yoast-schema-graph\">{\"@context\":\"https:\\\/\\\/schema.org\",\"@graph\":[{\"@type\":\"WebPage\",\"@id\":\"https:\\\/\\\/actiongroup.com.ar\\\/nuestros-clientes\\\/\",\"url\":\"https:\\\/\\\/actiongroup.com.ar\\\/nuestros-clientes\\\/\",\"name\":\"Nuestros Clientes - Action Group, Education &amp; Consulting\",\"isPartOf\":{\"@id\":\"https:\\\/\\\/actiongroup.com.ar\\\/#website\"},\"datePublished\":\"2011-02-04T00:21:01+00:00\",\"dateModified\":\"2025-08-31T02:45:57+00:00\",\"description\":\"\\\"Nosotros debemos ser el cambio que queremos ver en el mundo.\\\"Mahatma Gandhi. Nuestra trayectoria de m\u00e1s de 25 a\u00f1os nos permiti\u00f3 colaborar con\",\"breadcrumb\":{\"@id\":\"https:\\\/\\\/actiongroup.com.ar\\\/nuestros-clientes\\\/#breadcrumb\"},\"inLanguage\":\"es-AR\",\"potentialAction\":[{\"@type\":\"ReadAction\",\"target\":[\"https:\\\/\\\/actiongroup.com.ar\\\/nuestros-clientes\\\/\"]}]},{\"@type\":\"BreadcrumbList\",\"@id\":\"https:\\\/\\\/actiongroup.com.ar\\\/nuestros-clientes\\\/#breadcrumb\",\"itemListElement\":[{\"@type\":\"ListItem\",\"position\":1,\"name\":\"Home\",\"item\":\"https:\\\/\\\/actiongroup.com.ar\\\/\"},{\"@type\":\"ListItem\",\"position\":2,\"name\":\"Nuestros Clientes\"}]},{\"@type\":\"WebSite\",\"@id\":\"https:\\\/\\\/actiongroup.com.ar\\\/#website\",\"url\":\"https:\\\/\\\/actiongroup.com.ar\\\/\",\"name\":\"Action Group, Education &amp; Consulting\",\"description\":\"Desarrollo Organizacional, Excelencia Operacional, RRHH y Selecci\u00f3n\",\"publisher\":{\"@id\":\"https:\\\/\\\/actiongroup.com.ar\\\/#organization\"},\"potentialAction\":[{\"@type\":\"SearchAction\",\"target\":{\"@type\":\"EntryPoint\",\"urlTemplate\":\"https:\\\/\\\/actiongroup.com.ar\\\/?s={search_term_string}\"},\"query-input\":{\"@type\":\"PropertyValueSpecification\",\"valueRequired\":true,\"valueName\":\"search_term_string\"}}],\"inLanguage\":\"es-AR\"},{\"@type\":\"Organization\",\"@id\":\"https:\\\/\\\/actiongroup.com.ar\\\/#organization\",\"name\":\"Action Group, Education & Consulting\",\"url\":\"https:\\\/\\\/actiongroup.com.ar\\\/\",\"logo\":{\"@type\":\"ImageObject\",\"inLanguage\":\"es-AR\",\"@id\":\"https:\\\/\\\/actiongroup.com.ar\\\/#\\\/schema\\\/logo\\\/image\\\/\",\"url\":\"https:\\\/\\\/i1.wp.com\\\/www.actiongroup.com.ar\\\/wp-content\\\/uploads\\\/2016\\\/10\\\/logo.png?fit=342%2C69\",\"contentUrl\":\"https:\\\/\\\/i1.wp.com\\\/www.actiongroup.com.ar\\\/wp-content\\\/uploads\\\/2016\\\/10\\\/logo.png?fit=342%2C69\",\"width\":342,\"height\":69,\"caption\":\"Action Group, Education & Consulting\"},\"image\":{\"@id\":\"https:\\\/\\\/actiongroup.com.ar\\\/#\\\/schema\\\/logo\\\/image\\\/\"},\"sameAs\":[\"https:\\\/\\\/web.facebook.com\\\/ActionGroup\\\/?ref=ts&amp;amp;amp;fref=ts\",\"https:\\\/\\\/x.com\\\/actiongroup_ar\",\"https:\\\/\\\/ar.linkedin.com\\\/in\\\/ra\u00fal-a-perez-verzini-b5213b1\\\/es\"]}]}<\/script>\n<!-- \/ Yoast SEO plugin. -->","yoast_head_json":{"title":"Nuestros Clientes - Action Group, Education &amp; Consulting","description":"\"Nosotros debemos ser el cambio que queremos ver en el mundo.\"Mahatma Gandhi. Nuestra trayectoria de m\u00e1s de 25 a\u00f1os nos permiti\u00f3 colaborar con","robots":{"index":"index","follow":"follow","max-snippet":"max-snippet:-1","max-image-preview":"max-image-preview:large","max-video-preview":"max-video-preview:-1"},"canonical":"https:\/\/actiongroup.com.ar\/es\/nuestros-clientes\/","og_locale":"es_ES","og_type":"article","og_title":"Nuestros Clientes - Action Group, Education &amp; Consulting","og_description":"\"Nosotros debemos ser el cambio que queremos ver en el mundo.\"Mahatma Gandhi. Nuestra trayectoria de m\u00e1s de 25 a\u00f1os nos permiti\u00f3 colaborar con","og_url":"https:\/\/actiongroup.com.ar\/es\/nuestros-clientes\/","og_site_name":"Action Group, Education &amp; Consulting","article_publisher":"https:\/\/web.facebook.com\/ActionGroup\/?ref=ts&amp%3bamp%3bamp%3bfref=ts","article_modified_time":"2025-08-31T02:45:57+00:00","twitter_card":"summary_large_image","twitter_site":"@actiongroup_ar","twitter_misc":{"Tiempo de lectura":"2 minutos"},"schema":{"@context":"https:\/\/schema.org","@graph":[{"@type":"WebPage","@id":"https:\/\/actiongroup.com.ar\/nuestros-clientes\/","url":"https:\/\/actiongroup.com.ar\/nuestros-clientes\/","name":"Nuestros Clientes - Action Group, Education &amp; Consulting","isPartOf":{"@id":"https:\/\/actiongroup.com.ar\/#website"},"datePublished":"2011-02-04T00:21:01+00:00","dateModified":"2025-08-31T02:45:57+00:00","description":"\"Nosotros debemos ser el cambio que queremos ver en el mundo.\"Mahatma Gandhi. Nuestra trayectoria de m\u00e1s de 25 a\u00f1os nos permiti\u00f3 colaborar con","breadcrumb":{"@id":"https:\/\/actiongroup.com.ar\/nuestros-clientes\/#breadcrumb"},"inLanguage":"es-AR","potentialAction":[{"@type":"ReadAction","target":["https:\/\/actiongroup.com.ar\/nuestros-clientes\/"]}]},{"@type":"BreadcrumbList","@id":"https:\/\/actiongroup.com.ar\/nuestros-clientes\/#breadcrumb","itemListElement":[{"@type":"ListItem","position":1,"name":"Home","item":"https:\/\/actiongroup.com.ar\/"},{"@type":"ListItem","position":2,"name":"Nuestros Clientes"}]},{"@type":"WebSite","@id":"https:\/\/actiongroup.com.ar\/#website","url":"https:\/\/actiongroup.com.ar\/","name":"Action Group, Education &amp; Consulting","description":"Desarrollo Organizacional, Excelencia Operacional, RRHH y Selecci\u00f3n","publisher":{"@id":"https:\/\/actiongroup.com.ar\/#organization"},"potentialAction":[{"@type":"SearchAction","target":{"@type":"EntryPoint","urlTemplate":"https:\/\/actiongroup.com.ar\/?s={search_term_string}"},"query-input":{"@type":"PropertyValueSpecification","valueRequired":true,"valueName":"search_term_string"}}],"inLanguage":"es-AR"},{"@type":"Organization","@id":"https:\/\/actiongroup.com.ar\/#organization","name":"Action Group, Education & Consulting","url":"https:\/\/actiongroup.com.ar\/","logo":{"@type":"ImageObject","inLanguage":"es-AR","@id":"https:\/\/actiongroup.com.ar\/#\/schema\/logo\/image\/","url":"https:\/\/i1.wp.com\/www.actiongroup.com.ar\/wp-content\/uploads\/2016\/10\/logo.png?fit=342%2C69","contentUrl":"https:\/\/i1.wp.com\/www.actiongroup.com.ar\/wp-content\/uploads\/2016\/10\/logo.png?fit=342%2C69","width":342,"height":69,"caption":"Action Group, Education & Consulting"},"image":{"@id":"https:\/\/actiongroup.com.ar\/#\/schema\/logo\/image\/"},"sameAs":["https:\/\/web.facebook.com\/ActionGroup\/?ref=ts&amp;amp;amp;fref=ts","https:\/\/x.com\/actiongroup_ar","https:\/\/ar.linkedin.com\/in\/ra\u00fal-a-perez-verzini-b5213b1\/es"]}]}},"publishpress_future_action":{"enabled":false,"date":"2026-04-13 19:33:04","action":"change-status","newStatus":"draft","terms":[],"taxonomy":"","extraData":[]},"publishpress_future_workflow_manual_trigger":{"enabledWorkflows":[]},"_links":{"self":[{"href":"https:\/\/actiongroup.com.ar\/es\/wp-json\/wp\/v2\/pages\/354","targetHints":{"allow":["GET"]}}],"collection":[{"href":"https:\/\/actiongroup.com.ar\/es\/wp-json\/wp\/v2\/pages"}],"about":[{"href":"https:\/\/actiongroup.com.ar\/es\/wp-json\/wp\/v2\/types\/page"}],"author":[{"embeddable":true,"href":"https:\/\/actiongroup.com.ar\/es\/wp-json\/wp\/v2\/users\/4"}],"replies":[{"embeddable":true,"href":"https:\/\/actiongroup.com.ar\/es\/wp-json\/wp\/v2\/comments?post=354"}],"version-history":[{"count":15,"href":"https:\/\/actiongroup.com.ar\/es\/wp-json\/wp\/v2\/pages\/354\/revisions"}],"predecessor-version":[{"id":17678,"href":"https:\/\/actiongroup.com.ar\/es\/wp-json\/wp\/v2\/pages\/354\/revisions\/17678"}],"wp:attachment":[{"href":"https:\/\/actiongroup.com.ar\/es\/wp-json\/wp\/v2\/media?parent=354"}],"curies":[{"name":"wp","href":"https:\/\/api.w.org\/{rel}","templated":true}]}}