{"id":402,"date":"2011-02-06T19:08:04","date_gmt":"2011-02-06T22:08:04","guid":{"rendered":"http:\/\/actiongroup.com.ar\/?page_id=402"},"modified":"2016-09-28T14:53:41","modified_gmt":"2016-09-28T17:53:41","slug":"nuestra-vision","status":"publish","type":"page","link":"https:\/\/actiongroup.com.ar\/es\/nuestra-vision\/","title":{"rendered":"Nuestra Visi\u00f3n"},"content":{"rendered":"<p style=\"text-align: left;\"><div class=\"su-row\">\n<div class=\"su-column su-column-size-1-3\"><div class=\"su-column-inner su-u-clearfix su-u-trim\">\n<h3><img loading=\"lazy\" decoding=\"async\" class=\"aligncenter wp-image-2802 size-thumbnail\" src=\"http:\/\/actiongroup.com.ar\/wp-content\/uploads\/2011\/02\/time-90x90.png\" alt=\"time\" width=\"90\" height=\"90\" srcset=\"https:\/\/actiongroup.com.ar\/wp-content\/uploads\/2011\/02\/time-90x90.png 90w, https:\/\/actiongroup.com.ar\/wp-content\/uploads\/2011\/02\/time-300x300.png 300w, https:\/\/actiongroup.com.ar\/wp-content\/uploads\/2011\/02\/time.png 512w\" sizes=\"auto, (max-width: 90px) 100vw, 90px\" \/><\/h3>\n<h3 style=\"text-align: center;\">Tiempo de Respuesta (Time to Market)<\/h3>\n<p>En la era de la competitividad no es el m\u00e1s fuerte quien vence al m\u00e1s d\u00e9bil, sino el m\u00e1s veloz en responder a los dr\u00e1sticos y r\u00e1pidos cambios en la demanda y las expectativas de los clientes.<\/p>\n<p>Para ser veloz, la organizaci\u00f3n necesita ser magra y flexible, autogestionada en todas las \u00e1reas y en especial en la base de la empresa.<\/p>\n<p>Cuando los problemas comienzan a ser resueltos en el lugar donde ellos ocurren, el tiempo de respuesta se reduce r\u00e1pidamente, los costos bajan y las mejor\u00edas en los equipamientos, procesos y productos aumentan.<\/p>\n<p>La empresa aprende, hace m\u00e1s que lo necesario para sobrevivir. Se asegura conquistar los conocimientos que lleva en su seno y los del entorno. De esta forma se encamina a la creaci\u00f3n de su propio futuro.<\/p>\n<\/div><\/div>\n<div class=\"su-column su-column-size-1-3\"><div class=\"su-column-inner su-u-clearfix su-u-trim\">\n<h3><img loading=\"lazy\" decoding=\"async\" class=\"aligncenter wp-image-2804 size-thumbnail\" src=\"http:\/\/actiongroup.com.ar\/wp-content\/uploads\/2011\/02\/rank-90x90.png\" alt=\"rank\" width=\"90\" height=\"90\" srcset=\"https:\/\/actiongroup.com.ar\/wp-content\/uploads\/2011\/02\/rank-90x90.png 90w, https:\/\/actiongroup.com.ar\/wp-content\/uploads\/2011\/02\/rank-300x300.png 300w, https:\/\/actiongroup.com.ar\/wp-content\/uploads\/2011\/02\/rank.png 512w\" sizes=\"auto, (max-width: 90px) 100vw, 90px\" \/><\/h3>\n<h3 style=\"text-align: center;\">Lo que no Agrega Valor es P\u00e9rdida<\/h3>\n<p>La empresa busca siempre m\u00e1s productividad (productos y servicios de mayor calidad y a menor costo), en tanto que el empleado busca mejorar las condiciones de trabajo, asegurando al mismo tiempo su propia &#8220;empleabilidad&#8221;.<\/p>\n<p>Sin embargo, las p\u00e9rdidas existen en todo proceso organizacional. En las \u00e1reas productivas ellas son m\u00e1s f\u00e1ciles de identificar mientras que en los procesos administrativos las p\u00e9rdidas son menos perceptibles y frecuentemente mayores.<\/p>\n<p>El Sistema de Gerenciamiento Empresarial que propone Action Group, permite observar las brechas existentes entre la condici\u00f3n ideal y la situaci\u00f3n real en todos los activos y\/o procesos de la organizaci\u00f3n para que sea posible medir la distancia (deterioro) y establecer metas de recuperaci\u00f3n, lo que asegurar\u00e1 mayor capacidad a los procesos inversiones m\u00ednimas.<\/p>\n<p>A trav\u00e9s de la identificaci\u00f3n de las p\u00e9rdidas existentes en la compa\u00f1\u00eda y de su transformaci\u00f3n en oportunidades de mejor\u00eda, se promover\u00e1n reducciones dr\u00e1sticas de costos que permitir\u00e1n una mayor competitividad.<\/p>\n<\/div><\/div>\n<div class=\"su-column su-column-size-1-3\"><div class=\"su-column-inner su-u-clearfix su-u-trim\">\n<h3><img loading=\"lazy\" decoding=\"async\" class=\"aligncenter wp-image-2803 size-thumbnail\" src=\"http:\/\/actiongroup.com.ar\/wp-content\/uploads\/2011\/02\/organization-90x90.png\" alt=\"organization\" width=\"90\" height=\"90\" srcset=\"https:\/\/actiongroup.com.ar\/wp-content\/uploads\/2011\/02\/organization-90x90.png 90w, https:\/\/actiongroup.com.ar\/wp-content\/uploads\/2011\/02\/organization-300x300.png 300w, https:\/\/actiongroup.com.ar\/wp-content\/uploads\/2011\/02\/organization.png 512w\" sizes=\"auto, (max-width: 90px) 100vw, 90px\" \/><\/h3>\n<h3 style=\"text-align: center;\">Cultura Organizacional<\/h3>\n<p>A menudo o\u00edmos hablar en las empresas de la necesidad de Cambio Cultural, pero pocas son las compa\u00f1\u00edas que realmente logran efectuarlo.<\/p>\n<p>A trav\u00e9s de una metodolog\u00eda de gesti\u00f3n eminentemente pr\u00e1ctica basada en el desarrollo de las habilidades de las personas puede efectivizarse r\u00e1pidamente el Cambio Cultural deseado.<\/p>\n<p>Con enfoque en las herramientas cotidianas de trabajo (equipamientos o informaci\u00f3n), la metodolog\u00eda ense\u00f1a a extraer conocimientos espec\u00edficos de esa acci\u00f3n para transformarlos en material did\u00e1ctico y as\u00ed movilizar a las personas hacia una cultura del aprendizaje continuo.<\/p>\n<p>El efecto multiplicador de los conocimientos a trav\u00e9s de la transmisi\u00f3n horizontal hecha por todos los integrantes de la compa\u00f1\u00eda, potencia los efectos de una reeducaci\u00f3n pr\u00e1ctica y sistem\u00e1tica, generando una energ\u00eda incomparable que convierte a la organizaci\u00f3n en una t\u00edpica empresa que aprende. Learning Organization o de Autogesti\u00f3n.<\/p>\n<\/div><\/div>\n<\/div>\n<h3><\/h3>\n<h3><\/h3>\n<h3><\/h3>\n","protected":false},"excerpt":{"rendered":"","protected":false},"author":4,"featured_media":1626,"parent":0,"menu_order":0,"comment_status":"closed","ping_status":"closed","template":"template-full-width.php","meta":{"_acf_changed":false,"_crdt_document":"","footnotes":""},"class_list":["post-402","page","type-page","status-publish","has-post-thumbnail","hentry"],"acf":[],"yoast_head":"<!-- This site is optimized with the Yoast SEO plugin v27.3 - https:\/\/yoast.com\/product\/yoast-seo-wordpress\/ -->\n<title>Nuestra Visi\u00f3n - Action Group, Education &amp; Consulting<\/title>\n<meta name=\"robots\" content=\"index, follow, max-snippet:-1, max-image-preview:large, max-video-preview:-1\" \/>\n<link rel=\"canonical\" href=\"https:\/\/actiongroup.com.ar\/es\/nuestra-vision\/\" \/>\n<meta property=\"og:locale\" content=\"es_ES\" \/>\n<meta property=\"og:type\" content=\"article\" \/>\n<meta property=\"og:title\" content=\"Nuestra Visi\u00f3n - Action Group, Education &amp; Consulting\" \/>\n<meta property=\"og:url\" content=\"https:\/\/actiongroup.com.ar\/es\/nuestra-vision\/\" \/>\n<meta property=\"og:site_name\" content=\"Action Group, Education &amp; Consulting\" \/>\n<meta property=\"article:publisher\" content=\"https:\/\/web.facebook.com\/ActionGroup\/?ref=ts&amp;amp%3bamp%3bamp%3bfref=ts\" \/>\n<meta property=\"article:modified_time\" content=\"2016-09-28T17:53:41+00:00\" \/>\n<meta property=\"og:image\" content=\"https:\/\/actiongroup.com.ar\/wp-content\/uploads\/2011\/01\/action.png\" \/>\n\t<meta property=\"og:image:width\" content=\"500\" \/>\n\t<meta property=\"og:image:height\" content=\"500\" \/>\n\t<meta property=\"og:image:type\" content=\"image\/png\" \/>\n<meta name=\"twitter:card\" content=\"summary_large_image\" \/>\n<meta name=\"twitter:site\" content=\"@actiongroup_ar\" \/>\n<meta name=\"twitter:label1\" content=\"Tiempo de lectura\" \/>\n\t<meta name=\"twitter:data1\" content=\"3 minutos\" \/>\n<script type=\"application\/ld+json\" class=\"yoast-schema-graph\">{\"@context\":\"https:\\\/\\\/schema.org\",\"@graph\":[{\"@type\":\"WebPage\",\"@id\":\"https:\\\/\\\/actiongroup.com.ar\\\/nuestra-vision\\\/\",\"url\":\"https:\\\/\\\/actiongroup.com.ar\\\/nuestra-vision\\\/\",\"name\":\"Nuestra Visi\u00f3n - Action Group, Education &amp; Consulting\",\"isPartOf\":{\"@id\":\"https:\\\/\\\/actiongroup.com.ar\\\/#website\"},\"primaryImageOfPage\":{\"@id\":\"https:\\\/\\\/actiongroup.com.ar\\\/nuestra-vision\\\/#primaryimage\"},\"image\":{\"@id\":\"https:\\\/\\\/actiongroup.com.ar\\\/nuestra-vision\\\/#primaryimage\"},\"thumbnailUrl\":\"https:\\\/\\\/actiongroup.com.ar\\\/wp-content\\\/uploads\\\/2011\\\/01\\\/action.png\",\"datePublished\":\"2011-02-06T22:08:04+00:00\",\"dateModified\":\"2016-09-28T17:53:41+00:00\",\"breadcrumb\":{\"@id\":\"https:\\\/\\\/actiongroup.com.ar\\\/nuestra-vision\\\/#breadcrumb\"},\"inLanguage\":\"es-AR\",\"potentialAction\":[{\"@type\":\"ReadAction\",\"target\":[\"https:\\\/\\\/actiongroup.com.ar\\\/nuestra-vision\\\/\"]}]},{\"@type\":\"ImageObject\",\"inLanguage\":\"es-AR\",\"@id\":\"https:\\\/\\\/actiongroup.com.ar\\\/nuestra-vision\\\/#primaryimage\",\"url\":\"https:\\\/\\\/actiongroup.com.ar\\\/wp-content\\\/uploads\\\/2011\\\/01\\\/action.png\",\"contentUrl\":\"https:\\\/\\\/actiongroup.com.ar\\\/wp-content\\\/uploads\\\/2011\\\/01\\\/action.png\",\"width\":500,\"height\":500},{\"@type\":\"BreadcrumbList\",\"@id\":\"https:\\\/\\\/actiongroup.com.ar\\\/nuestra-vision\\\/#breadcrumb\",\"itemListElement\":[{\"@type\":\"ListItem\",\"position\":1,\"name\":\"Home\",\"item\":\"https:\\\/\\\/actiongroup.com.ar\\\/\"},{\"@type\":\"ListItem\",\"position\":2,\"name\":\"Nuestra Visi\u00f3n\"}]},{\"@type\":\"WebSite\",\"@id\":\"https:\\\/\\\/actiongroup.com.ar\\\/#website\",\"url\":\"https:\\\/\\\/actiongroup.com.ar\\\/\",\"name\":\"Action Group, Education &amp; Consulting\",\"description\":\"Desarrollo Organizacional, Excelencia Operacional, RRHH y Selecci\u00f3n\",\"publisher\":{\"@id\":\"https:\\\/\\\/actiongroup.com.ar\\\/#organization\"},\"potentialAction\":[{\"@type\":\"SearchAction\",\"target\":{\"@type\":\"EntryPoint\",\"urlTemplate\":\"https:\\\/\\\/actiongroup.com.ar\\\/?s={search_term_string}\"},\"query-input\":{\"@type\":\"PropertyValueSpecification\",\"valueRequired\":true,\"valueName\":\"search_term_string\"}}],\"inLanguage\":\"es-AR\"},{\"@type\":\"Organization\",\"@id\":\"https:\\\/\\\/actiongroup.com.ar\\\/#organization\",\"name\":\"Action Group, Education & Consulting\",\"url\":\"https:\\\/\\\/actiongroup.com.ar\\\/\",\"logo\":{\"@type\":\"ImageObject\",\"inLanguage\":\"es-AR\",\"@id\":\"https:\\\/\\\/actiongroup.com.ar\\\/#\\\/schema\\\/logo\\\/image\\\/\",\"url\":\"https:\\\/\\\/i1.wp.com\\\/www.actiongroup.com.ar\\\/wp-content\\\/uploads\\\/2016\\\/10\\\/logo.png?fit=342%2C69\",\"contentUrl\":\"https:\\\/\\\/i1.wp.com\\\/www.actiongroup.com.ar\\\/wp-content\\\/uploads\\\/2016\\\/10\\\/logo.png?fit=342%2C69\",\"width\":342,\"height\":69,\"caption\":\"Action Group, Education & Consulting\"},\"image\":{\"@id\":\"https:\\\/\\\/actiongroup.com.ar\\\/#\\\/schema\\\/logo\\\/image\\\/\"},\"sameAs\":[\"https:\\\/\\\/web.facebook.com\\\/ActionGroup\\\/?ref=ts&amp;amp;amp;fref=ts\",\"https:\\\/\\\/x.com\\\/actiongroup_ar\",\"https:\\\/\\\/ar.linkedin.com\\\/in\\\/ra\u00fal-a-perez-verzini-b5213b1\\\/es\"]}]}<\/script>\n<!-- \/ Yoast SEO plugin. -->","yoast_head_json":{"title":"Nuestra Visi\u00f3n - Action Group, Education &amp; Consulting","robots":{"index":"index","follow":"follow","max-snippet":"max-snippet:-1","max-image-preview":"max-image-preview:large","max-video-preview":"max-video-preview:-1"},"canonical":"https:\/\/actiongroup.com.ar\/es\/nuestra-vision\/","og_locale":"es_ES","og_type":"article","og_title":"Nuestra Visi\u00f3n - Action Group, Education &amp; Consulting","og_url":"https:\/\/actiongroup.com.ar\/es\/nuestra-vision\/","og_site_name":"Action Group, Education &amp; Consulting","article_publisher":"https:\/\/web.facebook.com\/ActionGroup\/?ref=ts&amp%3bamp%3bamp%3bfref=ts","article_modified_time":"2016-09-28T17:53:41+00:00","og_image":[{"width":500,"height":500,"url":"https:\/\/actiongroup.com.ar\/wp-content\/uploads\/2011\/01\/action.png","type":"image\/png"}],"twitter_card":"summary_large_image","twitter_site":"@actiongroup_ar","twitter_misc":{"Tiempo de lectura":"3 minutos"},"schema":{"@context":"https:\/\/schema.org","@graph":[{"@type":"WebPage","@id":"https:\/\/actiongroup.com.ar\/nuestra-vision\/","url":"https:\/\/actiongroup.com.ar\/nuestra-vision\/","name":"Nuestra Visi\u00f3n - Action Group, Education &amp; Consulting","isPartOf":{"@id":"https:\/\/actiongroup.com.ar\/#website"},"primaryImageOfPage":{"@id":"https:\/\/actiongroup.com.ar\/nuestra-vision\/#primaryimage"},"image":{"@id":"https:\/\/actiongroup.com.ar\/nuestra-vision\/#primaryimage"},"thumbnailUrl":"https:\/\/actiongroup.com.ar\/wp-content\/uploads\/2011\/01\/action.png","datePublished":"2011-02-06T22:08:04+00:00","dateModified":"2016-09-28T17:53:41+00:00","breadcrumb":{"@id":"https:\/\/actiongroup.com.ar\/nuestra-vision\/#breadcrumb"},"inLanguage":"es-AR","potentialAction":[{"@type":"ReadAction","target":["https:\/\/actiongroup.com.ar\/nuestra-vision\/"]}]},{"@type":"ImageObject","inLanguage":"es-AR","@id":"https:\/\/actiongroup.com.ar\/nuestra-vision\/#primaryimage","url":"https:\/\/actiongroup.com.ar\/wp-content\/uploads\/2011\/01\/action.png","contentUrl":"https:\/\/actiongroup.com.ar\/wp-content\/uploads\/2011\/01\/action.png","width":500,"height":500},{"@type":"BreadcrumbList","@id":"https:\/\/actiongroup.com.ar\/nuestra-vision\/#breadcrumb","itemListElement":[{"@type":"ListItem","position":1,"name":"Home","item":"https:\/\/actiongroup.com.ar\/"},{"@type":"ListItem","position":2,"name":"Nuestra Visi\u00f3n"}]},{"@type":"WebSite","@id":"https:\/\/actiongroup.com.ar\/#website","url":"https:\/\/actiongroup.com.ar\/","name":"Action Group, Education &amp; Consulting","description":"Desarrollo Organizacional, Excelencia Operacional, RRHH y Selecci\u00f3n","publisher":{"@id":"https:\/\/actiongroup.com.ar\/#organization"},"potentialAction":[{"@type":"SearchAction","target":{"@type":"EntryPoint","urlTemplate":"https:\/\/actiongroup.com.ar\/?s={search_term_string}"},"query-input":{"@type":"PropertyValueSpecification","valueRequired":true,"valueName":"search_term_string"}}],"inLanguage":"es-AR"},{"@type":"Organization","@id":"https:\/\/actiongroup.com.ar\/#organization","name":"Action Group, Education & Consulting","url":"https:\/\/actiongroup.com.ar\/","logo":{"@type":"ImageObject","inLanguage":"es-AR","@id":"https:\/\/actiongroup.com.ar\/#\/schema\/logo\/image\/","url":"https:\/\/i1.wp.com\/www.actiongroup.com.ar\/wp-content\/uploads\/2016\/10\/logo.png?fit=342%2C69","contentUrl":"https:\/\/i1.wp.com\/www.actiongroup.com.ar\/wp-content\/uploads\/2016\/10\/logo.png?fit=342%2C69","width":342,"height":69,"caption":"Action Group, Education & Consulting"},"image":{"@id":"https:\/\/actiongroup.com.ar\/#\/schema\/logo\/image\/"},"sameAs":["https:\/\/web.facebook.com\/ActionGroup\/?ref=ts&amp;amp;amp;fref=ts","https:\/\/x.com\/actiongroup_ar","https:\/\/ar.linkedin.com\/in\/ra\u00fal-a-perez-verzini-b5213b1\/es"]}]}},"publishpress_future_action":{"enabled":false,"date":"2026-04-16 00:10:20","action":"change-status","newStatus":"draft","terms":[],"taxonomy":"","extraData":[]},"publishpress_future_workflow_manual_trigger":{"enabledWorkflows":[]},"_links":{"self":[{"href":"https:\/\/actiongroup.com.ar\/es\/wp-json\/wp\/v2\/pages\/402","targetHints":{"allow":["GET"]}}],"collection":[{"href":"https:\/\/actiongroup.com.ar\/es\/wp-json\/wp\/v2\/pages"}],"about":[{"href":"https:\/\/actiongroup.com.ar\/es\/wp-json\/wp\/v2\/types\/page"}],"author":[{"embeddable":true,"href":"https:\/\/actiongroup.com.ar\/es\/wp-json\/wp\/v2\/users\/4"}],"replies":[{"embeddable":true,"href":"https:\/\/actiongroup.com.ar\/es\/wp-json\/wp\/v2\/comments?post=402"}],"version-history":[{"count":0,"href":"https:\/\/actiongroup.com.ar\/es\/wp-json\/wp\/v2\/pages\/402\/revisions"}],"wp:featuredmedia":[{"embeddable":true,"href":"https:\/\/actiongroup.com.ar\/es\/wp-json\/wp\/v2\/media\/1626"}],"wp:attachment":[{"href":"https:\/\/actiongroup.com.ar\/es\/wp-json\/wp\/v2\/media?parent=402"}],"curies":[{"name":"wp","href":"https:\/\/api.w.org\/{rel}","templated":true}]}}